{"id":383,"date":"2017-03-22T16:55:44","date_gmt":"2017-03-22T16:55:44","guid":{"rendered":"https:\/\/www.uca.edu.sv\/gescom\/?page_id=383"},"modified":"2024-09-04T20:26:04","modified_gmt":"2024-09-04T20:26:04","slug":"contacto","status":"publish","type":"page","link":"https:\/\/www.uca.edu.sv\/gescom\/contacto\/","title":{"rendered":"Contacto"},"content":{"rendered":"<div id='av-layout-grid-1'  class='av-layout-grid-container av-l6v650p6-58615f15d9a370adb7dba56e3c0ff12c entry-content-wrapper main_color av-flex-cells  avia-builder-el-0  el_before_av_layout_row  avia-builder-el-first   container_wrap fullsize'  >\n<div class='flex_cell av_one_third av-pahav-e9d13b4efd8d93e0e1c19997bf28662c no_margin  avia-builder-el-1  el_before_av_cell_one_third  avia-builder-el-first ' ><div class='flex_cell_inner'><p>\n<style type=\"text\/css\" data-created_by=\"avia_inline_auto\" id=\"style-css-av-30n3of-78fbd017dbf23b5e9769b708861e90ef\">\n#top .hr.hr-invisible.av-30n3of-78fbd017dbf23b5e9769b708861e90ef{\nheight:55px;\n}\n<\/style>\n<div  class='hr av-30n3of-78fbd017dbf23b5e9769b708861e90ef hr-invisible  avia-builder-el-2  el_before_av_image  avia-builder-el-first  '><span class='hr-inner '><span class=\"hr-inner-style\"><\/span><\/span><\/div><br \/>\n\n<style type=\"text\/css\" data-created_by=\"avia_inline_auto\" id=\"style-css-av-l6v6byrs-738041e7fb6ac071270571eebe77c5e4\">\n.avia-image-container.av-l6v6byrs-738041e7fb6ac071270571eebe77c5e4 .av-image-caption-overlay-center{\ncolor:#ffffff;\n}\n<\/style>\n<div  class='avia-image-container av-l6v6byrs-738041e7fb6ac071270571eebe77c5e4 av-styling-circle avia-align-center  avia-builder-el-3  el_after_av_hr  el_before_av_hr  '  itemprop=\"image\" itemscope=\"itemscope\" itemtype=\"https:\/\/schema.org\/ImageObject\" ><div class=\"avia-image-container-inner\"><div class=\"avia-image-overlay-wrap\"><img class='wp-image-1986 avia-img-lazy-loading-not-1986 avia_image' src=\"https:\/\/www.uca.edu.sv\/gescom\/wp-content\/uploads\/2024\/03\/Guadalupe-admision-279x300.jpg\" alt='' title=''  height=\"300\" width=\"279\"  itemprop=\"thumbnailUrl\" srcset=\"https:\/\/www.uca.edu.sv\/gescom\/wp-content\/uploads\/2024\/03\/Guadalupe-admision-279x300.jpg 279w, https:\/\/www.uca.edu.sv\/gescom\/wp-content\/uploads\/2024\/03\/Guadalupe-admision-956x1030.jpg 956w, https:\/\/www.uca.edu.sv\/gescom\/wp-content\/uploads\/2024\/03\/Guadalupe-admision-768x827.jpg 768w, https:\/\/www.uca.edu.sv\/gescom\/wp-content\/uploads\/2024\/03\/Guadalupe-admision-1426x1536.jpg 1426w, https:\/\/www.uca.edu.sv\/gescom\/wp-content\/uploads\/2024\/03\/Guadalupe-admision-1902x2048.jpg 1902w, https:\/\/www.uca.edu.sv\/gescom\/wp-content\/uploads\/2024\/03\/Guadalupe-admision-1393x1500.jpg 1393w, https:\/\/www.uca.edu.sv\/gescom\/wp-content\/uploads\/2024\/03\/Guadalupe-admision-655x705.jpg 655w\" sizes=\"(max-width: 279px) 100vw, 279px\" \/><\/div><\/div><\/div><br \/>\n\n<style type=\"text\/css\" data-created_by=\"avia_inline_auto\" id=\"style-css-av-2wf7bb-8e223a4a4d1a75d70ea9472a0f5f256d\">\n#top .hr.hr-invisible.av-2wf7bb-8e223a4a4d1a75d70ea9472a0f5f256d{\nheight:10px;\n}\n<\/style>\n<div  class='hr av-2wf7bb-8e223a4a4d1a75d70ea9472a0f5f256d hr-invisible  avia-builder-el-4  el_after_av_image  el_before_av_textblock  '><span class='hr-inner '><span class=\"hr-inner-style\"><\/span><\/span><\/div><br \/>\n<section  class='av_textblock_section av-l6v6ejgg-26f51a1b85ee33471995ae677ba34345 '  itemscope=\"itemscope\" itemtype=\"https:\/\/schema.org\/CreativeWork\" ><div class='avia_textblock '  itemprop=\"text\" ><h4 style=\"text-align: center;\"><strong>Licda. Guadalupe Hern\u00e1ndez<\/strong><\/h4>\n<p style=\"text-align: center;\">Asistente de la Maestr\u00eda en Gesti\u00f3n Estrat\u00e9gica de la Comunicaci\u00f3n<\/p>\n<\/div><\/section><br \/>\n\n<style type=\"text\/css\" data-created_by=\"avia_inline_auto\" id=\"style-css-av-2oijmn-8cb224d0c5c5d50bab11f1992b446d28\">\n#top .hr.hr-invisible.av-2oijmn-8cb224d0c5c5d50bab11f1992b446d28{\nheight:10px;\n}\n<\/style>\n<div  class='hr av-2oijmn-8cb224d0c5c5d50bab11f1992b446d28 hr-invisible  avia-builder-el-6  el_after_av_textblock  el_before_av_textblock  '><span class='hr-inner '><span class=\"hr-inner-style\"><\/span><\/span><\/div><br \/>\n\n<style type=\"text\/css\" data-created_by=\"avia_inline_auto\" id=\"style-css-av-l6v6he3j-744d1cab4faf0a9dfa16def26850b3e0\">\n.av_textblock_section.av-l6v6he3j-744d1cab4faf0a9dfa16def26850b3e0 .avia_textblock{\ncolor:#000000;\n}\n<\/style>\n<section  class='av_textblock_section av-l6v6he3j-744d1cab4faf0a9dfa16def26850b3e0 '  itemscope=\"itemscope\" itemtype=\"https:\/\/schema.org\/CreativeWork\" ><div class='avia_textblock av_inherit_color '  itemprop=\"text\" ><p style=\"text-align: center;\"><strong>Correo:<\/strong> maestria.gestioncomunicacion@uca.edu.sv<strong><br class=\"avia-permanent-lb\" \/><\/strong><\/p>\n<p style=\"text-align: center;\"><strong>Tel\u00e9fono:<\/strong> 2210-6600 ext. 365, 366 y 368<\/p>\n<\/div><\/section><br \/>\n\n<style type=\"text\/css\" data-created_by=\"avia_inline_auto\" id=\"style-css-av-2ih8br-7709485531065627ecec31ffb63299c5\">\n#top .hr.hr-invisible.av-2ih8br-7709485531065627ecec31ffb63299c5{\nheight:40px;\n}\n<\/style>\n<div  class='hr av-2ih8br-7709485531065627ecec31ffb63299c5 hr-invisible  avia-builder-el-8  el_after_av_textblock  avia-builder-el-last  '><span class='hr-inner '><span class=\"hr-inner-style\"><\/span><\/span><\/div><\/p>\n<\/div><\/div><div class='flex_cell av_one_third av-6wgytb-7838ffa065a0782c3e0e7715cdb52749 no_margin  avia-builder-el-9  el_after_av_cell_one_third  el_before_av_cell_one_third ' ><div class='flex_cell_inner'><p>\n<style type=\"text\/css\" data-created_by=\"avia_inline_auto\" id=\"style-css-av-2eukmf-16a6042ed139cff3c7c4beaa06f2d9a0\">\n#top .hr.hr-invisible.av-2eukmf-16a6042ed139cff3c7c4beaa06f2d9a0{\nheight:55px;\n}\n<\/style>\n<div  class='hr av-2eukmf-16a6042ed139cff3c7c4beaa06f2d9a0 hr-invisible  avia-builder-el-10  el_before_av_image  avia-builder-el-first  '><span class='hr-inner '><span class=\"hr-inner-style\"><\/span><\/span><\/div><br \/>\n\n<style type=\"text\/css\" data-created_by=\"avia_inline_auto\" id=\"style-css-av-l6v6jmac-89250b96d105af770e5ebf67663036a2\">\n.avia-image-container.av-l6v6jmac-89250b96d105af770e5ebf67663036a2 .av-image-caption-overlay-center{\ncolor:#ffffff;\n}\n<\/style>\n<div  class='avia-image-container av-l6v6jmac-89250b96d105af770e5ebf67663036a2 av-styling-circle avia-align-center  avia-builder-el-11  el_after_av_hr  el_before_av_hr  '  itemprop=\"image\" itemscope=\"itemscope\" itemtype=\"https:\/\/schema.org\/ImageObject\" ><div class=\"avia-image-container-inner\"><div class=\"avia-image-overlay-wrap\"><img class='wp-image-2017 avia-img-lazy-loading-not-2017 avia_image' src=\"https:\/\/www.uca.edu.sv\/gescom\/wp-content\/uploads\/2024\/09\/Andrea-contactanos-1-279x300.png\" alt='' title='Andrea contactanos'  height=\"300\" width=\"279\"  itemprop=\"thumbnailUrl\" srcset=\"https:\/\/www.uca.edu.sv\/gescom\/wp-content\/uploads\/2024\/09\/Andrea-contactanos-1-279x300.png 279w, https:\/\/www.uca.edu.sv\/gescom\/wp-content\/uploads\/2024\/09\/Andrea-contactanos-1-957x1030.png 957w, https:\/\/www.uca.edu.sv\/gescom\/wp-content\/uploads\/2024\/09\/Andrea-contactanos-1-768x827.png 768w, https:\/\/www.uca.edu.sv\/gescom\/wp-content\/uploads\/2024\/09\/Andrea-contactanos-1-655x705.png 655w, https:\/\/www.uca.edu.sv\/gescom\/wp-content\/uploads\/2024\/09\/Andrea-contactanos-1.png 1332w\" sizes=\"(max-width: 279px) 100vw, 279px\" \/><\/div><\/div><\/div><br \/>\n\n<style type=\"text\/css\" data-created_by=\"avia_inline_auto\" id=\"style-css-av-lrgco5qn-dd82638f2b4f4643be3ab19fd2ab8f88\">\n#top .hr.hr-invisible.av-lrgco5qn-dd82638f2b4f4643be3ab19fd2ab8f88{\nheight:10px;\n}\n<\/style>\n<div  class='hr av-lrgco5qn-dd82638f2b4f4643be3ab19fd2ab8f88 hr-invisible  avia-builder-el-12  el_after_av_image  el_before_av_textblock  '><span class='hr-inner '><span class=\"hr-inner-style\"><\/span><\/span><\/div><br \/>\n<section  class='av_textblock_section av-l6v6k44p-ab77d86bfbd245d795519aa4c326aba8 '  itemscope=\"itemscope\" itemtype=\"https:\/\/schema.org\/CreativeWork\" ><div class='avia_textblock '  itemprop=\"text\" ><h4 style=\"text-align: center;\"><strong>Dra. Andrea Cristancho<\/strong><\/h4>\n<p style=\"text-align: center;\">Directora de la Maestr\u00eda en Gesti\u00f3n Estrat\u00e9gica de la Comunicaci\u00f3n<\/p>\n<\/div><\/section><br \/>\n\n<style type=\"text\/css\" data-created_by=\"avia_inline_auto\" id=\"style-css-av-2b79rr-23087ccdb39a38bf5e45ae1360fa8bfc\">\n#top .hr.hr-invisible.av-2b79rr-23087ccdb39a38bf5e45ae1360fa8bfc{\nheight:10px;\n}\n<\/style>\n<div  class='hr av-2b79rr-23087ccdb39a38bf5e45ae1360fa8bfc hr-invisible  avia-builder-el-14  el_after_av_textblock  el_before_av_textblock  '><span class='hr-inner '><span class=\"hr-inner-style\"><\/span><\/span><\/div><br \/>\n\n<style type=\"text\/css\" data-created_by=\"avia_inline_auto\" id=\"style-css-av-lrgcqxz6-29adfda587c2778d0becf8a0a874ce92\">\n.av_textblock_section.av-lrgcqxz6-29adfda587c2778d0becf8a0a874ce92 .avia_textblock{\ncolor:#000000;\n}\n<\/style>\n<section  class='av_textblock_section av-lrgcqxz6-29adfda587c2778d0becf8a0a874ce92 '  itemscope=\"itemscope\" itemtype=\"https:\/\/schema.org\/CreativeWork\" ><div class='avia_textblock av_inherit_color '  itemprop=\"text\" ><p style=\"text-align: center;\"><strong>Correo:<\/strong> acristancho@uca.edu.sv<strong><br class=\"avia-permanent-lb\" \/><\/strong><\/p>\n<p style=\"text-align: center;\"><strong>Tel\u00e9fono:<\/strong> 2210-6600 ext. 365, 366 y 368<\/p>\n<\/div><\/section><br \/>\n\n<style type=\"text\/css\" data-created_by=\"avia_inline_auto\" id=\"style-css-av-22fxx3-e9da1e0b2fdbb883e04b2da366f752cf\">\n#top .hr.hr-invisible.av-22fxx3-e9da1e0b2fdbb883e04b2da366f752cf{\nheight:40px;\n}\n<\/style>\n<div  class='hr av-22fxx3-e9da1e0b2fdbb883e04b2da366f752cf hr-invisible  avia-builder-el-16  el_after_av_textblock  avia-builder-el-last  '><span class='hr-inner '><span class=\"hr-inner-style\"><\/span><\/span><\/div><\/p>\n<\/div><\/div>\n<style type=\"text\/css\" data-created_by=\"avia_inline_auto\" id=\"style-css-av-1vljjr-0335aca125464db572519c528bc5e28e\">\n.flex_cell.av-1vljjr-0335aca125464db572519c528bc5e28e{\nvertical-align:top;\n}\n<\/style>\n<div class='flex_cell av_one_third av-1vljjr-0335aca125464db572519c528bc5e28e no_margin  avia-builder-el-17  el_after_av_cell_one_third  avia-builder-el-last ' ><div class='flex_cell_inner'><p>\n<style type=\"text\/css\" data-created_by=\"avia_inline_auto\" id=\"style-css-av-lrgeyj9n-24f9e85b951af5bb78b0664c6d96e0aa\">\n#top .hr.hr-invisible.av-lrgeyj9n-24f9e85b951af5bb78b0664c6d96e0aa{\nheight:55px;\n}\n<\/style>\n<div  class='hr av-lrgeyj9n-24f9e85b951af5bb78b0664c6d96e0aa hr-invisible  avia-builder-el-18  el_before_av_contact  avia-builder-el-first  '><span class='hr-inner '><span class=\"hr-inner-style\"><\/span><\/span><\/div><br \/>\n<form action=\"https:\/\/www.uca.edu.sv\/gescom\/contacto\/\" method=\"post\"  class=\"avia_ajax_form av-form-labels-hidden   avia-builder-el-19  el_after_av_hr  el_before_av_hr   \" data-avia-form-id=\"1\" data-avia-redirect='' ><h3 class=''>D\u00e9janos tus preguntas y consultas \ud83d\udc47<\/h3><fieldset><p class='  first_form  form_element form_fullwidth' id='element_avia_1_1'><label for=\"avia_1_1\">Nombre y Apellido <abbr class=\"required\" title=\"requerido\">*<\/abbr><\/label> <input name=\"avia_1_1\" class=\"text_input is_empty\" type=\"text\" id=\"avia_1_1\" value=\"\"  placeholder='Nombre y Apellido*'\/><\/p><p class='  first_form  form_element form_fullwidth' id='element_avia_2_1'><label for=\"avia_2_1\">Correo electr\u00f3nico <abbr class=\"required\" title=\"requerido\">*<\/abbr><\/label> <input name=\"avia_2_1\" class=\"text_input is_email\" type=\"text\" id=\"avia_2_1\" value=\"\"  placeholder='Correo electr\u00f3nico*'\/><\/p><p class='  first_form  form_element form_fullwidth' id='element_avia_3_1'><label for=\"avia_3_1\">Asunto <abbr class=\"required\" title=\"requerido\">*<\/abbr><\/label> <input name=\"avia_3_1\" class=\"text_input is_empty\" type=\"text\" id=\"avia_3_1\" value=\"\"  placeholder='Asunto*'\/><\/p><p class='  first_form  form_element form_fullwidth av-last-visible-form-element' id='element_avia_4_1'><label for=\"avia_4_1\" class=\"textare_label hidden textare_label_avia_4_1\">Mensaje <abbr class=\"required\" title=\"requerido\">*<\/abbr><\/label><textarea  placeholder='Mensaje*' name=\"avia_4_1\" class=\"text_area is_empty\" cols=\"40\" rows=\"7\" id=\"avia_4_1\" ><\/textarea><\/p><p class=\"hidden\"><input type=\"text\" name=\"avia_5_1\" class=\"hidden \" id=\"avia_5_1\" value=\"\" \/><\/p><p class=\"form_element \"><input type=\"hidden\" value=\"1\" name=\"avia_generated_form1\" \/><input type=\"submit\" value=\"Enviar consulta\" class=\"button\"  data-sending-label=\"Enviando\"\/><\/p><\/fieldset><\/form><div id=\"ajaxresponse_1\" class=\"ajaxresponse ajaxresponse_1 hidden\"><\/div><br \/>\n\n<style type=\"text\/css\" data-created_by=\"avia_inline_auto\" id=\"style-css-av-3p9d3-3e8b68ca92ae6d25234ded529be5bb08\">\n#top .hr.hr-invisible.av-3p9d3-3e8b68ca92ae6d25234ded529be5bb08{\nheight:40px;\n}\n<\/style>\n<div  class='hr av-3p9d3-3e8b68ca92ae6d25234ded529be5bb08 hr-invisible  avia-builder-el-20  el_after_av_contact  avia-builder-el-last  '><span class='hr-inner '><span class=\"hr-inner-style\"><\/span><\/span><\/div><\/p>\n<\/div><\/div><\/div><div id='av-layout-grid-2'  class='av-layout-grid-container av-21wztj-a5b7b1e8b29f6a7ed0041db909ce8909 entry-content-wrapper main_color av-flex-cells  avia-builder-el-21  el_after_av_layout_row  avia-builder-el-last  grid-row-not-first  container_wrap fullsize'  >\n\n<style type=\"text\/css\" data-created_by=\"avia_inline_auto\" id=\"style-css-av-1uu01b-f0f6fec786ae2b0f0d257e50c0d9d93d\">\n.flex_cell.av-1uu01b-f0f6fec786ae2b0f0d257e50c0d9d93d{\nvertical-align:top;\nbackground-color:#071f45;\n}\n<\/style>\n<div class='flex_cell av_one_full av-1uu01b-f0f6fec786ae2b0f0d257e50c0d9d93d no_margin  avia-builder-el-22  avia-builder-el-no-sibling ' ><div class='flex_cell_inner'><p>\n<style type=\"text\/css\" data-created_by=\"avia_inline_auto\" id=\"style-css-av-lrgea0eq-930e7a67a59d04929d2a5c8d96d1cb0a\">\n#top .hr.hr-invisible.av-lrgea0eq-930e7a67a59d04929d2a5c8d96d1cb0a{\nheight:35px;\n}\n<\/style>\n<div  class='hr av-lrgea0eq-930e7a67a59d04929d2a5c8d96d1cb0a hr-invisible  avia-builder-el-23  el_before_av_two_fifth  avia-builder-el-first  '><span class='hr-inner '><span class=\"hr-inner-style\"><\/span><\/span><\/div><br \/>\n<div class='flex_column av-ywzu7-767fc1c97d4d3e984cfc3c226bb5526f av_two_fifth  avia-builder-el-24  el_after_av_hr  el_before_av_two_fifth  first flex_column_div '   ><style type=\"text\/css\" data-created_by=\"avia_inline_auto\" id=\"style-css-av-oqjpj-37df3a64422cf0dbc429ab852ba23dad\">\n.av_textblock_section.av-oqjpj-37df3a64422cf0dbc429ab852ba23dad .avia_textblock{\ncolor:#ffffff;\n}\n<\/style>\n<section  class='av_textblock_section av-oqjpj-37df3a64422cf0dbc429ab852ba23dad '  itemscope=\"itemscope\" itemtype=\"https:\/\/schema.org\/CreativeWork\" ><div class='avia_textblock av_inherit_color '  itemprop=\"text\" ><h6>Universidad Centroamericana Jos\u00e9 Sime\u00f3n Ca\u00f1as<\/p>\n<p>Edificio Francisco Andr\u00e9s Escobar (4to nivel)<\/p>\n<p>Departamento de Comunicaciones y Cultura<\/p>\n<p>Antiguo Cuscatl\u00e1n, La Libertad, El Salvador<\/h6>\n<\/div><\/section><\/div><div class='flex_column av-knnwf-0be2d6c74c9e89c60c48f1a18c7d38b3 av_two_fifth  avia-builder-el-26  el_after_av_two_fifth  el_before_av_one_fifth  flex_column_div '   ><style type=\"text\/css\" data-created_by=\"avia_inline_auto\" id=\"style-css-av-lrgeqqeb-b402d12521a7945bfe25a4a9fe64ff63\">\n.av_textblock_section.av-lrgeqqeb-b402d12521a7945bfe25a4a9fe64ff63 .avia_textblock{\ncolor:#ffffff;\n}\n<\/style>\n<section  class='av_textblock_section av-lrgeqqeb-b402d12521a7945bfe25a4a9fe64ff63 '  itemscope=\"itemscope\" itemtype=\"https:\/\/schema.org\/CreativeWork\" ><div class='avia_textblock av_inherit_color '  itemprop=\"text\" ><h6>S\u00edguenos en redes sociales:<\/h6>\n<\/div><\/section><br \/>\n\n<style type=\"text\/css\" data-created_by=\"avia_inline_auto\" id=\"style-css-av-fm9t3-70bfe000463201379c175bb71c163df7\">\n#top .hr.hr-invisible.av-fm9t3-70bfe000463201379c175bb71c163df7{\nheight:8px;\n}\n<\/style>\n<div  class='hr av-fm9t3-70bfe000463201379c175bb71c163df7 hr-invisible  avia-builder-el-28  el_after_av_textblock  el_before_av_buttonrow  '><span class='hr-inner '><span class=\"hr-inner-style\"><\/span><\/span><\/div><br \/>\n<div  class='avia-buttonrow-wrap av-lrgewxu2-6988727a5e990163fb548a5167be43d8 avia-buttonrow-left  avia-builder-el-29  el_after_av_hr  avia-builder-el-last  '>\n\n<style type=\"text\/css\" data-created_by=\"avia_inline_auto\" id=\"style-css-av-lrgewlsc-b6daa5ec09c42402bcf75f2e3325518c\">\n#top #wrap_all .avia-button.av-lrgewlsc-b6daa5ec09c42402bcf75f2e3325518c{\nbackground-color:#0b76e8;\nborder-color:#0b76e8;\ncolor:#ffffff;\ntransition:all 0.4s ease-in-out;\n-webkit-transition:all 0.4s ease-in-out;\n-moz-transition:all 0.4s ease-in-out;\n-ms-transition:all 0.4s ease-in-out;\n-o-transition:all 0.4s ease-in-out;\nmargin-bottom:15px;\nmargin-right:15px;\n}\n<\/style>\n<a href='https:\/\/www.facebook.com\/comunicacionesycultura'  class='avia-button av-lrgewlsc-b6daa5ec09c42402bcf75f2e3325518c avia-icon_select-yes-left-icon avia-size-medium'  ><span class='avia_button_icon avia_button_icon_left ' aria-hidden='true' data-av_icon='\ue8f3' data-av_iconfont='entypo-fontello'><\/span><span class='avia_iconbox_title' >   Facebook<\/span><\/a>\n\n<style type=\"text\/css\" data-created_by=\"avia_inline_auto\" id=\"style-css-av-lrgewvtg-8827d1b6b8b06c906c4dcf942020dec2\">\n#top #wrap_all .avia-button.av-lrgewvtg-8827d1b6b8b06c906c4dcf942020dec2{\nbackground-color:#d61d7d;\nborder-color:#d61d7d;\ncolor:#ffffff;\ntransition:all 0.4s ease-in-out;\n-webkit-transition:all 0.4s ease-in-out;\n-moz-transition:all 0.4s ease-in-out;\n-ms-transition:all 0.4s ease-in-out;\n-o-transition:all 0.4s ease-in-out;\nmargin-bottom:15px;\nmargin-right:15px;\n}\n<\/style>\n<a href='https:\/\/www.instagram.com\/comunicacionesycultura_uca\/'  class='avia-button av-lrgewvtg-8827d1b6b8b06c906c4dcf942020dec2 avia-icon_select-yes-left-icon avia-size-medium'  ><span class='avia_button_icon avia_button_icon_left ' aria-hidden='true' data-av_icon='\uf16d' data-av_iconfont='entypo-fontello'><\/span><span class='avia_iconbox_title' >   Instagram<\/span><\/a>\n<\/div><\/p><\/div><div class='flex_column av-azb07-18e300470355ccbf3ca011811becbd8c av_one_fifth  avia-builder-el-30  el_after_av_two_fifth  el_before_av_codeblock  flex_column_div '   ><\/div><\/p>\n<\/div><\/div>\n<\/div><\/p>\n","protected":false},"excerpt":{"rendered":"","protected":false},"author":2,"featured_media":0,"parent":0,"menu_order":0,"comment_status":"closed","ping_status":"closed","template":"","meta":[],"_links":{"self":[{"href":"https:\/\/www.uca.edu.sv\/gescom\/wp-json\/wp\/v2\/pages\/383"}],"collection":[{"href":"https:\/\/www.uca.edu.sv\/gescom\/wp-json\/wp\/v2\/pages"}],"about":[{"href":"https:\/\/www.uca.edu.sv\/gescom\/wp-json\/wp\/v2\/types\/page"}],"author":[{"embeddable":true,"href":"https:\/\/www.uca.edu.sv\/gescom\/wp-json\/wp\/v2\/users\/2"}],"replies":[{"embeddable":true,"href":"https:\/\/www.uca.edu.sv\/gescom\/wp-json\/wp\/v2\/comments?post=383"}],"version-history":[{"count":24,"href":"https:\/\/www.uca.edu.sv\/gescom\/wp-json\/wp\/v2\/pages\/383\/revisions"}],"predecessor-version":[{"id":2020,"href":"https:\/\/www.uca.edu.sv\/gescom\/wp-json\/wp\/v2\/pages\/383\/revisions\/2020"}],"wp:attachment":[{"href":"https:\/\/www.uca.edu.sv\/gescom\/wp-json\/wp\/v2\/media?parent=383"}],"curies":[{"name":"wp","href":"https:\/\/api.w.org\/{rel}","templated":true}]}}