{"id":154,"date":"2017-03-08T17:06:18","date_gmt":"2017-03-08T17:06:18","guid":{"rendered":"https:\/\/www.uca.edu.sv\/gescom\/?page_id=154"},"modified":"2024-01-16T14:02:22","modified_gmt":"2024-01-16T14:02:22","slug":"admision-8","status":"publish","type":"page","link":"https:\/\/www.uca.edu.sv\/gescom\/admision-8\/","title":{"rendered":"Admisi\u00f3n"},"content":{"rendered":"<div id='full_slider_1'  class='avia-fullwidth-slider main_color avia-shadow   avia-builder-el-0  el_before_av_one_full  avia-builder-el-first   container_wrap fullsize'  ><div   data-size='no scaling'  data-lightbox_size='large'  data-animation='slide'  data-conditional_play=''  data-ids='1231'  data-video_counter='0'  data-autoplay='false'  data-bg_slider='false'  data-slide_height=''  data-handle='av_slideshow_full'  data-interval='5'  data-class=' image_no_stretch'  data-el_id=''  data-css_id=''  data-scroll_down=''  data-control_layout='av-control-default'  data-custom_markup=''  data-perma_caption=''  data-autoplay_stopper=''  data-image_attachment=''  data-min_height='0px'  data-lazy_loading='disabled'  data-src=''  data-position='top left'  data-repeat='no-repeat'  data-attach='scroll'  data-stretch='image_no_stretch'  data-img_scrset=''  class='avia-slideshow avia-slideshow-1  av-control-default av-default-height-applied avia-slideshow-no scaling av_slideshow_full  image_no_stretch avia-slide-slider '  itemprop=\"image\" itemscope=\"itemscope\" itemtype=\"https:\/\/schema.org\/ImageObject\" ><ul class='avia-slideshow-inner ' style='padding-bottom: 21.961932650073%;' ><li  class=' av-single-slide slide-1 ' ><div data-rel='slideshow-1' class='avia-slide-wrap '   ><img class=\"wp-image-1231 avia-img-lazy-loading-not-1231\"  src=\"https:\/\/www.uca.edu.sv\/gescom\/wp-content\/uploads\/2023\/08\/pasos-admision2024-maestria-comunicacion-uca.png\" width=\"1366\" height=\"300\" title='pasos-admision2024-maestria-comunicacion-uca' alt=''  itemprop=\"thumbnailUrl\" srcset=\"https:\/\/www.uca.edu.sv\/gescom\/wp-content\/uploads\/2023\/08\/pasos-admision2024-maestria-comunicacion-uca.png 1366w, https:\/\/www.uca.edu.sv\/gescom\/wp-content\/uploads\/2023\/08\/pasos-admision2024-maestria-comunicacion-uca-300x66.png 300w, https:\/\/www.uca.edu.sv\/gescom\/wp-content\/uploads\/2023\/08\/pasos-admision2024-maestria-comunicacion-uca-1030x226.png 1030w, https:\/\/www.uca.edu.sv\/gescom\/wp-content\/uploads\/2023\/08\/pasos-admision2024-maestria-comunicacion-uca-768x169.png 768w, https:\/\/www.uca.edu.sv\/gescom\/wp-content\/uploads\/2023\/08\/pasos-admision2024-maestria-comunicacion-uca-705x155.png 705w\" sizes=\"(max-width: 1366px) 100vw, 1366px\" \/><\/div><\/li><\/ul><\/div><\/div><div id='after_full_slider_1'  class='main_color av_default_container_wrap container_wrap fullsize'  ><div class='container av-section-cont-open' ><div class='template-page content  av-content-full alpha units'><div class='post-entry post-entry-type-page post-entry-154'><div class='entry-content-wrapper clearfix'>\n<div class='flex_column av-ll39nz41-450c9ae98739662bdeb5109afc9bbac0 av_one_full  avia-builder-el-1  el_after_av_slideshow_full  el_before_av_layout_row  avia-builder-el-no-sibling  first flex_column_div  av-animated-generic bottom-to-top '   ><div  class='tabcontainer av-ll37tzq7-c07b0e24e7a203fda85e5654603d7983 sidebar_tab sidebar_tab_left  avia-builder-el-2  avia-builder-el-no-sibling  border_tabs ' role='tablist'>\n<section class='av_tab_section av_tab_section av-ll37tz9p-f341c0de6936a3883a0a5839032a25e2'  itemscope=\"itemscope\" itemtype=\"https:\/\/schema.org\/CreativeWork\" ><div class='tab active_tab' role='tab' tabindex='0' data-fake-id='#tab-id-1' aria-controls='tab-id-1-content'  itemprop=\"headline\" >Solicitud de admisi\u00f3n<\/div><div id='tab-id-1-content' class='tab_content active_tab_content' aria-hidden=\"false\"><div class='tab_inner_content invers-color'  itemprop=\"text\" ><p>Re\u00fana la documentaci\u00f3n requerida y suba los documentos en el formulario de solicitud de admisi\u00f3n, tal como se le indica a continuaci\u00f3n:<\/p>\n<ol>\n<li>Imagen escaneada del t\u00edtulo de pregrado.<\/li>\n<li>Imagen escaneada del certificado de notas autenticado por la Universidad que emiti\u00f3 el t\u00edtulo.<\/li>\n<li>Imagen escaneada del registro del t\u00edtulo y de la aut\u00e9ntica de notas emitidas por el <span data-contrast=\"auto\">Ministerio de Educaci\u00f3<\/span><span data-contrast=\"auto\">n, Ciencia y Tecnolog\u00eda. En el caso de <strong>aspirantes del extranjero<\/strong>,<\/span> se deber\u00e1 subir la imagen escaneada de la incorporaci\u00f3n y el acuerdo del MINEDUCYT.<\/li>\n<li>Fotograf\u00eda tama\u00f1o carn\u00e9 (a color o en blanco y negro), en <strong>formato JPG<\/strong> de frente.<\/li>\n<li>\u00a0Imagen escaneada del DUI, pasaporte o carn\u00e9 de residente (en caso de aspirantes extranjeros que residan en El Salvador).<\/li>\n<li>Curr\u00edculum Vitae actualizado en formato PDF.<\/li>\n<\/ol>\n<div  class='avia-button-wrap avia-button-center  avia-builder-el-3  el_before_av_button  avia-builder-el-first ' >\n<style type=\"text\/css\" data-created_by=\"avia_inline_auto\" id=\"style-css-av-cz93u-3190101053fed6f5b419b2bee6469474\">\n#top #wrap_all .avia-button.av-cz93u-3190101053fed6f5b419b2bee6469474{\nbackground-color:#ff6b1a;\nborder-color:#ff6b1a;\ncolor:#ffffff;\ntransition:all 0.4s ease-in-out;\n-webkit-transition:all 0.4s ease-in-out;\n-moz-transition:all 0.4s ease-in-out;\n-ms-transition:all 0.4s ease-in-out;\n-o-transition:all 0.4s ease-in-out;\n}\n<\/style>\n<a href='https:\/\/admisiones.uca.edu.sv\/app.php\/ingresoPostgrado' class='avia-button av-cz93u-3190101053fed6f5b419b2bee6469474 avia-icon_select-yes-left-icon avia-size-medium avia-position-center ' target=\"_blank\" rel=\"noopener noreferrer\"><span class='avia_button_icon avia_button_icon_left' aria-hidden='true' data-av_icon='\ue84b' data-av_iconfont='entypo-fontello'><\/span><span class='avia_iconbox_title' >Completar solicitud de admisi\u00f3n<\/span><\/a><\/div>\n<\/div><\/div><\/section>\n<section class='av_tab_section av_tab_section av-ll38gs0u-2cbcaaa6eb48fbb7289bb0d032146200'  itemscope=\"itemscope\" itemtype=\"https:\/\/schema.org\/CreativeWork\" ><div class='tab' role='tab' tabindex='0' data-fake-id='#tab-id-2' aria-controls='tab-id-2-content'  itemprop=\"headline\" >Pago de arancel de admisi\u00f3n<\/div><div id='tab-id-2-content' class='tab_content' aria-hidden=\"true\"><div class='tab_inner_content invers-color'  itemprop=\"text\" ><p>Luego de recibir la confirmaci\u00f3n de aprobaci\u00f3n de su solicitud de admisi\u00f3n,<strong> pague arancel correspondiente<\/strong> a los derechos de dicha solicitud. El valor del arancel es de <strong>$50 d\u00f3lares<\/strong>.<\/p>\n<p>Puede efectuar el <strong>pago en l\u00ednea<\/strong> o dirigirse personalmente a <strong>Tesorer\u00eda<\/strong>, ubicada en la 1\u00b0 planta del Edificio de Administraci\u00f3n Central.<\/p>\n<\/div><\/div><\/section>\n<section class='av_tab_section av_tab_section av-ll38jjs8-7202303adf58534e6aa0a87bcc2e8d52'  itemscope=\"itemscope\" itemtype=\"https:\/\/schema.org\/CreativeWork\" ><div class='tab' role='tab' tabindex='0' data-fake-id='#tab-id-3' aria-controls='tab-id-3-content'  itemprop=\"headline\" > Entrevista con la Direcci\u00f3n del Programa<\/div><div id='tab-id-3-content' class='tab_content' aria-hidden=\"true\"><div class='tab_inner_content invers-color'  itemprop=\"text\" ><p>Escriba un correo a la maestra <strong>Karla Ramos<\/strong>, directora de la Maestr\u00eda en Gesti\u00f3n Estrat\u00e9gica de la Comunicaci\u00f3n, y solicite una entrevista para continuar con su proceso de admisi\u00f3n (este paso es indispensable).<\/p>\n<div  class='avia-button-wrap avia-button-center  avia-builder-el-4  el_after_av_button  avia-builder-el-last ' >\n<style type=\"text\/css\" data-created_by=\"avia_inline_auto\" id=\"style-css-av-9fx02-7e68293916281b352128d54e940865f6\">\n#top #wrap_all .avia-button.av-9fx02-7e68293916281b352128d54e940865f6{\nbackground-color:#ff6b1a;\nborder-color:#ff6b1a;\ncolor:#ffffff;\ntransition:all 0.4s ease-in-out;\n-webkit-transition:all 0.4s ease-in-out;\n-moz-transition:all 0.4s ease-in-out;\n-ms-transition:all 0.4s ease-in-out;\n-o-transition:all 0.4s ease-in-out;\n}\n<\/style>\n<a href='mailto:kpramos@uca.edu.sv,maestria.gestioncomunicacion@uca.edu.sv?subject=Solicitud%20de%20entrevista%20|%20Convocatoria%2001\/2024&body=%20Saludos%20cordiales%3A%20Me%20gustar\u00eda%20agendar%20una%20entrevista%20con%20la%20maestra%20Karla%20Ramos.%20Me%20interesa%20cursar%20la%20Maestr\u00eda%20en%20Gesti\u00f3n%20Estrat\u00e9gica%20de%20la%20Comunicaci\u00f3n%20Atentamente,%20Nombre%20Apellido%20' class='avia-button av-9fx02-7e68293916281b352128d54e940865f6 avia-icon_select-yes-left-icon avia-size-medium avia-position-center ' target=\"_blank\" rel=\"noopener noreferrer\"><span class='avia_button_icon avia_button_icon_left' aria-hidden='true' data-av_icon='\ue85b' data-av_iconfont='entypo-fontello'><\/span><span class='avia_iconbox_title' >Agendar entrevista<\/span><\/a><\/div>\n<\/div><\/div><\/section>\n<section class='av_tab_section av_tab_section av-ll3a7a8z-47dc99dd4a803203942c458f65d15066'  itemscope=\"itemscope\" itemtype=\"https:\/\/schema.org\/CreativeWork\" ><div class='tab' role='tab' tabindex='0' data-fake-id='#tab-id-4' aria-controls='tab-id-4-content'  itemprop=\"headline\" >Resoluci\u00f3n del proceso de admisi\u00f3n<\/div><div id='tab-id-4-content' class='tab_content' aria-hidden=\"true\"><div class='tab_inner_content invers-color'  itemprop=\"text\" ><p>Para conocer el estado del proceso de admisi\u00f3n, le recomendamos esperar comunicaci\u00f3n de la Direcci\u00f3n de la Maestr\u00eda en Gesti\u00f3n Estrat\u00e9gica de la Comunicaci\u00f3n v\u00eda correo electr\u00f3nico o llamada telef\u00f3nica.<\/p>\n<p><strong>Importante:<\/strong> Le invitamos a mantenerse pendiente de su correo electr\u00f3nico, ya que recibir\u00e1 una notificaci\u00f3n indicando el momento en el que se le solicitar\u00e1 la presentaci\u00f3n de los documentos originales con fines de comprobaci\u00f3n.<\/p>\n<\/div><\/div><\/section>\n<\/div><\/div>\n<\/div><\/div><\/div><!-- close content main div --><\/div><\/div><div id='av-layout-grid-1'  class='av-layout-grid-container av-18as5m-2d0890b1358ef46dcc51754137d3684b entry-content-wrapper main_color av-flex-cells  avia-builder-el-5  el_after_av_one_full  avia-builder-el-last  grid-row-not-first  container_wrap fullsize'  >\n\n<style type=\"text\/css\" data-created_by=\"avia_inline_auto\" id=\"style-css-av-10g5ru-c0926b89244b9733842aceb1a0d13981\">\n.flex_cell.av-10g5ru-c0926b89244b9733842aceb1a0d13981{\nvertical-align:bottom;\npadding:30px 30px 30px 30px;\nbackground-color:#071f45;\n}\n<\/style>\n<div class='flex_cell av_one_full av-10g5ru-c0926b89244b9733842aceb1a0d13981 no_margin  avia-builder-el-6  avia-builder-el-no-sibling ' ><div class='flex_cell_inner'>\n<style type=\"text\/css\" data-created_by=\"avia_inline_auto\" id=\"style-css-av-y9cky-04cc6089bb55af8e276eefe3d3ec9f06\">\n.av_textblock_section.av-y9cky-04cc6089bb55af8e276eefe3d3ec9f06 .avia_textblock{\ncolor:#ffffff;\n}\n<\/style>\n<section  class='av_textblock_section av-y9cky-04cc6089bb55af8e276eefe3d3ec9f06 '  itemscope=\"itemscope\" itemtype=\"https:\/\/schema.org\/CreativeWork\" ><div class='avia_textblock av_inherit_color '  itemprop=\"text\" ><p style=\"text-align: left;\">Maestr\u00eda en Gesti\u00f3n Estrat\u00e9gica de la Comunicaci\u00f3n<br \/>\nDepartamento de Comunicaciones y Cultura<br \/>\nUniversidad Centroamericana Jos\u00e9 Sime\u00f3n Ca\u00f1as<br \/>\nBulevar Los Pr\u00f3ceres, Antiguo Cuscatl\u00e1n, La Libertad, El Salvador, Centroam\u00e9rica<\/p>\n<\/div><\/section><br \/>\n<div  class='avia-buttonrow-wrap av-lrgfaq7l-3777966f3b6d2a14d8c9f52bf2108d43 avia-buttonrow-left  avia-builder-el-8  el_after_av_textblock  el_before_av_codeblock  '>\n\n<style type=\"text\/css\" data-created_by=\"avia_inline_auto\" id=\"style-css-av-lrgfaacr-8b0e4de53121f65357a3cd3d66d96c5a\">\n#top #wrap_all .avia-button.av-lrgfaacr-8b0e4de53121f65357a3cd3d66d96c5a{\nbackground-color:#071f45;\nborder-color:#071f45;\ncolor:#ffffff;\ntransition:all 0.4s ease-in-out;\n-webkit-transition:all 0.4s ease-in-out;\n-moz-transition:all 0.4s ease-in-out;\n-ms-transition:all 0.4s ease-in-out;\n-o-transition:all 0.4s ease-in-out;\nmargin-bottom:2px;\nmargin-right:2px;\n}\n<\/style>\n<a href='https:\/\/www.facebook.com\/comunicacionesycultura'  class='avia-button av-lrgfaacr-8b0e4de53121f65357a3cd3d66d96c5a avia-icon_select-yes-left-icon avia-size-small av-button-notext'  ><span class='avia_button_icon avia_button_icon_left ' aria-hidden='true' data-av_icon='\ue8f3' data-av_iconfont='entypo-fontello'><\/span><span class='avia_iconbox_title' ><\/span><\/a>\n\n<style type=\"text\/css\" data-created_by=\"avia_inline_auto\" id=\"style-css-av-lrgfai02-ad73445862ffc2e99605bd5fad2a14fe\">\n#top #wrap_all .avia-button.av-lrgfai02-ad73445862ffc2e99605bd5fad2a14fe{\nbackground-color:#071f45;\nborder-color:#071f45;\ncolor:#ffffff;\ntransition:all 0.4s ease-in-out;\n-webkit-transition:all 0.4s ease-in-out;\n-moz-transition:all 0.4s ease-in-out;\n-ms-transition:all 0.4s ease-in-out;\n-o-transition:all 0.4s ease-in-out;\nmargin-bottom:2px;\nmargin-right:2px;\n}\n<\/style>\n<a href='https:\/\/www.instagram.com\/comunicacionesycultura_uca\/'  class='avia-button av-lrgfai02-ad73445862ffc2e99605bd5fad2a14fe avia-icon_select-yes-left-icon avia-size-small av-button-notext'  ><span class='avia_button_icon avia_button_icon_left ' aria-hidden='true' data-av_icon='\uf16d' data-av_iconfont='entypo-fontello'><\/span><span class='avia_iconbox_title' ><\/span><\/a>\n\n<style type=\"text\/css\" data-created_by=\"avia_inline_auto\" id=\"style-css-av-lrgfaos3-a7cd289dc74fb11715b4baa942dea2a4\">\n#top #wrap_all .avia-button.av-lrgfaos3-a7cd289dc74fb11715b4baa942dea2a4{\nbackground-color:#071f45;\nborder-color:#071f45;\ncolor:#ffffff;\ntransition:all 0.4s ease-in-out;\n-webkit-transition:all 0.4s ease-in-out;\n-moz-transition:all 0.4s ease-in-out;\n-ms-transition:all 0.4s ease-in-out;\n-o-transition:all 0.4s ease-in-out;\nmargin-bottom:2px;\nmargin-right:2px;\n}\n<\/style>\n<a href='https:\/\/wa.me\/78604937?text=Quiero%20m\u00e1s%20informaci\u00f3n%20sobre%20la%20Maestr\u00eda%20en%20Gesti\u00f3n%20Estrat\u00e9gica%20de%20la%20Comunicaci\u00f3n'  class='avia-button av-lrgfaos3-a7cd289dc74fb11715b4baa942dea2a4 avia-icon_select-yes-left-icon avia-size-small av-button-notext'  ><span class='avia_button_icon avia_button_icon_left ' aria-hidden='true' data-av_icon='\uf232' data-av_iconfont='entypo-fontello'><\/span><span class='avia_iconbox_title' ><\/span><\/a>\n<\/div><br \/>\n<\/p>\n<\/div><\/div><\/div>\n","protected":false},"excerpt":{"rendered":"","protected":false},"author":2,"featured_media":0,"parent":0,"menu_order":0,"comment_status":"closed","ping_status":"closed","template":"","meta":[],"_links":{"self":[{"href":"https:\/\/www.uca.edu.sv\/gescom\/wp-json\/wp\/v2\/pages\/154"}],"collection":[{"href":"https:\/\/www.uca.edu.sv\/gescom\/wp-json\/wp\/v2\/pages"}],"about":[{"href":"https:\/\/www.uca.edu.sv\/gescom\/wp-json\/wp\/v2\/types\/page"}],"author":[{"embeddable":true,"href":"https:\/\/www.uca.edu.sv\/gescom\/wp-json\/wp\/v2\/users\/2"}],"replies":[{"embeddable":true,"href":"https:\/\/www.uca.edu.sv\/gescom\/wp-json\/wp\/v2\/comments?post=154"}],"version-history":[{"count":25,"href":"https:\/\/www.uca.edu.sv\/gescom\/wp-json\/wp\/v2\/pages\/154\/revisions"}],"predecessor-version":[{"id":1983,"href":"https:\/\/www.uca.edu.sv\/gescom\/wp-json\/wp\/v2\/pages\/154\/revisions\/1983"}],"wp:attachment":[{"href":"https:\/\/www.uca.edu.sv\/gescom\/wp-json\/wp\/v2\/media?parent=154"}],"curies":[{"name":"wp","href":"https:\/\/api.w.org\/{rel}","templated":true}]}}