{"id":643,"date":"2016-04-14T22:41:00","date_gmt":"2016-04-14T22:41:00","guid":{"rendered":"https:\/\/www.uca.edu.sv\/dric\/?page_id=643"},"modified":"2019-07-15T17:15:57","modified_gmt":"2019-07-15T17:15:57","slug":"redes-asociaciones","status":"publish","type":"page","link":"https:\/\/www.uca.edu.sv\/dric\/redes-asociaciones\/","title":{"rendered":"Redes y Asociaciones"},"content":{"rendered":"<p>\u00a0La UCA forma parte de las redes y asociaciones internacionales detalladas en los siguientes enlaces:<\/p>\n<p>&nbsp;<\/p>\n<hr \/>\n<h3>\u00a0<a href=\"http:\/\/www.ausjal.org\/\"><br \/><\/a><\/h3>\n<p><a href=\"https:\/\/www.uca.edu.sv\/dric\/wp-content\/uploads\/2016\/04\/descarga-61.png\"><img decoding=\"async\" loading=\"lazy\" class=\"alignnone size-full wp-image-1405\" src=\"https:\/\/www.uca.edu.sv\/dric\/wp-content\/uploads\/2016\/04\/descarga-61.png\" alt=\"descarga (6)\" width=\"222\" height=\"196\" \/><\/a><\/p>\n<h3 class=\"LC20lb\"><a href=\"https:\/\/iaju.org\/\">International Association of Jesuit Universities\u00a0&#8211; (Asociaci\u00f3n Internacional de Universidades Jesuitas)<\/a><\/h3>\n<h3 class=\"LC20lb\">\u00a0<\/h3>\n<hr \/>\n<h3>\u00a0<a href=\"http:\/\/www.ausjal.org\/\"><img decoding=\"async\" loading=\"lazy\" class=\" wp-image-648 size-full alignleft\" src=\"https:\/\/www.uca.edu.sv\/dric\/wp-content\/uploads\/2016\/04\/Ausjal-logo-150x150.png\" alt=\"Ausjal-logo-150x150\" width=\"150\" height=\"150\" \/><\/a>\u00a0<\/h3>\n<h3><a href=\"http:\/\/www.ausjal.org\/\">Asociaci\u00f3n de Universidades Confiadas a la\u00a0Compa\u00f1\u00eda de Jes\u00fas en Am\u00e9rica Latina (AUSJAL)<\/a>\u00a0<\/h3>\n<p>&nbsp;<\/p>\n<p>&nbsp;<\/p>\n<hr \/>\n<h3>\u00a0\u00a0<\/h3>\n<h3><a href=\"http:\/\/www.auip.org\/es\/\"><img decoding=\"async\" loading=\"lazy\" class=\"alignleft wp-image-530 size-full\" src=\"https:\/\/www.uca.edu.sv\/dric\/wp-content\/uploads\/2016\/04\/images-5.jpg\" alt=\"images (5)\" width=\"92\" height=\"66\" \/><\/a>\u00a0 \u00a0 \u00a0 \u00a0 \u00a0<a href=\"http:\/\/www.auip.org\/es\/\">Asociaci\u00f3n Universitaria Iberoamericana de Postgrado (AUIP)<\/a>\u00a0<\/h3>\n<p>&nbsp;<\/p>\n<hr \/>\n<h3>\u00a0<\/h3>\n<h3>\u00a0<a href=\"http:\/\/www.ccpvj.org\/\"><img decoding=\"async\" loading=\"lazy\" class=\"alignnone wp-image-800 size-thumbnail\" src=\"https:\/\/www.uca.edu.sv\/dric\/wp-content\/uploads\/2016\/04\/RRPV-125x150.jpg\" alt=\"RRPV\" width=\"125\" height=\"150\" \/><\/a>\u00a0 \u00a0<a href=\"http:\/\/www.ccpvj.org\/\">Coalici\u00f3n Centroamericana de Prevenci\u00f3n de Violencia (CCPVJ)<\/a><\/h3>\n<hr \/>\n<h3>\u00a0<\/h3>\n<h3>\u00a0<a href=\"http:\/\/www.clacso.org.ar\/\"><img decoding=\"async\" loading=\"lazy\" class=\"alignnone wp-image-793 size-thumbnail\" src=\"https:\/\/www.uca.edu.sv\/dric\/wp-content\/uploads\/2016\/04\/Clacso-125x150.gif\" alt=\"Clacso\" width=\"125\" height=\"150\" \/><\/a>\u00a0 \u00a0<a href=\"http:\/\/www.clacso.org.ar\/\">Consejo Latinoamericano de Ciencias Sociales (CLACSO)<\/a><\/h3>\n<hr \/>\n<h3>\u00a0<\/h3>\n<h3><a href=\"http:\/\/www.crispaz.org\/\"><img decoding=\"async\" loading=\"lazy\" class=\"alignnone wp-image-664 size-full\" src=\"https:\/\/www.uca.edu.sv\/dric\/wp-content\/uploads\/2016\/04\/Crispaz1-e1460732899262.png\" alt=\"Crispaz1\" width=\"110\" height=\"196\" \/><\/a>\u00a0 \u00a0 \u00a0<a href=\"http:\/\/www.crispaz.org\/\">Cristianos por la Paz (CRISPAZ)<\/a>\u00a0\u00a0<\/h3>\n<hr \/>\n<h3>\u00a0<a href=\"http:\/\/www.oui-iohe.org\/es\/\"><img decoding=\"async\" loading=\"lazy\" class=\"alignnone size-thumbnail wp-image-658\" src=\"https:\/\/www.uca.edu.sv\/dric\/wp-content\/uploads\/2016\/04\/OUI-IOHE-125x150.jpg\" alt=\"OUI-IOHE\" width=\"125\" height=\"150\" \/><\/a>\u00a0 \u00a0<a href=\"http:\/\/www.oui-iohe.org\/es\/\">Organizaci\u00f3n Universitaria Interamericana (OUI-IOHE)<\/a>\u00a0\u00a0<\/h3>\n<hr \/>\n<h3>\u00a0\u00a0\u00a0<\/h3>\n<h3><a href=\"http:\/\/centroamericajoven.org\/psj\/\"><img decoding=\"async\" loading=\"lazy\" class=\"alignnone wp-image-797 size-thumbnail\" src=\"https:\/\/www.uca.edu.sv\/dric\/wp-content\/uploads\/2016\/04\/PSJ-125x150.jpg\" alt=\"PSJ\" width=\"125\" height=\"150\" \/><\/a>\u00a0 \u00a0<a href=\"http:\/\/centroamericajoven.org\/psj\/\">Plataforma de Seguridad Juvenil de Centroam\u00e9rica (PSJ)\u00a0<\/a><\/h3>\n<hr \/>\n<h3>\u00a0<\/h3>\n<h3>\u00a0<img decoding=\"async\" loading=\"lazy\" class=\"alignnone wp-image-742 size-thumbnail\" src=\"https:\/\/www.uca.edu.sv\/dric\/wp-content\/uploads\/2016\/04\/RJM-125x150.jpg\" alt=\"RJM\" width=\"125\" height=\"150\" \/>\u00a0 \u00a0<span style=\"color: #333399;\">Red Jesuita con Migrantes Centroam\u00e9rica\u00a0(RJM)<\/span><\/h3>\n<hr \/>\n<h3>\u00a0<\/h3>\n","protected":false},"excerpt":{"rendered":"<p>\u00a0La UCA forma parte de las redes y asociaciones internacionales detalladas en los siguientes enlaces: &nbsp; \u00a0 International Association of Jesuit Universities\u00a0&#8211; (Asociaci\u00f3n Internacional de Universidades Jesuitas) \u00a0 \u00a0\u00a0 Asociaci\u00f3n de Universidades Confiadas a la\u00a0Compa\u00f1\u00eda de Jes\u00fas en Am\u00e9rica Latina (AUSJAL)\u00a0 &nbsp; &nbsp; \u00a0\u00a0 \u00a0 \u00a0 \u00a0 \u00a0 \u00a0Asociaci\u00f3n Universitaria Iberoamericana de Postgrado (AUIP)\u00a0 &nbsp; [&hellip;]<\/p>\n","protected":false},"author":2,"featured_media":0,"parent":0,"menu_order":0,"comment_status":"open","ping_status":"open","template":"","meta":[],"_links":{"self":[{"href":"https:\/\/www.uca.edu.sv\/dric\/wp-json\/wp\/v2\/pages\/643"}],"collection":[{"href":"https:\/\/www.uca.edu.sv\/dric\/wp-json\/wp\/v2\/pages"}],"about":[{"href":"https:\/\/www.uca.edu.sv\/dric\/wp-json\/wp\/v2\/types\/page"}],"author":[{"embeddable":true,"href":"https:\/\/www.uca.edu.sv\/dric\/wp-json\/wp\/v2\/users\/2"}],"replies":[{"embeddable":true,"href":"https:\/\/www.uca.edu.sv\/dric\/wp-json\/wp\/v2\/comments?post=643"}],"version-history":[{"count":38,"href":"https:\/\/www.uca.edu.sv\/dric\/wp-json\/wp\/v2\/pages\/643\/revisions"}],"predecessor-version":[{"id":806,"href":"https:\/\/www.uca.edu.sv\/dric\/wp-json\/wp\/v2\/pages\/643\/revisions\/806"}],"wp:attachment":[{"href":"https:\/\/www.uca.edu.sv\/dric\/wp-json\/wp\/v2\/media?parent=643"}],"curies":[{"name":"wp","href":"https:\/\/api.w.org\/{rel}","templated":true}]}}