{"id":31,"date":"2015-03-10T16:32:35","date_gmt":"2015-03-10T16:32:35","guid":{"rendered":"https:\/\/www.uca.edu.sv\/dric\/?page_id=31"},"modified":"2016-07-27T22:16:19","modified_gmt":"2016-07-27T22:16:19","slug":"documentos","status":"publish","type":"page","link":"https:\/\/www.uca.edu.sv\/dric\/documentos\/","title":{"rendered":"Documentos"},"content":{"rendered":"<p>&nbsp;<\/p>\n<hr \/>\n<h3><strong>Bolet\u00edn Proyectos UCA 2015 con cooperaci\u00f3n internacional<\/strong><\/h3>\n<p>El documento contiene los proyectos agrupados por temas que responden a la agenda de investigaci\u00f3n y<\/p>\n<p>proyecci\u00f3n social de la Universidad. Tambi\u00e9n se presenta una serie de gr\u00e1ficos que dan cuenta de c\u00f3mo<\/p>\n<p>se distribuye el financiamiento de la cooperaci\u00f3n internacional, as\u00ed como los montos aprobados en los<\/p>\n<p>\u00faltimos cinco a\u00f1os.\u00a0<\/p>\n<p>\u00a0<a href=\"http:\/\/www.uca.edu.sv\/documentos\/descargas.php?id=Proyectos-UCA-2015-con-cooperacion-internacional.pdf\"><img decoding=\"async\" loading=\"lazy\" class=\"aligncenter wp-image-883 size-thumbnail\" src=\"https:\/\/www.uca.edu.sv\/dric\/wp-content\/uploads\/2015\/03\/Bolet\u00edn-2015-125x150.png\" alt=\"\" width=\"125\" height=\"150\" \/><\/a><\/p>\n<p>&nbsp;<\/p>\n<hr \/>\n<h3><strong>Bolet\u00edn Proyectos UCA 2014 con cooperaci\u00f3n internacional<\/strong><\/h3>\n<p>La\u00a0publicaci\u00f3n lista los proyectos ejecutados en 2014, agrupados por temas<\/p>\n<p>que responden a la agenda de proyecci\u00f3n social de la Universidad.\u00a0<\/p>\n<p>\u00a0<a href=\"http:\/\/www.uca.edu.sv\/documentos\/boletin-oci-2014.pdf\"><img decoding=\"async\" loading=\"lazy\" class=\" wp-image-559 size-thumbnail aligncenter\" src=\"https:\/\/www.uca.edu.sv\/dric\/wp-content\/uploads\/2015\/03\/Bolet\u00edn-2014-125x150.png\" alt=\"\" width=\"125\" height=\"150\" \/><\/a><\/p>\n<p>&nbsp;<\/p>\n<hr \/>\n<h3><strong>Bolet\u00edn Proyectos UCA 2011 con cooperaci\u00f3n internacional<\/strong><\/h3>\n<p>El documento contiene la informaci\u00f3n de los proyectos ejecutados en 2011,<\/p>\n<p>agrupados por programas de cooperaci\u00f3n y departamentos o unidades ejecutoras.<\/p>\n<p>\u00a0<a href=\"https:\/\/www.uca.edu.sv\/dric\/wp-content\/uploads\/2016\/04\/Proyectos-UCA-con-cooperaci%C3%B3n-internacional-2011.pdf\"><img decoding=\"async\" loading=\"lazy\" class=\" size-thumbnail wp-image-680 aligncenter\" src=\"https:\/\/www.uca.edu.sv\/dric\/wp-content\/uploads\/2015\/03\/Bolet\u00edn-2011-125x150.png\" alt=\"Bolet\u00edn 2011\" width=\"125\" height=\"150\" \/><\/a><\/p>\n<p><a href=\"https:\/\/www.uca.edu.sv\/dric\/wp-content\/uploads\/2016\/04\/Proyectos-UCA-con-cooperaci%C3%B3n-internacional-2011.pdf\">\u00a0<br \/><\/a><\/p>\n<hr \/>\n<h3><strong>Gu\u00eda para la presentaci\u00f3n de propuestas<\/strong><\/h3>\n<p>La gu\u00eda contiene los elementos m\u00ednimos necesarios para presentar<\/p>\n<p>propuestas de proyectos a las agencias de cooperaci\u00f3n.<\/p>\n<p>\u00a0<a href=\"https:\/\/www.uca.edu.sv\/dric\/wp-content\/uploads\/2016\/04\/Gu%C3%ADa-de-presentaci%C3%B3n-de-propuestas-UCA.pdf\"><img decoding=\"async\" loading=\"lazy\" class=\" size-thumbnail wp-image-682 aligncenter\" src=\"https:\/\/www.uca.edu.sv\/dric\/wp-content\/uploads\/2015\/03\/Gu\u00eda-para-proyectos1-125x150.png\" alt=\"Gu\u00eda para proyectos\" width=\"125\" height=\"150\" \/><\/a><a href=\"http:\/\/www.uca.edu.sv\/upload_w\/file\/manual-para-la-administracion-de-proyectos.pdf\"><br \/><\/a><\/p>\n<p>&nbsp;<\/p>\n<hr \/>\n<h3><strong>Manual para la Administraci\u00f3n de Proyectos<\/strong><\/h3>\n<p>El documento es una gu\u00eda sobre los procesos y pasos a seguir<\/p>\n<p>para la presentaci\u00f3n y ejecuci\u00f3n de los proyectos.<\/p>\n<p>\u00a0<a href=\"http:\/\/www.uca.edu.sv\/upload_w\/file\/manual-para-la-administracion-de-proyectos.pdf\"><img decoding=\"async\" loading=\"lazy\" class=\"  wp-image-554 aligncenter\" src=\"https:\/\/www.uca.edu.sv\/dric\/wp-content\/uploads\/2015\/03\/Manual-administraci\u00f3n-125x150.png\" alt=\"Manual administraci\u00f3n\" width=\"138\" height=\"165\" \/><\/a><\/p>\n<p>&nbsp;<\/p>\n<hr \/>\n<p>&nbsp;<\/p>\n<p>&nbsp;<\/p>\n<p>&nbsp;<\/p>\n<p>&nbsp;<\/p>\n","protected":false},"excerpt":{"rendered":"<p>&nbsp; Bolet\u00edn Proyectos UCA 2015 con cooperaci\u00f3n internacional El documento contiene los proyectos agrupados por temas que responden a la agenda de investigaci\u00f3n y proyecci\u00f3n social de la Universidad. Tambi\u00e9n se presenta una serie de gr\u00e1ficos que dan cuenta de c\u00f3mo se distribuye el financiamiento de la cooperaci\u00f3n internacional, as\u00ed como los montos aprobados en [&hellip;]<\/p>\n","protected":false},"author":1,"featured_media":0,"parent":0,"menu_order":0,"comment_status":"open","ping_status":"open","template":"","meta":[],"_links":{"self":[{"href":"https:\/\/www.uca.edu.sv\/dric\/wp-json\/wp\/v2\/pages\/31"}],"collection":[{"href":"https:\/\/www.uca.edu.sv\/dric\/wp-json\/wp\/v2\/pages"}],"about":[{"href":"https:\/\/www.uca.edu.sv\/dric\/wp-json\/wp\/v2\/types\/page"}],"author":[{"embeddable":true,"href":"https:\/\/www.uca.edu.sv\/dric\/wp-json\/wp\/v2\/users\/1"}],"replies":[{"embeddable":true,"href":"https:\/\/www.uca.edu.sv\/dric\/wp-json\/wp\/v2\/comments?post=31"}],"version-history":[{"count":45,"href":"https:\/\/www.uca.edu.sv\/dric\/wp-json\/wp\/v2\/pages\/31\/revisions"}],"predecessor-version":[{"id":886,"href":"https:\/\/www.uca.edu.sv\/dric\/wp-json\/wp\/v2\/pages\/31\/revisions\/886"}],"wp:attachment":[{"href":"https:\/\/www.uca.edu.sv\/dric\/wp-json\/wp\/v2\/media?parent=31"}],"curies":[{"name":"wp","href":"https:\/\/api.w.org\/{rel}","templated":true}]}}