{"id":2335,"date":"2023-03-06T22:26:03","date_gmt":"2023-03-06T22:26:03","guid":{"rendered":"https:\/\/www.uca.edu.sv\/dric\/?page_id=2335"},"modified":"2026-03-28T00:38:07","modified_gmt":"2026-03-28T00:38:07","slug":"convocatorias","status":"publish","type":"page","link":"https:\/\/www.uca.edu.sv\/dric\/convocatorias\/","title":{"rendered":"Convocatorias"},"content":{"rendered":"<h2><\/h2>\n<h5>Ciclo 02-2026<\/h5>\n<h2><span style=\"color: #000080;\">Intercambios Presenciales<\/span><\/h2>\n<p><a href=\"https:\/\/www.uca.edu.sv\/dric\/wp-content\/uploads\/2026\/03\/Convocatoria-PUJ-Bogota-02-2026.pdf\">Pontificia Universidad Javeriana de Bogot\u00e1, Colombia, para ciclo 2-2026.<\/a> <span style=\"color: #ff0000;\">Abierta.<\/span><\/p>\n<p><a href=\"https:\/\/www.uca.edu.sv\/dric\/wp-content\/uploads\/2026\/03\/Convocatoria-PUJ-Cali-1-2026.pdf\">Pontificia Universidad Javeriana de Cali, Colombia, para ciclo 2-2026.<\/a> <span style=\"color: #ff0000;\">Abierta.<\/span><\/p>\n<p><a href=\"https:\/\/www.uca.edu.sv\/dric\/wp-content\/uploads\/2026\/03\/Convocatoria-Ibero-CDMX-2-2026-4.pdf\">Universidad Iberoamericana Ciudad de M\u00e9xico, para el ciclo 2-2026.<\/a> <span style=\"color: #ff0000;\">Abierta.<\/span><\/p>\n<p><a href=\"https:\/\/www.uca.edu.sv\/dric\/wp-content\/uploads\/2026\/03\/Convocatoria-Ibero-Puebla-01-2026-2.pdf\">Universidad Iberoamericana Puebla, M\u00e9xico, para ciclo 2-2026.<\/a> <span style=\"color: #ff0000;\">Abierta.<\/span><\/p>\n<p><a href=\"https:\/\/www.uca.edu.sv\/dric\/wp-content\/uploads\/2026\/03\/Convocatoria-ULoyola-02-2026.pdf\">Universidad Loyola Andaluc\u00eda, Espa\u00f1a, para el ciclo 2-2026.<\/a> <span style=\"color: #ff0000;\">Abierta.<\/span><\/p>\n<p><a href=\"https:\/\/www.uca.edu.sv\/dric\/wp-content\/uploads\/2026\/03\/Convocatoria-BECA-AUSJAL-Ibero-PUEBLA-02-2026.pdf\">Beca Ausjal para intercambio en Universidad Iberoamericana Puebla, M\u00e9xico, ciclo 2-2026.<\/a> <span style=\"color: #ff0000;\">Abierta.<\/span><\/p>\n<p><a href=\"https:\/\/www.uca.edu.sv\/dric\/wp-content\/uploads\/2026\/03\/Erasmus-VGTU-2-2026-1.pdf\">Beca Erasmus+ para intercambio en la Universidad Vilnius Tech, Lituania, ciclo 2-2026.<\/a> <span style=\"color: #ff0000;\">Abierta.<\/span><\/p>\n<p><a href=\"https:\/\/www.uca.edu.sv\/dric\/wp-content\/uploads\/2026\/03\/Erasmus-UPC-1-2026-2.pdf\">Beca Erasmus+ para intercambio en la Universidad Polit\u00e9cnica de Catalu\u00f1a, Espa\u00f1a, ciclo 2-2026.<\/a> <span style=\"color: #ff0000;\">Abierta (lista de carreras actualizada).<\/span><\/p>\n<p><a href=\"https:\/\/www.uca.edu.sv\/dric\/wp-content\/uploads\/2026\/03\/2026-Fundacion-Botin.pdf\">Beca Fundaci\u00f3n Bot\u00edn, Programa para el Fortalecimiento de la Funci\u00f3n P\u00fablica en Am\u00e9rica Latina.<\/a> <span style=\"color: #ff0000;\">Abierta.<\/span><\/p>\n<p><a href=\"https:\/\/www.uca.edu.sv\/dric\/wp-content\/uploads\/2026\/03\/Beca-de-alojamiento-PUJ-Cali-02-2026.pdf\">Beca de alojamiento para intercambio en la Pontificia Universidad Javeriana de Cali, Colombia. <\/a><span style=\"color: #ff0000;\">Abierta.<\/span><\/p>\n<p>&nbsp;<\/p>\n<h2><span style=\"color: #000080;\">MAGIS Exchange<\/span><\/h2>\n<p><a href=\"https:\/\/www.uca.edu.sv\/dric\/wp-content\/uploads\/2026\/03\/Magis-Exchange-XII-01-2026.pdf\">Convocatoria Magis Exchange para ciclo 1-2027<\/a>. <span style=\"color: #ff0000;\">Abierta.<\/span><\/p>\n<p>&nbsp;<\/p>\n<h2><span style=\"color: #000080;\">Cursos cortos<\/span><\/h2>\n<p><a href=\"https:\/\/www.canva.com\/design\/DAG9lO9GGt0\/Pu8edW7BA3bsrgyls7TCVg\/view?utm_content=DAG9lO9GGt0&amp;utm_campaign=designshare&amp;utm_medium=link2&amp;utm_source=uniquelinks&amp;utlId=h23f7171e68#1\">Cursos de verano de la Universidad An\u00e1huac Canc\u00fan<\/a> para especializarse en:<\/p>\n<ul>\n<li>Turismo<\/li>\n<li>Comunicaciones y Medios Digitales<\/li>\n<li>Negocios e Inteligencia Artificial<\/li>\n<li>Gastronom\u00eda y cultura Maya<\/li>\n<\/ul>\n<p>A realizarse el 13 y 20 de junio en modalidad virtual y del 20 al 24 de julio, o del 27 al 31 de julio, en el campus de An\u00e1huac Canc\u00fan.\u00a0Fecha l\u00edmite de inscripci\u00f3n: 31 de mayo de 2026.<\/p>\n<h2><span style=\"color: #000080;\">Intercambios Virtuales<\/span><\/h2>\n<p><a href=\"https:\/\/www.uca.edu.sv\/dric\/wp-content\/uploads\/2025\/10\/01-2026-Intercampus-Virtual-AUSJAL.pdf\">Intercampus virtual AUSJAL para estudios del ciclo 1-2026.<\/a> <span style=\"color: #ff0000;\">Cerrada.<\/span><\/p>\n<p>&nbsp;<\/p>\n<p>&nbsp;<\/p>\n","protected":false},"excerpt":{"rendered":"<p>Ciclo 02-2026 Intercambios Presenciales Pontificia Universidad Javeriana de Bogot\u00e1, Colombia, para ciclo 2-2026. Abierta. Pontificia Universidad Javeriana de Cali, Colombia, para ciclo 2-2026. Abierta. Universidad Iberoamericana Ciudad de M\u00e9xico, para el ciclo 2-2026. Abierta. Universidad Iberoamericana Puebla, M\u00e9xico, para ciclo 2-2026. Abierta. Universidad Loyola Andaluc\u00eda, Espa\u00f1a, para el ciclo 2-2026. Abierta. Beca Ausjal para intercambio [&hellip;]<\/p>\n","protected":false},"author":9,"featured_media":0,"parent":0,"menu_order":0,"comment_status":"closed","ping_status":"closed","template":"","meta":[],"_links":{"self":[{"href":"https:\/\/www.uca.edu.sv\/dric\/wp-json\/wp\/v2\/pages\/2335"}],"collection":[{"href":"https:\/\/www.uca.edu.sv\/dric\/wp-json\/wp\/v2\/pages"}],"about":[{"href":"https:\/\/www.uca.edu.sv\/dric\/wp-json\/wp\/v2\/types\/page"}],"author":[{"embeddable":true,"href":"https:\/\/www.uca.edu.sv\/dric\/wp-json\/wp\/v2\/users\/9"}],"replies":[{"embeddable":true,"href":"https:\/\/www.uca.edu.sv\/dric\/wp-json\/wp\/v2\/comments?post=2335"}],"version-history":[{"count":167,"href":"https:\/\/www.uca.edu.sv\/dric\/wp-json\/wp\/v2\/pages\/2335\/revisions"}],"predecessor-version":[{"id":3304,"href":"https:\/\/www.uca.edu.sv\/dric\/wp-json\/wp\/v2\/pages\/2335\/revisions\/3304"}],"wp:attachment":[{"href":"https:\/\/www.uca.edu.sv\/dric\/wp-json\/wp\/v2\/media?parent=2335"}],"curies":[{"name":"wp","href":"https:\/\/api.w.org\/{rel}","templated":true}]}}