{"id":2252,"date":"2023-02-14T22:50:48","date_gmt":"2023-02-14T22:50:48","guid":{"rendered":"https:\/\/www.uca.edu.sv\/dric\/?page_id=2252"},"modified":"2023-02-14T22:50:48","modified_gmt":"2023-02-14T22:50:48","slug":"visita-de-la-fundacion-romero-trust-de-inglaterra-4","status":"publish","type":"page","link":"https:\/\/www.uca.edu.sv\/dric\/visita-de-la-fundacion-romero-trust-de-inglaterra-4\/","title":{"rendered":"Visita de la Fundaci\u00f3n Romero Trust de Inglaterra."},"content":{"rendered":"<div class=\"x11i5rnm xat24cr x1mh8g0r x1vvkbs xdj266r x126k92a\">\n<div dir=\"auto\" style=\"text-align: center;\"><a href=\"https:\/\/www.uca.edu.sv\/dric\/wp-content\/uploads\/2023\/02\/Visita-CAFOD-1.jpg\"><img decoding=\"async\" loading=\"lazy\" class=\"aligncenter size-medium wp-image-2239\" src=\"https:\/\/www.uca.edu.sv\/dric\/wp-content\/uploads\/2023\/02\/Visita-CAFOD-1-500x333.jpg\" alt=\"Visita CAFOD 1\" width=\"500\" height=\"333\" srcset=\"https:\/\/www.uca.edu.sv\/dric\/wp-content\/uploads\/2023\/02\/Visita-CAFOD-1-500x333.jpg 500w, https:\/\/www.uca.edu.sv\/dric\/wp-content\/uploads\/2023\/02\/Visita-CAFOD-1-125x83.jpg 125w, https:\/\/www.uca.edu.sv\/dric\/wp-content\/uploads\/2023\/02\/Visita-CAFOD-1-750x500.jpg 750w\" sizes=\"(max-width: 500px) 100vw, 500px\" \/><\/a><\/div>\n<div dir=\"auto\">\u00a0<\/div>\n<div dir=\"auto\">El 10 de febrero visitaron la UCA monse\u00f1or John Wilson, arzobispo de la di\u00f3cesis de Southwark (Londres), junto con su secretario P. Phil Andrews, el decano de la catedral, P. Michael Branch, y el presidente del consejo de sacerdotes P. Alan McLean. Estuvieron acompa\u00f1ados por Julian Filoshowski y Clare Dixon, de la Fundaci\u00f3n Romero Trust de Inglaterra.<\/div>\n<\/div>\n<div class=\"x11i5rnm xat24cr x1mh8g0r x1vvkbs xtlvy1s x126k92a\">\n<div dir=\"auto\">El prop\u00f3sito de la visita fue conocer el Centro Monse\u00f1or Romero, donde sostuvieron una reuni\u00f3n con el P. Rodolfo Cardenal, S.J. y recorrieron la Sala de los M\u00e1rtires y el Jard\u00edn de Rosas; adem\u00e1s, conversaron con el rector de la UCA, P. Andreu Oliva, S.J., sobre el rol de la universidad en la sociedad salvadore\u00f1a.<\/div>\n<\/div>\n","protected":false},"excerpt":{"rendered":"<p>\u00a0 El 10 de febrero visitaron la UCA monse\u00f1or John Wilson, arzobispo de la di\u00f3cesis de Southwark (Londres), junto con su secretario P. Phil Andrews, el decano de la catedral, P. Michael Branch, y el presidente del consejo de sacerdotes P. Alan McLean. Estuvieron acompa\u00f1ados por Julian Filoshowski y Clare Dixon, de la Fundaci\u00f3n Romero [&hellip;]<\/p>\n","protected":false},"author":10,"featured_media":0,"parent":0,"menu_order":0,"comment_status":"open","ping_status":"open","template":"","meta":[],"_links":{"self":[{"href":"https:\/\/www.uca.edu.sv\/dric\/wp-json\/wp\/v2\/pages\/2252"}],"collection":[{"href":"https:\/\/www.uca.edu.sv\/dric\/wp-json\/wp\/v2\/pages"}],"about":[{"href":"https:\/\/www.uca.edu.sv\/dric\/wp-json\/wp\/v2\/types\/page"}],"author":[{"embeddable":true,"href":"https:\/\/www.uca.edu.sv\/dric\/wp-json\/wp\/v2\/users\/10"}],"replies":[{"embeddable":true,"href":"https:\/\/www.uca.edu.sv\/dric\/wp-json\/wp\/v2\/comments?post=2252"}],"version-history":[{"count":1,"href":"https:\/\/www.uca.edu.sv\/dric\/wp-json\/wp\/v2\/pages\/2252\/revisions"}],"predecessor-version":[{"id":2253,"href":"https:\/\/www.uca.edu.sv\/dric\/wp-json\/wp\/v2\/pages\/2252\/revisions\/2253"}],"wp:attachment":[{"href":"https:\/\/www.uca.edu.sv\/dric\/wp-json\/wp\/v2\/media?parent=2252"}],"curies":[{"name":"wp","href":"https:\/\/api.w.org\/{rel}","templated":true}]}}