{"id":2166,"date":"2022-08-09T21:42:26","date_gmt":"2022-08-09T21:42:26","guid":{"rendered":"https:\/\/www.uca.edu.sv\/dric\/?page_id=2166"},"modified":"2022-08-09T21:42:32","modified_gmt":"2022-08-09T21:42:32","slug":"noticia-4-edicion-10","status":"publish","type":"page","link":"https:\/\/www.uca.edu.sv\/dric\/noticia-4-edicion-10\/","title":{"rendered":""},"content":{"rendered":"<p style=\"text-align: justify;\"><a href=\"https:\/\/www.uca.edu.sv\/dric\/wp-content\/uploads\/2022\/08\/Noticia-4.png\"><img decoding=\"async\" loading=\"lazy\" class=\"alignnone  wp-image-2167\" src=\"https:\/\/www.uca.edu.sv\/dric\/wp-content\/uploads\/2022\/08\/Noticia-4.png\" alt=\"Noticia 4\" width=\"968\" height=\"466\" srcset=\"https:\/\/www.uca.edu.sv\/dric\/wp-content\/uploads\/2022\/08\/Noticia-4.png 1350w, https:\/\/www.uca.edu.sv\/dric\/wp-content\/uploads\/2022\/08\/Noticia-4-125x60.png 125w, https:\/\/www.uca.edu.sv\/dric\/wp-content\/uploads\/2022\/08\/Noticia-4-500x241.png 500w, https:\/\/www.uca.edu.sv\/dric\/wp-content\/uploads\/2022\/08\/Noticia-4-800x385.png 800w\" sizes=\"(max-width: 968px) 100vw, 968px\" \/><\/a><\/p>\n<p style=\"text-align: justify;\">Del 3 al 6 de agosto se realiz\u00f3 la Asamblea Internacional de Universidades Jesuitas (IAJU, por su nombre en ingl\u00e9s), donde se desarrollaron una variedad de actividades.<\/p>\n<p style=\"text-align: justify;\">El mi\u00e9rcoles 3 de agosto se llev\u00f3 a cabo el Taller &#8220;Frente a la crisis: Democracia y fragilidad en el mundo&#8221;. Durante la primera parte del taller, el cual fue facilitado por el Secretario Ejecutivo de AUSJAL, Dr. Francisco Urrutia, se present\u00f3 el plan estrat\u00e9gico de la Asociaci\u00f3n de Universidades Confiadas a la Compa\u00f1\u00eda de Jes\u00fas en Am\u00e9rica Latina (AUSJAL), que incluye tres objetivos clave:<\/p>\n<ul style=\"text-align: justify;\">\n<li>Desarrollar investigaciones conjuntas entre las universidades de AUSJAL sobre temas estrat\u00e9gicos.<\/li>\n<li>El Intercambio, la sistematizaci\u00f3n y el desarrollo de experiencias de formaci\u00f3n de liderazgo social y pol\u00edtico entre las universidades de AUSJAL con otras universidades y redes jesuitas, especialmente en el marco de la DUAJ.<\/li>\n<li>Desarrollar actividades internacionales conjuntas en relaci\u00f3n con cuestiones estrat\u00e9gicas de promoci\u00f3n que se vinculen a las prioridades de los Rectores y consejos de administraci\u00f3n de las universidades.<\/li>\n<\/ul>\n<p style=\"text-align: justify;\">Asimismo, se present\u00f3 el Observatorio para la Democracia en Am\u00e9rica Latina, el cual nace de una investigaci\u00f3n liderada por la Universidad Cat\u00f3lica Andr\u00e9s Bello y a petici\u00f3n del P. Arturo Sosa, S.J. General de los Jesuitas. Los resultados de la investigaci\u00f3n fueron presentados por el Dr. \u00c1ngel \u00c1lvarez, de la Universidad Cat\u00f3lica Andr\u00e9s Bello, quien lo resumi\u00f3 as\u00ed: la democracia es fr\u00e1gil y est\u00e1 en declive en toda la regi\u00f3n. Y para continuar con el trabajo, el Observatorio tiene como tarea la realizaci\u00f3n de m\u00e1s investigaciones sobre este tema, para que de esta manera surjan nuevas ideas respecto a campos que no han sido estudiados lo suficiente por organizaciones\u00a0 en materia de democracia.<\/p>\n<p style=\"text-align: justify;\">Seguidamente, se realiz\u00f3 un dialogo entre los representantes de cada asociaci\u00f3n regional de la IAJU, donde se abordaron los retos que enfrenta la democracia en las distintas regiones y las oportunidades que existen para enfrentarse a este desaf\u00edo.<\/p>\n<p style=\"text-align: justify;\">Fueron 196 universidades jesuitas e instituciones de educaci\u00f3n superior de todo el mundo las que participaron en la Asamblea, y el Rector de la UCA, Padre Andreu Oliva de la Esperanza particip\u00f3 en representaci\u00f3n de la universidad, y en este espacio tuvo la oportunidad de reflexionar\u00a0 sobre el futuro de la educaci\u00f3n jesuita y las prioridades m\u00e1s urgentes de la educaci\u00f3n superior.<\/p>\n","protected":false},"excerpt":{"rendered":"<p>Del 3 al 6 de agosto se realiz\u00f3 la Asamblea Internacional de Universidades Jesuitas (IAJU, por su nombre en ingl\u00e9s), donde se desarrollaron una variedad de actividades. El mi\u00e9rcoles 3 de agosto se llev\u00f3 a cabo el Taller &#8220;Frente a la crisis: Democracia y fragilidad en el mundo&#8221;. Durante la primera parte del taller, el [&hellip;]<\/p>\n","protected":false},"author":8,"featured_media":0,"parent":0,"menu_order":0,"comment_status":"open","ping_status":"open","template":"","meta":[],"_links":{"self":[{"href":"https:\/\/www.uca.edu.sv\/dric\/wp-json\/wp\/v2\/pages\/2166"}],"collection":[{"href":"https:\/\/www.uca.edu.sv\/dric\/wp-json\/wp\/v2\/pages"}],"about":[{"href":"https:\/\/www.uca.edu.sv\/dric\/wp-json\/wp\/v2\/types\/page"}],"author":[{"embeddable":true,"href":"https:\/\/www.uca.edu.sv\/dric\/wp-json\/wp\/v2\/users\/8"}],"replies":[{"embeddable":true,"href":"https:\/\/www.uca.edu.sv\/dric\/wp-json\/wp\/v2\/comments?post=2166"}],"version-history":[{"count":2,"href":"https:\/\/www.uca.edu.sv\/dric\/wp-json\/wp\/v2\/pages\/2166\/revisions"}],"predecessor-version":[{"id":2169,"href":"https:\/\/www.uca.edu.sv\/dric\/wp-json\/wp\/v2\/pages\/2166\/revisions\/2169"}],"wp:attachment":[{"href":"https:\/\/www.uca.edu.sv\/dric\/wp-json\/wp\/v2\/media?parent=2166"}],"curies":[{"name":"wp","href":"https:\/\/api.w.org\/{rel}","templated":true}]}}