{"id":2152,"date":"2022-08-09T21:15:23","date_gmt":"2022-08-09T21:15:23","guid":{"rendered":"https:\/\/www.uca.edu.sv\/dric\/?page_id=2152"},"modified":"2022-08-09T21:15:33","modified_gmt":"2022-08-09T21:15:33","slug":"noticia-1-edicion-10","status":"publish","type":"page","link":"https:\/\/www.uca.edu.sv\/dric\/noticia-1-edicion-10\/","title":{"rendered":""},"content":{"rendered":"<p style=\"text-align: justify;\"><a href=\"https:\/\/www.uca.edu.sv\/dric\/wp-content\/uploads\/2022\/08\/Noticia-1-.png\"><img decoding=\"async\" loading=\"lazy\" class=\"alignnone  wp-image-2153\" src=\"https:\/\/www.uca.edu.sv\/dric\/wp-content\/uploads\/2022\/08\/Noticia-1-.png\" alt=\"Noticia 1\" width=\"970\" height=\"467\" srcset=\"https:\/\/www.uca.edu.sv\/dric\/wp-content\/uploads\/2022\/08\/Noticia-1-.png 1350w, https:\/\/www.uca.edu.sv\/dric\/wp-content\/uploads\/2022\/08\/Noticia-1--125x60.png 125w, https:\/\/www.uca.edu.sv\/dric\/wp-content\/uploads\/2022\/08\/Noticia-1--500x241.png 500w, https:\/\/www.uca.edu.sv\/dric\/wp-content\/uploads\/2022\/08\/Noticia-1--800x385.png 800w\" sizes=\"(max-width: 970px) 100vw, 970px\" \/><\/a><\/p>\n<p style=\"text-align: justify;\">En julio se recibi\u00f3 en la UCA El Salvador a representantes de la Universidad de Deusto, Espa\u00f1a. La delegaci\u00f3n fue encabezada por el Rector de Deusto, Padre Jos\u00e9 Mar\u00eda Guibert.<\/p>\n<p style=\"text-align: justify;\">La visita se realiz\u00f3 en el marco del Programa Centroam\u00e9rica 2022, impulsado por la Universidad de Deusto con el objetivo de aportar a la formaci\u00f3n de su personal, d\u00e1ndoles la oportunidad de conocer de cerca las distintas realidades que se viven a lo largo de las obras de la Compa\u00f1\u00eda de Jes\u00fas.<\/p>\n<p style=\"text-align: justify;\">Los temas abordados durante la visita se enfocaron en educaci\u00f3n, migraci\u00f3n y pastoral. Durante la reuni\u00f3n se les explic\u00f3 a los miembros de Deusto el trabajo de la UCA, tanto desde la parte acad\u00e9mica como desde la parte social.<\/p>\n<p style=\"text-align: justify;\">El Rector de la UCA, Padre Andreu Oliva de la Esperanza, junto a vicerrectores, decanos y directores, compartieron informaci\u00f3n sobre la universidad, sus distintos programas y abordaron el tema de la realidad centroamericana actualmente y como la UCA trabaja para incidir en la realidad salvadore\u00f1a de forma positiva. Asimismo, realizaron un recorrido por el campus de la universidad, visitando a la productora de videos con enfoque social, Audiovisuales UCA, y la radio universitaria, YSUCA.<\/p>\n<p style=\"text-align: justify;\">Para finalizar su visita, tuvieron la oportunidad de recibir un tour guiado por el Museo\u00a0 de los M\u00e1rtires del Centro Monse\u00f1or Romero.<\/p>\n<p style=\"text-align: justify;\">Para la UCA, estos encuentros fortalecen en gran manera los v\u00ednculos institucionales con universidades jesuitas alrededor del mundo, y abren puertas para generar alianzas y proyectos de cooperaci\u00f3n en conjunto.<\/p>\n","protected":false},"excerpt":{"rendered":"<p>En julio se recibi\u00f3 en la UCA El Salvador a representantes de la Universidad de Deusto, Espa\u00f1a. La delegaci\u00f3n fue encabezada por el Rector de Deusto, Padre Jos\u00e9 Mar\u00eda Guibert. La visita se realiz\u00f3 en el marco del Programa Centroam\u00e9rica 2022, impulsado por la Universidad de Deusto con el objetivo de aportar a la formaci\u00f3n [&hellip;]<\/p>\n","protected":false},"author":8,"featured_media":0,"parent":0,"menu_order":0,"comment_status":"open","ping_status":"open","template":"","meta":[],"_links":{"self":[{"href":"https:\/\/www.uca.edu.sv\/dric\/wp-json\/wp\/v2\/pages\/2152"}],"collection":[{"href":"https:\/\/www.uca.edu.sv\/dric\/wp-json\/wp\/v2\/pages"}],"about":[{"href":"https:\/\/www.uca.edu.sv\/dric\/wp-json\/wp\/v2\/types\/page"}],"author":[{"embeddable":true,"href":"https:\/\/www.uca.edu.sv\/dric\/wp-json\/wp\/v2\/users\/8"}],"replies":[{"embeddable":true,"href":"https:\/\/www.uca.edu.sv\/dric\/wp-json\/wp\/v2\/comments?post=2152"}],"version-history":[{"count":2,"href":"https:\/\/www.uca.edu.sv\/dric\/wp-json\/wp\/v2\/pages\/2152\/revisions"}],"predecessor-version":[{"id":2155,"href":"https:\/\/www.uca.edu.sv\/dric\/wp-json\/wp\/v2\/pages\/2152\/revisions\/2155"}],"wp:attachment":[{"href":"https:\/\/www.uca.edu.sv\/dric\/wp-json\/wp\/v2\/media?parent=2152"}],"curies":[{"name":"wp","href":"https:\/\/api.w.org\/{rel}","templated":true}]}}