{"id":2123,"date":"2022-06-16T23:44:23","date_gmt":"2022-06-16T23:44:23","guid":{"rendered":"https:\/\/www.uca.edu.sv\/dric\/?page_id=2123"},"modified":"2022-06-24T18:03:46","modified_gmt":"2022-06-24T18:03:46","slug":"noticia-4-edicion-9","status":"publish","type":"page","link":"https:\/\/www.uca.edu.sv\/dric\/noticia-4-edicion-9\/","title":{"rendered":""},"content":{"rendered":"<p><a href=\"https:\/\/www.uca.edu.sv\/dric\/wp-content\/uploads\/2022\/06\/Copia-de-Gaceta-Internacional-Edici\u00f3n-4-13.png\"><img decoding=\"async\" loading=\"lazy\" class=\"alignnone  wp-image-2124\" src=\"https:\/\/www.uca.edu.sv\/dric\/wp-content\/uploads\/2022\/06\/Copia-de-Gaceta-Internacional-Edici\u00f3n-4-13.png\" alt=\"Copia de Gaceta Internacional Edici\u00f3n 4 (1)\" width=\"970\" height=\"467\" srcset=\"https:\/\/www.uca.edu.sv\/dric\/wp-content\/uploads\/2022\/06\/Copia-de-Gaceta-Internacional-Edici\u00f3n-4-13.png 1350w, https:\/\/www.uca.edu.sv\/dric\/wp-content\/uploads\/2022\/06\/Copia-de-Gaceta-Internacional-Edici\u00f3n-4-13-125x60.png 125w, https:\/\/www.uca.edu.sv\/dric\/wp-content\/uploads\/2022\/06\/Copia-de-Gaceta-Internacional-Edici\u00f3n-4-13-500x241.png 500w, https:\/\/www.uca.edu.sv\/dric\/wp-content\/uploads\/2022\/06\/Copia-de-Gaceta-Internacional-Edici\u00f3n-4-13-800x385.png 800w\" sizes=\"(max-width: 970px) 100vw, 970px\" \/><\/a><\/p>\n<p style=\"text-align: justify;\">La UCA recibi\u00f3 la visita de Enrique Varela, docente de la Universidad de Vigo, Espa\u00f1a, quien realiz\u00f3 una movilidad de docencia gracias al acuerdo Erasmus Plus de la Uni\u00f3n Europea que la UCA mantiene con esa universidad.<\/p>\n<p style=\"text-align: justify;\">Durante su visita realiz\u00f3 diversas actividades, tales como:<\/p>\n<ul style=\"text-align: justify;\">\n<li>Charla con el alumnado de la Maestr\u00eda en Administraci\u00f3n P\u00fablica sobre \u201cContexto Administraciones P\u00fablicas: Complejidad Institucional en un Mundo H\u00edbrido\u201d y \u201cCasos de Cooperaci\u00f3n Institucional entre Administraciones P\u00fablicas\u201d.<\/li>\n<li>Sostuvo una reuni\u00f3n de trabajo con Antonio Morales, director de la Maestr\u00eda en Administraci\u00f3n P\u00fablica, para evaluar el desarrollo del Convenio Erasmus entre la UCA y Vigo firmado en el 2018, y acordar las nuevas propuestas a incluir en el\u00a0pr\u00f3ximo convenio.<\/li>\n<li>Se llev\u00f3 a cabo una conferencia presencial para personal docente de la UCA y autoridades acad\u00e9micas, titulada \u201cDesaf\u00edos\u00a0para una educaci\u00f3n virtual\u00a0universitaria de calidad\u201d.<\/li>\n<li>Se reuni\u00f3 con Carlos Ferrufino, Director de Postgrados; Nelly Ch\u00e9vez, Decana de Postgrados; y el Rector de la UCA, Andreu Oliva, con los que abord\u00f3 los l\u00edmites y posibilidades del e-learning.<\/li>\n<\/ul>\n<p style=\"text-align: justify;\">El Profesor Varela se\u00f1al\u00f3 que el objetivo de la visita es avanzar en colaboraci\u00f3n con la UCA, tanto en programas de intercambio como en la posibilidad de desarrollar iniciativas conjuntas de docencia virtual. Destac\u00f3 que el encuentro con el Padre Oliva fue relevante para la Facultad de Gesti\u00f3n P\u00fablica porque implica, por un lado, su proyecci\u00f3n internacional y, por otro, la transferencia de buenas pr\u00e1cticas de e-learning a universidades de Am\u00e9rica Latina.<\/p>\n<p style=\"text-align: justify;\">Gracias al acuerdo de la UCA con la Universidad de Vigo dos docentes y dos estudiantes de la UCA han realizado movilidades internacionales hacia Espa\u00f1a; \u00a0y un estudiante de Direcci\u00f3n y Administraci\u00f3n P\u00fablica de Vigo se encuentra actualmente en la UCA form\u00e1ndose por tres meses.\u00a0<\/p>\n","protected":false},"excerpt":{"rendered":"<p>La UCA recibi\u00f3 la visita de Enrique Varela, docente de la Universidad de Vigo, Espa\u00f1a, quien realiz\u00f3 una movilidad de docencia gracias al acuerdo Erasmus Plus de la Uni\u00f3n Europea que la UCA mantiene con esa universidad. Durante su visita realiz\u00f3 diversas actividades, tales como: Charla con el alumnado de la Maestr\u00eda en Administraci\u00f3n P\u00fablica [&hellip;]<\/p>\n","protected":false},"author":8,"featured_media":0,"parent":0,"menu_order":0,"comment_status":"open","ping_status":"open","template":"","meta":[],"_links":{"self":[{"href":"https:\/\/www.uca.edu.sv\/dric\/wp-json\/wp\/v2\/pages\/2123"}],"collection":[{"href":"https:\/\/www.uca.edu.sv\/dric\/wp-json\/wp\/v2\/pages"}],"about":[{"href":"https:\/\/www.uca.edu.sv\/dric\/wp-json\/wp\/v2\/types\/page"}],"author":[{"embeddable":true,"href":"https:\/\/www.uca.edu.sv\/dric\/wp-json\/wp\/v2\/users\/8"}],"replies":[{"embeddable":true,"href":"https:\/\/www.uca.edu.sv\/dric\/wp-json\/wp\/v2\/comments?post=2123"}],"version-history":[{"count":3,"href":"https:\/\/www.uca.edu.sv\/dric\/wp-json\/wp\/v2\/pages\/2123\/revisions"}],"predecessor-version":[{"id":2134,"href":"https:\/\/www.uca.edu.sv\/dric\/wp-json\/wp\/v2\/pages\/2123\/revisions\/2134"}],"wp:attachment":[{"href":"https:\/\/www.uca.edu.sv\/dric\/wp-json\/wp\/v2\/media?parent=2123"}],"curies":[{"name":"wp","href":"https:\/\/api.w.org\/{rel}","templated":true}]}}