{"id":2118,"date":"2022-06-16T23:41:38","date_gmt":"2022-06-16T23:41:38","guid":{"rendered":"https:\/\/www.uca.edu.sv\/dric\/?page_id=2118"},"modified":"2022-07-20T16:20:03","modified_gmt":"2022-07-20T16:20:03","slug":"noticia-3-edicion-9","status":"publish","type":"page","link":"https:\/\/www.uca.edu.sv\/dric\/noticia-3-edicion-9\/","title":{"rendered":""},"content":{"rendered":"<p><a href=\"https:\/\/www.uca.edu.sv\/dric\/wp-content\/uploads\/2022\/06\/Copia-de-Gaceta-Internacional-Edici\u00f3n-4-12.png\"><img decoding=\"async\" loading=\"lazy\" class=\"alignnone  wp-image-2119\" src=\"https:\/\/www.uca.edu.sv\/dric\/wp-content\/uploads\/2022\/06\/Copia-de-Gaceta-Internacional-Edici\u00f3n-4-12.png\" alt=\"Copia de Gaceta Internacional Edici\u00f3n 4 (1)\" width=\"970\" height=\"467\" srcset=\"https:\/\/www.uca.edu.sv\/dric\/wp-content\/uploads\/2022\/06\/Copia-de-Gaceta-Internacional-Edici\u00f3n-4-12.png 1350w, https:\/\/www.uca.edu.sv\/dric\/wp-content\/uploads\/2022\/06\/Copia-de-Gaceta-Internacional-Edici\u00f3n-4-12-125x60.png 125w, https:\/\/www.uca.edu.sv\/dric\/wp-content\/uploads\/2022\/06\/Copia-de-Gaceta-Internacional-Edici\u00f3n-4-12-500x241.png 500w, https:\/\/www.uca.edu.sv\/dric\/wp-content\/uploads\/2022\/06\/Copia-de-Gaceta-Internacional-Edici\u00f3n-4-12-800x385.png 800w\" sizes=\"(max-width: 970px) 100vw, 970px\" \/><\/a><\/p>\n<p style=\"text-align: justify;\">La UCA tuvo la oportunidad de participar en el Foro &#8220;The Future of Internationalization in the Jesuit Universities&#8221; (&#8220;El Futuro de la Internacionalizaci\u00f3n en las Universidades Jesuitas&#8221;), el cual surgi\u00f3 ante la necesidad de repensar el papel de las Universidades de la Compa\u00f1\u00eda de Jes\u00fas en la arena global, tanto en la actualidad como en el futuro.<\/p>\n<p style=\"text-align: justify;\">El Foro fue organizado por la Universidad Iberoamericana en la Ciudad de M\u00e9xico, en el que se desarrollaron mesas redondas, las cuales incluyeron tres temas principales:<\/p>\n<ol style=\"text-align: justify;\">\n<li>Concepto de Internacionalizaci\u00f3n y Ciudadan\u00eda Global para las Universidades Jesuitas: el objetivo de esta mesa fue compartir el concepto de Internacionalizaci\u00f3n entre las Universidades Jesuitas y c\u00f3mo responde a las metas y visiones de cada instituci\u00f3n. Asimismo, reflexionar sobre el concepto de Ciudadan\u00eda Global: significado, caracter\u00edsticas y c\u00f3mo lograrlo.<\/li>\n<li>Tecnolog\u00edas de la Comunicaci\u00f3n para la Internacionalizaci\u00f3n (Colaboraci\u00f3n Virtual, profesores invitados, etc.): ten\u00eda el prop\u00f3sito de compartir las estrategias, buenas pr\u00e1cticas y lecciones aprendidas tras la pandemia y el uso de las tecnolog\u00edas de la comunicaci\u00f3n para garantizar la continuidad de las actividades acad\u00e9micas.<\/li>\n<li>Desaf\u00edos en la cooperaci\u00f3n acad\u00e9mica entre instituciones jesuitas: pose\u00eda el reto de compartir ideas para mejorar el enlace entre instituciones jesuitas, y responder a la interrogante: \u00bfQu\u00e9 podemos hacer para mejorar la cooperaci\u00f3n y trabajar juntos para resolver problemas comunes?<\/li>\n<\/ol>\n<p style=\"text-align: justify;\">En representaci\u00f3n de la UCA, Gloria Pacas, del Departamento de Ciencias de la Educaci\u00f3n, particip\u00f3 como invitada de la mesa del Programa de Inmersi\u00f3n Dual Virtual (PIDV) para hablar sobre la experiencia de la UCA con Seattle University.<\/p>\n<p style=\"text-align: justify;\">Gloria manifest\u00f3 que fue gracias a la DRIC que el Departamento de Ciencias de la Educaci\u00f3n supo de la existencia del PIDV y decidieron involucrarse con el objetivo de expandir sus visiones del mundo, practicar el idioma, desarrollar competencias interculturales, promover el desarrollo de habilidades blandas, motivar en momentos de incertidumbre y tener experiencias colaborativas con colegas.<\/p>\n<p style=\"text-align: justify;\">Gloria resalt\u00f3 la conferencia virtual \u201cLos M\u00e1rtires de la UCA\u201d que se realiz\u00f3 con Serena Cosgrove, de Seattle University, donde se superaron las expectativas.<\/p>\n<p style=\"text-align: justify;\">Asimismo, se hizo menci\u00f3n sobre lo que el PIDV ha representado, ya que gracias a este programa se han tenido m\u00faltiples intercambios estudiantiles y de docentes, se ha brindado formaci\u00f3n a docentes, se ha hecho un uso comunicativo del idioma, se ha brindado soporte socio-emocional en tiempos de aislamiento, y se ha logrado motivar y promover una participaci\u00f3n y practicar el idioma con un alto compromiso.<\/p>\n","protected":false},"excerpt":{"rendered":"<p>La UCA tuvo la oportunidad de participar en el Foro &#8220;The Future of Internationalization in the Jesuit Universities&#8221; (&#8220;El Futuro de la Internacionalizaci\u00f3n en las Universidades Jesuitas&#8221;), el cual surgi\u00f3 ante la necesidad de repensar el papel de las Universidades de la Compa\u00f1\u00eda de Jes\u00fas en la arena global, tanto en la actualidad como en [&hellip;]<\/p>\n","protected":false},"author":8,"featured_media":0,"parent":0,"menu_order":0,"comment_status":"open","ping_status":"open","template":"","meta":[],"_links":{"self":[{"href":"https:\/\/www.uca.edu.sv\/dric\/wp-json\/wp\/v2\/pages\/2118"}],"collection":[{"href":"https:\/\/www.uca.edu.sv\/dric\/wp-json\/wp\/v2\/pages"}],"about":[{"href":"https:\/\/www.uca.edu.sv\/dric\/wp-json\/wp\/v2\/types\/page"}],"author":[{"embeddable":true,"href":"https:\/\/www.uca.edu.sv\/dric\/wp-json\/wp\/v2\/users\/8"}],"replies":[{"embeddable":true,"href":"https:\/\/www.uca.edu.sv\/dric\/wp-json\/wp\/v2\/comments?post=2118"}],"version-history":[{"count":4,"href":"https:\/\/www.uca.edu.sv\/dric\/wp-json\/wp\/v2\/pages\/2118\/revisions"}],"predecessor-version":[{"id":2144,"href":"https:\/\/www.uca.edu.sv\/dric\/wp-json\/wp\/v2\/pages\/2118\/revisions\/2144"}],"wp:attachment":[{"href":"https:\/\/www.uca.edu.sv\/dric\/wp-json\/wp\/v2\/media?parent=2118"}],"curies":[{"name":"wp","href":"https:\/\/api.w.org\/{rel}","templated":true}]}}