{"id":2113,"date":"2022-06-16T23:38:43","date_gmt":"2022-06-16T23:38:43","guid":{"rendered":"https:\/\/www.uca.edu.sv\/dric\/?page_id=2113"},"modified":"2022-07-20T16:20:40","modified_gmt":"2022-07-20T16:20:40","slug":"noticia-2-edicion-9","status":"publish","type":"page","link":"https:\/\/www.uca.edu.sv\/dric\/noticia-2-edicion-9\/","title":{"rendered":""},"content":{"rendered":"<p><a href=\"https:\/\/www.uca.edu.sv\/dric\/wp-content\/uploads\/2022\/06\/Copia-de-Gaceta-Internacional-Edici\u00f3n-4-11.png\"><img decoding=\"async\" loading=\"lazy\" class=\"alignnone  wp-image-2114\" src=\"https:\/\/www.uca.edu.sv\/dric\/wp-content\/uploads\/2022\/06\/Copia-de-Gaceta-Internacional-Edici\u00f3n-4-11.png\" alt=\"Copia de Gaceta Internacional Edici\u00f3n 4 (1)\" width=\"970\" height=\"467\" srcset=\"https:\/\/www.uca.edu.sv\/dric\/wp-content\/uploads\/2022\/06\/Copia-de-Gaceta-Internacional-Edici\u00f3n-4-11.png 1350w, https:\/\/www.uca.edu.sv\/dric\/wp-content\/uploads\/2022\/06\/Copia-de-Gaceta-Internacional-Edici\u00f3n-4-11-125x60.png 125w, https:\/\/www.uca.edu.sv\/dric\/wp-content\/uploads\/2022\/06\/Copia-de-Gaceta-Internacional-Edici\u00f3n-4-11-500x241.png 500w, https:\/\/www.uca.edu.sv\/dric\/wp-content\/uploads\/2022\/06\/Copia-de-Gaceta-Internacional-Edici\u00f3n-4-11-800x385.png 800w\" sizes=\"(max-width: 970px) 100vw, 970px\" \/><\/a><\/p>\n<p style=\"text-align: justify;\">Silvia Funes, Jefa de Oficina de Transferencia e Innovaci\u00f3n, y Luis Aar\u00f3n Mart\u00ednez, jefe del Departamento de Ciencias Energ\u00e9nicas y Flu\u00eddicas, realizaron una movilidad acad\u00e9mica en Vilnius Gediminas Technical University (Lituania) mediante el programa Erasmus Plus de la Uni\u00f3n Europea. Ambos nos comparten sus vivencias:<\/p>\n<p style=\"text-align: justify;\">Fui recientemente beneficiado por una beca de movilidad Erasmus+ para ense\u00f1anza, realizada en Vilnius Gediminas Technical University (Vilnius Tech) en Vilna, Lituania. La experiencia fue sumamente enriquecedora en todo sentido. En primer lugar, era mi primer viaje a ese pa\u00eds del norte de Europa. Para hacerse una idea, Lituania comparte fronteras con Bielorrusia, Polonia, Letonia y tiene costas en el mar B\u00e1ltico. El pa\u00eds es peculiar e interesante. A pesar de tener cercan\u00eda geogr\u00e1fica con Ucrania y Rusia, en estos d\u00edas se respira una tranquilidad absoluta, aunque \u00a0mucha solidaridad con sus hermanos ucranianos. Es un pa\u00eds econ\u00f3micamente fuerte y cuenta con una excelente infraestructura. Su poblaci\u00f3n es muy educada y amable; aunque el idioma oficial es el lituano, los m\u00e1s j\u00f3venes hablan un ingl\u00e9s muy bueno y los mayores pueden comunicarse en ruso. La capital del pa\u00eds, Vilna, es una ciudad rica en edificios hist\u00f3ricos y abundante vegetaci\u00f3n.<\/p>\n<p style=\"text-align: justify;\">Yo tuve la oportunidad de realizar dos actividades. Primero, impart\u00ed una conferencia sobre nuestra investigaci\u00f3n NZEB, la cual fue de inter\u00e9s para los acad\u00e9micos de Vilnius Tech. El presentar investigaciones en otro continente es una experiencia \u00fanica, pues nos permite intercambiar experiencias y ampliar las perspectivas de los acad\u00e9micos y estudiantes de Vilnius Tech y las propias sobre los retos y oportunidades de implementar construcci\u00f3n sostenible alrededor del mundo. Durante la ponencia, hubo un di\u00e1logo, reflexi\u00f3n y cuestionamientos que nos llevaron a concluir que nuestras realidades no distan tanto como cre\u00edamos. Por otro lado, particip\u00e9 en la Semana Internacional, organizada por la universidad hu\u00e9sped, en la cual compart\u00ed con representantes de muchos pa\u00edses del mundo y aprendimos acerca de las estrategias de internacionalizaci\u00f3n empleadas por Vilnius Tech. La Semana Internacional incluy\u00f3 charlas, paneles de discusi\u00f3n y recorridos guiados. Destaco como lo importante el compartir con personas de diversos antecedentes, conocer sobre pa\u00edses y culturas distantes, pero a la vez encontrarse con personas a quienes hoy puedo llamar amigos.<\/p>\n<p style=\"text-align: justify;\">Animo a los acad\u00e9micos de la UCA a aplicar a este tipo de movilidades. Aunque existen barreras para hacerlo, puedo compartirles que en mi opini\u00f3n es una experiencia que vale la pena. M\u00e1s all\u00e1 del prejuicio injusto de que se trata de \u201cturismo acad\u00e9mico\u201d, uno en la pr\u00e1ctica conoce personas muy interesantes y descubre formas distintas de realizar nuestro trabajo, experiencias que nos pueden llevar a aplicar enfoques y metodolog\u00edas nuevas en nuestro contexto, as\u00ed como generar contactos que nos permitan potenciar nuestro trabajo acad\u00e9mico. Personalmente puedo resaltar que qued\u00e9 asombrado con la forma de ense\u00f1ar Mantenimiento Industrial en dicha universidad. Visit\u00e9 un hangar en el campus dedicado para la ense\u00f1anza del mantenimiento y dise\u00f1o aeron\u00e1utico, en el cual entrenan a los estudiantes de ingenier\u00eda mec\u00e1nica de forma pr\u00e1ctica para detectar fallas y armar\/desarmar elementos de aeronave o aeronaves completas. Esa experiencia prepara mejor a sus estudiantes para trabajar en dicha industria, adquiriendo habilidades pr\u00e1cticas \u00fatiles, lo cual refuerza su comprensi\u00f3n te\u00f3rica y competencias t\u00e9cnicas profesionales. Termino comentando que el proceso de aplicaci\u00f3n para la movilidad es muy sencillo. En todas las etapas del proceso, el staff de la DRIC y Erasmus+ nos apoya y facilita los contactos y log\u00edstica para aprovechar al m\u00e1ximo la experiencia.<\/p>\n<ul style=\"text-align: justify;\">\n<li><em>Luis Mart\u00ednez<\/em><\/li>\n<\/ul>\n<p style=\"text-align: justify;\">Participar como becaria de movilidad internacional de personal\u00a0 en el Programa Erasmus+\u00a0 fue una experiencia muy bonita y enriquecedora. Esta oportunidad de formar parte de la Semana del Staff Internacional en la Universidad T\u00e9cnica Vilnius Gediminas (VILNIUS TECH) me permiti\u00f3 compartir con compa\u00f1eros pertenecientes de otras culturas, de formas de actuar y me ayud\u00f3 a ver las diferencias y similitudes que vivimos en nuestros pa\u00edses. Adem\u00e1s, me ha ayudado a generar v\u00ednculos con otras universidades,\u00a0 generar nuevas ideas y contribuir en todo lo posible a la unidad a la que pertenezco.<\/p>\n<p style=\"text-align: justify;\">El proceso de aplicaci\u00f3n y aprobaci\u00f3n a la beca no fue complicado y aunque esta experiencia me puso nerviosa por estar tan lejos, al mismo tiempo me emocionaba conocer un pa\u00eds como Lituania, una ciudad que con sus paisajes y cultura hacen que sea una estancia maravillosa y agradable.<\/p>\n<p style=\"text-align: justify;\">\u00c1nimo a mis compa\u00f1eros de trabajo y estudiantes a que puedan vivir esta gran experiencia porque es \u00fanica,\u00a0 que ayuda a ampliar nuestros conocimientos y permite tener un crecimiento personal y profesional.<\/p>\n<ul>\n<li style=\"text-align: justify;\"><em>Silvia Funes<\/em><\/li>\n<\/ul>\n","protected":false},"excerpt":{"rendered":"<p>Silvia Funes, Jefa de Oficina de Transferencia e Innovaci\u00f3n, y Luis Aar\u00f3n Mart\u00ednez, jefe del Departamento de Ciencias Energ\u00e9nicas y Flu\u00eddicas, realizaron una movilidad acad\u00e9mica en Vilnius Gediminas Technical University (Lituania) mediante el programa Erasmus Plus de la Uni\u00f3n Europea. Ambos nos comparten sus vivencias: Fui recientemente beneficiado por una beca de movilidad Erasmus+ para [&hellip;]<\/p>\n","protected":false},"author":8,"featured_media":0,"parent":0,"menu_order":0,"comment_status":"open","ping_status":"open","template":"","meta":[],"_links":{"self":[{"href":"https:\/\/www.uca.edu.sv\/dric\/wp-json\/wp\/v2\/pages\/2113"}],"collection":[{"href":"https:\/\/www.uca.edu.sv\/dric\/wp-json\/wp\/v2\/pages"}],"about":[{"href":"https:\/\/www.uca.edu.sv\/dric\/wp-json\/wp\/v2\/types\/page"}],"author":[{"embeddable":true,"href":"https:\/\/www.uca.edu.sv\/dric\/wp-json\/wp\/v2\/users\/8"}],"replies":[{"embeddable":true,"href":"https:\/\/www.uca.edu.sv\/dric\/wp-json\/wp\/v2\/comments?post=2113"}],"version-history":[{"count":6,"href":"https:\/\/www.uca.edu.sv\/dric\/wp-json\/wp\/v2\/pages\/2113\/revisions"}],"predecessor-version":[{"id":2145,"href":"https:\/\/www.uca.edu.sv\/dric\/wp-json\/wp\/v2\/pages\/2113\/revisions\/2145"}],"wp:attachment":[{"href":"https:\/\/www.uca.edu.sv\/dric\/wp-json\/wp\/v2\/media?parent=2113"}],"curies":[{"name":"wp","href":"https:\/\/api.w.org\/{rel}","templated":true}]}}