{"id":2107,"date":"2022-06-16T23:32:20","date_gmt":"2022-06-16T23:32:20","guid":{"rendered":"https:\/\/www.uca.edu.sv\/dric\/?page_id=2107"},"modified":"2022-07-20T16:21:11","modified_gmt":"2022-07-20T16:21:11","slug":"noticia-1-edicion-9","status":"publish","type":"page","link":"https:\/\/www.uca.edu.sv\/dric\/noticia-1-edicion-9\/","title":{"rendered":""},"content":{"rendered":"<p><a href=\"https:\/\/www.uca.edu.sv\/dric\/wp-content\/uploads\/2022\/06\/Copia-de-Gaceta-Internacional-Edici\u00f3n-4-1.png\"><img decoding=\"async\" loading=\"lazy\" class=\"alignnone  wp-image-2108\" src=\"https:\/\/www.uca.edu.sv\/dric\/wp-content\/uploads\/2022\/06\/Copia-de-Gaceta-Internacional-Edici\u00f3n-4-1.png\" alt=\"Copia de Gaceta Internacional Edici\u00f3n 4 (1)\" width=\"970\" height=\"467\" srcset=\"https:\/\/www.uca.edu.sv\/dric\/wp-content\/uploads\/2022\/06\/Copia-de-Gaceta-Internacional-Edici\u00f3n-4-1.png 1350w, https:\/\/www.uca.edu.sv\/dric\/wp-content\/uploads\/2022\/06\/Copia-de-Gaceta-Internacional-Edici\u00f3n-4-1-125x60.png 125w, https:\/\/www.uca.edu.sv\/dric\/wp-content\/uploads\/2022\/06\/Copia-de-Gaceta-Internacional-Edici\u00f3n-4-1-500x241.png 500w, https:\/\/www.uca.edu.sv\/dric\/wp-content\/uploads\/2022\/06\/Copia-de-Gaceta-Internacional-Edici\u00f3n-4-1-800x385.png 800w\" sizes=\"(max-width: 970px) 100vw, 970px\" \/><\/a><\/p>\n<p style=\"text-align: justify;\">La Fundaci\u00f3n Carolina celebr\u00f3 el 20 aniversario del programa de colaboraci\u00f3n con Iberoam\u00e9rica, y para ello realiz\u00f3 un concierto con un grupo sinf\u00f3nico de ex becarios latinoamericanos. En el evento particip\u00f3 Lizeth Rodr\u00edguez, catedr\u00e1tica del Departamento de Organizaci\u00f3n del Espacio de la UCA, quien actualmente se encuentra cursando el Doctorado en Tecnolog\u00eda de la Arquitectura de la Edificaci\u00f3n y del Urbanismo en la Universidad Polit\u00e9cnica de Catalu\u00f1a, mediante el programa de becas de la Fundaci\u00f3n.<\/p>\n<p style=\"text-align: justify;\">En 2004 la UCA suscribi\u00f3 un convenio con la Fundaci\u00f3n Carolina que posibilita que docentes de la UCA puedan realizar sus estudios de doctorado y estancias post doctorales en universidades de Espa\u00f1a. Cada a\u00f1o la Fundaci\u00f3n Carolina lanza las convocatorias, donde se ofrecen 2 plazas para estudiantes de doctorado y 1 plaza para estancias post doctorales.<\/p>\n<p style=\"text-align: justify;\">Fundaci\u00f3n Carolina cubre los gastos de matr\u00edcula, pasajes a\u00e9reos, que permiten a los becarios viajar cada cierto tiempo a su pa\u00eds de residencia, la mitad de los gastos de manutenci\u00f3n y alojamiento, y finalmente, el seguro m\u00e9dico. Por su parte, la UCA cubre la otra mitad de \u00a0los gastos de alojamiento y manutenci\u00f3n para cada becario. \u00a0<\/p>\n<p style=\"text-align: justify;\">Hasta la fecha, desde el 2006 nueve docentes de la UCA han sido beneficiados con estas becas, lo que les ha permitido continuar con sus estudios de doctorado. Y de igual manera, se han realizado 2 estancias post doctorales, gracias a esta oportunidad. \u00a0<\/p>\n","protected":false},"excerpt":{"rendered":"<p>La Fundaci\u00f3n Carolina celebr\u00f3 el 20 aniversario del programa de colaboraci\u00f3n con Iberoam\u00e9rica, y para ello realiz\u00f3 un concierto con un grupo sinf\u00f3nico de ex becarios latinoamericanos. En el evento particip\u00f3 Lizeth Rodr\u00edguez, catedr\u00e1tica del Departamento de Organizaci\u00f3n del Espacio de la UCA, quien actualmente se encuentra cursando el Doctorado en Tecnolog\u00eda de la Arquitectura [&hellip;]<\/p>\n","protected":false},"author":8,"featured_media":0,"parent":0,"menu_order":0,"comment_status":"open","ping_status":"open","template":"","meta":[],"_links":{"self":[{"href":"https:\/\/www.uca.edu.sv\/dric\/wp-json\/wp\/v2\/pages\/2107"}],"collection":[{"href":"https:\/\/www.uca.edu.sv\/dric\/wp-json\/wp\/v2\/pages"}],"about":[{"href":"https:\/\/www.uca.edu.sv\/dric\/wp-json\/wp\/v2\/types\/page"}],"author":[{"embeddable":true,"href":"https:\/\/www.uca.edu.sv\/dric\/wp-json\/wp\/v2\/users\/8"}],"replies":[{"embeddable":true,"href":"https:\/\/www.uca.edu.sv\/dric\/wp-json\/wp\/v2\/comments?post=2107"}],"version-history":[{"count":5,"href":"https:\/\/www.uca.edu.sv\/dric\/wp-json\/wp\/v2\/pages\/2107\/revisions"}],"predecessor-version":[{"id":2146,"href":"https:\/\/www.uca.edu.sv\/dric\/wp-json\/wp\/v2\/pages\/2107\/revisions\/2146"}],"wp:attachment":[{"href":"https:\/\/www.uca.edu.sv\/dric\/wp-json\/wp\/v2\/media?parent=2107"}],"curies":[{"name":"wp","href":"https:\/\/api.w.org\/{rel}","templated":true}]}}