{"id":2100,"date":"2022-06-08T21:47:41","date_gmt":"2022-06-08T21:47:41","guid":{"rendered":"https:\/\/www.uca.edu.sv\/dric\/?page_id=2100"},"modified":"2022-06-08T21:47:56","modified_gmt":"2022-06-08T21:47:56","slug":"noticia-4-2","status":"publish","type":"page","link":"https:\/\/www.uca.edu.sv\/dric\/noticia-4-2\/","title":{"rendered":""},"content":{"rendered":"<p><a href=\"https:\/\/www.uca.edu.sv\/dric\/wp-content\/uploads\/2022\/06\/Copia-de-Gaceta-Internacional-Edici\u00f3n-4.png\"><img decoding=\"async\" loading=\"lazy\" class=\"alignnone  wp-image-2101\" src=\"https:\/\/www.uca.edu.sv\/dric\/wp-content\/uploads\/2022\/06\/Copia-de-Gaceta-Internacional-Edici\u00f3n-4.png\" alt=\"Copia de Gaceta Internacional Edici\u00f3n 4\" width=\"968\" height=\"466\" srcset=\"https:\/\/www.uca.edu.sv\/dric\/wp-content\/uploads\/2022\/06\/Copia-de-Gaceta-Internacional-Edici\u00f3n-4.png 1350w, https:\/\/www.uca.edu.sv\/dric\/wp-content\/uploads\/2022\/06\/Copia-de-Gaceta-Internacional-Edici\u00f3n-4-125x60.png 125w, https:\/\/www.uca.edu.sv\/dric\/wp-content\/uploads\/2022\/06\/Copia-de-Gaceta-Internacional-Edici\u00f3n-4-500x241.png 500w, https:\/\/www.uca.edu.sv\/dric\/wp-content\/uploads\/2022\/06\/Copia-de-Gaceta-Internacional-Edici\u00f3n-4-800x385.png 800w\" sizes=\"(max-width: 968px) 100vw, 968px\" \/><\/a><\/p>\n<p style=\"text-align: justify;\">La UCA recibi\u00f3 el mes pasado la visita de dos delegados del Grupo Campestre, el cual est\u00e1 \u00a0conformado por 8 empresas: \u00a0Grupo Campestre, Agropecuaria La Laguna, Panader\u00eda Sina\u00ed, Pollo Campestre, Av\u00edcola Campestre, Recursos Humanos Excelentes De El Salvador, Agrocampestre y Hotel y Restaurante Mar y Sol.<\/p>\n<p style=\"text-align: justify;\">Cada una de estas empresas posee distintas \u00e1reas de experticia, por lo que el objetivo de la visita era conocer el Edificio Energ\u00eda Neta Cero de la UCA, los laboratorios de ciencia y tecnolog\u00eda de alimentos y recorrer el campus universitario, para evaluar la posibilidad de trabajar en conjunto con la UCA y establecer un convenio de cooperaci\u00f3n.<\/p>\n<p style=\"text-align: justify;\">Arnoldo D\u00edaz, Gerente Corporativo de Gesti\u00f3n Humana; y Francisco Arru\u00e9, Delegado Administrativo, manifestaron que la UCA era un referente en cuanto a la formaci\u00f3n de profesionales de calidad y que por ello Grupo Campestre se encontraba sumamente interesado en establecer lazos en el \u00e1rea de apicultura, energ\u00edas renovables, biog\u00e1s, entre otros, ya que como la UCA, poseen la filosof\u00eda de apostar al desarrollo interno por medio de becas corporativas.<\/p>\n","protected":false},"excerpt":{"rendered":"<p>La UCA recibi\u00f3 el mes pasado la visita de dos delegados del Grupo Campestre, el cual est\u00e1 \u00a0conformado por 8 empresas: \u00a0Grupo Campestre, Agropecuaria La Laguna, Panader\u00eda Sina\u00ed, Pollo Campestre, Av\u00edcola Campestre, Recursos Humanos Excelentes De El Salvador, Agrocampestre y Hotel y Restaurante Mar y Sol. Cada una de estas empresas posee distintas \u00e1reas de [&hellip;]<\/p>\n","protected":false},"author":8,"featured_media":0,"parent":0,"menu_order":0,"comment_status":"open","ping_status":"open","template":"","meta":[],"_links":{"self":[{"href":"https:\/\/www.uca.edu.sv\/dric\/wp-json\/wp\/v2\/pages\/2100"}],"collection":[{"href":"https:\/\/www.uca.edu.sv\/dric\/wp-json\/wp\/v2\/pages"}],"about":[{"href":"https:\/\/www.uca.edu.sv\/dric\/wp-json\/wp\/v2\/types\/page"}],"author":[{"embeddable":true,"href":"https:\/\/www.uca.edu.sv\/dric\/wp-json\/wp\/v2\/users\/8"}],"replies":[{"embeddable":true,"href":"https:\/\/www.uca.edu.sv\/dric\/wp-json\/wp\/v2\/comments?post=2100"}],"version-history":[{"count":2,"href":"https:\/\/www.uca.edu.sv\/dric\/wp-json\/wp\/v2\/pages\/2100\/revisions"}],"predecessor-version":[{"id":2103,"href":"https:\/\/www.uca.edu.sv\/dric\/wp-json\/wp\/v2\/pages\/2100\/revisions\/2103"}],"wp:attachment":[{"href":"https:\/\/www.uca.edu.sv\/dric\/wp-json\/wp\/v2\/media?parent=2100"}],"curies":[{"name":"wp","href":"https:\/\/api.w.org\/{rel}","templated":true}]}}