{"id":2073,"date":"2022-04-04T23:14:54","date_gmt":"2022-04-04T23:14:54","guid":{"rendered":"https:\/\/www.uca.edu.sv\/dric\/?page_id=2073"},"modified":"2022-06-08T17:59:33","modified_gmt":"2022-06-08T17:59:33","slug":"noticia-3-2","status":"publish","type":"page","link":"https:\/\/www.uca.edu.sv\/dric\/noticia-3-2\/","title":{"rendered":""},"content":{"rendered":"<p><a href=\"https:\/\/www.uca.edu.sv\/dric\/wp-content\/uploads\/2022\/04\/17.png\"><img decoding=\"async\" loading=\"lazy\" class=\"alignnone  wp-image-2074\" src=\"https:\/\/www.uca.edu.sv\/dric\/wp-content\/uploads\/2022\/04\/17.png\" alt=\"17\" width=\"967\" height=\"466\" srcset=\"https:\/\/www.uca.edu.sv\/dric\/wp-content\/uploads\/2022\/04\/17.png 1350w, https:\/\/www.uca.edu.sv\/dric\/wp-content\/uploads\/2022\/04\/17-125x60.png 125w, https:\/\/www.uca.edu.sv\/dric\/wp-content\/uploads\/2022\/04\/17-500x241.png 500w, https:\/\/www.uca.edu.sv\/dric\/wp-content\/uploads\/2022\/04\/17-800x385.png 800w\" sizes=\"(max-width: 967px) 100vw, 967px\" \/><\/a><\/p>\n<p style=\"text-align: justify;\">Durante el primer semestre del a\u00f1o, la UCA tuvo distintas visitas internacionales con el objetivo de fortalecer lazos de cooperaci\u00f3n. Desde la DRIC se coordinaron cada una de las visitas y las presentaciones brindadas.<\/p>\n<ul style=\"text-align: justify;\">\n<li><span style=\"text-decoration: underline;\"><strong>Uni\u00f3n Europea:<\/strong><\/span><\/li>\n<\/ul>\n<div class=\"kvgmc6g5 cxmmr5t8 oygrvhab hcukyx3x c1et5uql ii04i59q\" style=\"text-align: justify;\">\n<div dir=\"auto\">Se llev\u00f3 a cabo la Ponencia sobre Comercio Internacional, en el marco del d\u00e9cimo aniversario del Acuerdo de Asociaci\u00f3n entre la Uni\u00f3n Europea y Centroam\u00e9rica.<\/div>\n<\/div>\n<div class=\"cxmmr5t8 oygrvhab hcukyx3x c1et5uql o9v6fnle ii04i59q\" style=\"text-align: justify;\">\n<div dir=\"auto\">Nos acompa\u00f1\u00f3 Massimo De Luca, Jefe de la Secci\u00f3n Regional de Econom\u00eda y Comercio de la UE; Stefan Krause, Oficial de Econom\u00eda y Comercio de la Delegaci\u00f3n de la UE para CA; y Ricardo Flores, Decano de Ciencias Econ\u00f3micas y Empresariales de la <span class=\"nc684nl6\">UCA El Salvador<\/span> .<\/div>\n<div dir=\"auto\">Se convers\u00f3 sobre la evoluci\u00f3n del comercio entre ambas regiones e intercambiaron opiniones con estudiantes y docentes de la universidad.<\/div>\n<\/div>\n<div class=\"cxmmr5t8 oygrvhab hcukyx3x c1et5uql o9v6fnle ii04i59q\">\n<div dir=\"auto\" style=\"text-align: justify;\">Posterior a la ponencia se realiz\u00f3 un recorrido por el Centro Monse\u00f1or Romero y la vista al Jard\u00edn de las Flores.<\/div>\n<div dir=\"auto\" style=\"text-align: justify;\">\u00a0<\/div>\n<ul style=\"text-align: justify;\">\n<li dir=\"auto\"><span style=\"text-decoration: underline;\"><strong>SALEF y ELAC:<\/strong><\/span><\/li>\n<\/ul>\n<div class=\"kvgmc6g5 cxmmr5t8 oygrvhab hcukyx3x c1et5uql ii04i59q\" style=\"text-align: justify;\">\n<div dir=\"auto\">La <span class=\"nc684nl6\">UCA El Salvador<\/span> recibi\u00f3 la visita de miembros del Fondo Educativo y de Liderazgo Salvadore\u00f1o Americano (<span class=\"nc684nl6\">The Salvadoran American Leadership &amp; Educational Fund<\/span> &#8211; SALEF) y de la Universidad del Este de Los \u00c1ngeles (<span class=\"nc684nl6\">East Los Angeles College<\/span>&#8211; ELAC) con el objetivo de conocer m\u00e1s sobre la UCA y evaluar posibles \u00e1reas de cooperaci\u00f3n.<\/div>\n<\/div>\n<div class=\"cxmmr5t8 oygrvhab hcukyx3x c1et5uql o9v6fnle ii04i59q\" style=\"text-align: justify;\">\n<div dir=\"auto\">Se cont\u00f3 con la participaci\u00f3n del Rector de la UCA, Padre Andreu Oliva de la Esperanza; la Direcci\u00f3n de Relaciones Internacionales y Cooperaci\u00f3n de la UCA; la Maestr\u00eda en Gesti\u00f3n Estrat\u00e9gica de la Comunicaci\u00f3n; el Departamento de Sociolog\u00eda y Ciencias Pol\u00edticas; la Vicerrector\u00eda de Proyecci\u00f3n Social; el Departamento de Ciencias de la Educaci\u00f3n; y del Centro Ignacio Ellacur\u00eda. Estos departamentos brindaron informaci\u00f3n sobre el trabajo que se realiza desde la universidad.<\/div>\n<\/div>\n<div class=\"cxmmr5t8 oygrvhab hcukyx3x c1et5uql o9v6fnle ii04i59q\" style=\"text-align: justify;\">\n<div dir=\"auto\">Asimismo, SALEF y ELAC presentaron el trabajo que realizan, los distintos programas que tienen y manifestaron que se sent\u00edan afortunados de poder conocer m\u00e1s sobre la UCA y su historia.<\/div>\n<\/div>\n<div class=\"cxmmr5t8 oygrvhab hcukyx3x c1et5uql o9v6fnle ii04i59q\">\n<div dir=\"auto\" style=\"text-align: justify;\">Posteriormente, se les brind\u00f3 un recorrido por el campus de la universidad y el Centro Monse\u00f1or Romero.<\/div>\n<div dir=\"auto\" style=\"text-align: justify;\">\u00a0<\/div>\n<ul style=\"text-align: justify;\">\n<li dir=\"auto\"><span style=\"text-decoration: underline;\"><strong><span class=\"nc684nl6\">Universidad de EEUU: The Bush School of Government &amp; Public Service<\/span><\/strong><\/span><\/li>\n<\/ul>\n<div dir=\"auto\" style=\"text-align: justify;\">Se recibi\u00f3 a un grupo de estudiantes de una universidad en Texas, Estados Unidos: <span class=\"nc684nl6\">The Bush School of Government &amp; Public Service<\/span>, con el objetivo de brindarles un breve contexto de El Salvador; su historia; la situaci\u00f3n pol\u00edtica, econ\u00f3mica y social; y el papel que juega la UCA en la actualidad. El Vicerrector de Proyecci\u00f3n Social, Omar Serrano, realiz\u00f3 una exposici\u00f3n donde habl\u00f3 sobre la historia del pa\u00eds, los dificultades que ha enfrentado la sociedad salvadore\u00f1a durante muchos a\u00f1os y los desaf\u00edos que enfrenta en la actualidad.<\/div>\n<div dir=\"auto\" style=\"text-align: justify;\">Los estudiantes se mostraron interesados en conocer m\u00e1s y agradecidor por la oportunidad de acercarse a la historia de Monse\u00f1or Romero y los M\u00e1rtires de la UCA.<\/div>\n<div dir=\"auto\" style=\"text-align: justify;\">Visitaron el Centro Monse\u00f1or Romero y adem\u00e1s realizaron un recorrido por el campus universitario.<\/div>\n<\/div>\n<\/div>\n","protected":false},"excerpt":{"rendered":"<p>Durante el primer semestre del a\u00f1o, la UCA tuvo distintas visitas internacionales con el objetivo de fortalecer lazos de cooperaci\u00f3n. Desde la DRIC se coordinaron cada una de las visitas y las presentaciones brindadas. Uni\u00f3n Europea: Se llev\u00f3 a cabo la Ponencia sobre Comercio Internacional, en el marco del d\u00e9cimo aniversario del Acuerdo de Asociaci\u00f3n [&hellip;]<\/p>\n","protected":false},"author":8,"featured_media":0,"parent":0,"menu_order":0,"comment_status":"open","ping_status":"open","template":"","meta":[],"_links":{"self":[{"href":"https:\/\/www.uca.edu.sv\/dric\/wp-json\/wp\/v2\/pages\/2073"}],"collection":[{"href":"https:\/\/www.uca.edu.sv\/dric\/wp-json\/wp\/v2\/pages"}],"about":[{"href":"https:\/\/www.uca.edu.sv\/dric\/wp-json\/wp\/v2\/types\/page"}],"author":[{"embeddable":true,"href":"https:\/\/www.uca.edu.sv\/dric\/wp-json\/wp\/v2\/users\/8"}],"replies":[{"embeddable":true,"href":"https:\/\/www.uca.edu.sv\/dric\/wp-json\/wp\/v2\/comments?post=2073"}],"version-history":[{"count":3,"href":"https:\/\/www.uca.edu.sv\/dric\/wp-json\/wp\/v2\/pages\/2073\/revisions"}],"predecessor-version":[{"id":2095,"href":"https:\/\/www.uca.edu.sv\/dric\/wp-json\/wp\/v2\/pages\/2073\/revisions\/2095"}],"wp:attachment":[{"href":"https:\/\/www.uca.edu.sv\/dric\/wp-json\/wp\/v2\/media?parent=2073"}],"curies":[{"name":"wp","href":"https:\/\/api.w.org\/{rel}","templated":true}]}}