{"id":2068,"date":"2022-04-04T22:58:22","date_gmt":"2022-04-04T22:58:22","guid":{"rendered":"https:\/\/www.uca.edu.sv\/dric\/?page_id=2068"},"modified":"2022-06-08T18:01:02","modified_gmt":"2022-06-08T18:01:02","slug":"noticia-2-2","status":"publish","type":"page","link":"https:\/\/www.uca.edu.sv\/dric\/noticia-2-2\/","title":{"rendered":""},"content":{"rendered":"<p><a href=\"https:\/\/www.uca.edu.sv\/dric\/wp-content\/uploads\/2022\/04\/16.png\"><img decoding=\"async\" loading=\"lazy\" class=\"alignnone  wp-image-2069\" src=\"https:\/\/www.uca.edu.sv\/dric\/wp-content\/uploads\/2022\/04\/16.png\" alt=\"16\" width=\"968\" height=\"466\" srcset=\"https:\/\/www.uca.edu.sv\/dric\/wp-content\/uploads\/2022\/04\/16.png 1350w, https:\/\/www.uca.edu.sv\/dric\/wp-content\/uploads\/2022\/04\/16-125x60.png 125w, https:\/\/www.uca.edu.sv\/dric\/wp-content\/uploads\/2022\/04\/16-500x241.png 500w, https:\/\/www.uca.edu.sv\/dric\/wp-content\/uploads\/2022\/04\/16-800x385.png 800w\" sizes=\"(max-width: 968px) 100vw, 968px\" \/><\/a><\/p>\n<p style=\"text-align: justify;\">Jos\u00e9 Morales, Director de la Maestr\u00eda en Administraci\u00f3n P\u00fablica, finaliz\u00f3 su beca ERASMUS + de Movilidad Internacional de Docencia, en la que tuvo la oportunidad de visitar la Universidad de Vigo, Espa\u00f1a.<\/p>\n<p style=\"text-align: justify;\">A continuaci\u00f3n, compartimos las palabras de Jos\u00e9 sobre su experiencia:<\/p>\n<p style=\"text-align: justify;\">Tuve la oportunidad de visitar la universidad de Vigo en el marco del convenio erasmus KA107, que se firm\u00f3 con la UCA en 2018, a fin de establecer una alianza estrat\u00e9gica entre ambas universidades que permitiera el intercambio de profesores y alumnos, para compartir conocimientos y experiencias, en los \u00e1mbitos de la Administraci\u00f3n P\u00fablica.<\/p>\n<p style=\"text-align: justify;\">El objetivo principal de la movilidad era fortalecer la colaboraci\u00f3n interuniversitaria entre las Maestr\u00edas de Administraci\u00f3n P\u00fablica (UCA-UVIGO) y conocer sobre los avances en la implementaci\u00f3n de procesos de formaci\u00f3n virtual y semipresencial en esas disciplinas.<\/p>\n<p style=\"text-align: justify;\">Tambi\u00e9n aprovech\u00e9 para compartir conocimientos y experiencias con equipos docentes especializados en gobierno y administraci\u00f3n p\u00fablica de la Universidad de Vigo y conversar sobre el estado actual y los desaf\u00edos que enfrenta el sistema de servicio civil en Espa\u00f1a y en nuestro pa\u00eds.<\/p>\n<p style=\"text-align: justify;\">Como resultado de estos intercambios, se me invit\u00f3 a participar en el XX Congreso Global de Administraci\u00f3n P\u00fablica en Espa\u00f1a, a fin de poder compartir informaci\u00f3n sobre el estado del servicio civil en El Salvador\u00a0 y los desaf\u00edos que enfrenta la profesionalizaci\u00f3n del\u00a0 talento humano. Adjunto encontrar\u00e1n el video que prepar\u00e9 para dicho Congreso.<\/p>\n<p style=\"text-align: justify;\">Al final de mi estad\u00eda en VIGO, nos reunimos con los docentes para delinear los temas de un segundo \u00a0convenio de cooperaci\u00f3n, que firmaremos en el primer trimestre de 2022, con ocasi\u00f3n de la visita del Doctor Enrique Varela, Decano-comisario de la Facultad de Direcci\u00f3n y Gesti\u00f3n P\u00fablica de la UVIGO.<\/p>\n<p style=\"text-align: justify;\">En este mismo trimestre tambi\u00e9n tendremos la visita de estudiantes: un alumno de doctorado de la UVIGO vendr\u00e1 a la UCA para seguir estudios complementarios y una alumna de la UCA, Jacqueline Cruz, viajar\u00e1 a VIGO para realizar una estancia de formaci\u00f3n, en el marco del desarrollo de su tesis de graduaci\u00f3n.<\/p>\n<p style=\"text-align: justify;\">El a\u00f1o pasado, Katherine Portillo, alumna de la MAP, tambi\u00e9n se benefici\u00f3 de una estancia en Vigo, que le permiti\u00f3 trabajar en su tesis s y graduarse con resultados sobresalientes. El tema de su tesis es la \u201cCONFIGURACI\u00d3N DE UN ENTE RECTOR PARA LA FUNCI\u00d3N P\u00daBLICA EN EL SALVADOR, A LA LUZ DE LA EXPERIENCIA DE LA GESTI\u00d3N DE TALENTO HUMANO EN EL SERVICIO CIVIL SALVADORE\u00d1O Y ESPA\u00d1OL\u201d.<\/p>\n<p style=\"text-align: justify;\">El convenio con la UVIGO nos ha permitido organizar, junto con los docentes de Espa\u00f1a, una asesor\u00eda conjunta a los trabajos de tesis y que los estudiantes de la MAP puedan realizar estudios comparados sobre temas relacionados con la administraci\u00f3n p\u00fablica de Espa\u00f1a y El Salvador.<\/p>\n<p style=\"text-align: justify;\">El segundo convenio continuar\u00e1 promoviendo la movilidad de estudiantes y docentes de ambas universidades e incorporar\u00e1 nuevas actividades, entre ellas: seminarios conjuntos sobre metodolog\u00edas de investigaci\u00f3n en administraci\u00f3n p\u00fablica; intercambios de buenas pr\u00e1cticas sobre cursos virtuales y semipresenciales, y sistemas de evaluaci\u00f3n en las maestr\u00edas de administraci\u00f3n p\u00fablica de ambas universidades; as\u00ed como la posibilidad de que los estudiantes de la MAP puedan realizar estudios de doctorado en la UVIGO.<\/p>\n<p style=\"text-align: justify;\">Estamos convencidos que con este nuevo convenio de cooperaci\u00f3n, los planes de formaci\u00f3n de ambas maestr\u00edas se ver\u00e1n fortalecidos en beneficio de estudiantes y docentes.<\/p>\n","protected":false},"excerpt":{"rendered":"<p>Jos\u00e9 Morales, Director de la Maestr\u00eda en Administraci\u00f3n P\u00fablica, finaliz\u00f3 su beca ERASMUS + de Movilidad Internacional de Docencia, en la que tuvo la oportunidad de visitar la Universidad de Vigo, Espa\u00f1a. A continuaci\u00f3n, compartimos las palabras de Jos\u00e9 sobre su experiencia: Tuve la oportunidad de visitar la universidad de Vigo en el marco del [&hellip;]<\/p>\n","protected":false},"author":8,"featured_media":0,"parent":0,"menu_order":0,"comment_status":"open","ping_status":"open","template":"","meta":[],"_links":{"self":[{"href":"https:\/\/www.uca.edu.sv\/dric\/wp-json\/wp\/v2\/pages\/2068"}],"collection":[{"href":"https:\/\/www.uca.edu.sv\/dric\/wp-json\/wp\/v2\/pages"}],"about":[{"href":"https:\/\/www.uca.edu.sv\/dric\/wp-json\/wp\/v2\/types\/page"}],"author":[{"embeddable":true,"href":"https:\/\/www.uca.edu.sv\/dric\/wp-json\/wp\/v2\/users\/8"}],"replies":[{"embeddable":true,"href":"https:\/\/www.uca.edu.sv\/dric\/wp-json\/wp\/v2\/comments?post=2068"}],"version-history":[{"count":5,"href":"https:\/\/www.uca.edu.sv\/dric\/wp-json\/wp\/v2\/pages\/2068\/revisions"}],"predecessor-version":[{"id":2097,"href":"https:\/\/www.uca.edu.sv\/dric\/wp-json\/wp\/v2\/pages\/2068\/revisions\/2097"}],"wp:attachment":[{"href":"https:\/\/www.uca.edu.sv\/dric\/wp-json\/wp\/v2\/media?parent=2068"}],"curies":[{"name":"wp","href":"https:\/\/api.w.org\/{rel}","templated":true}]}}