{"id":2064,"date":"2022-04-04T22:52:08","date_gmt":"2022-04-04T22:52:08","guid":{"rendered":"https:\/\/www.uca.edu.sv\/dric\/?page_id=2064"},"modified":"2022-06-08T19:27:31","modified_gmt":"2022-06-08T19:27:31","slug":"noticia-1-2","status":"publish","type":"page","link":"https:\/\/www.uca.edu.sv\/dric\/noticia-1-2\/","title":{"rendered":""},"content":{"rendered":"<p><a href=\"https:\/\/www.uca.edu.sv\/dric\/wp-content\/uploads\/2022\/04\/15.png\"><img decoding=\"async\" loading=\"lazy\" class=\"alignnone  wp-image-2065\" src=\"https:\/\/www.uca.edu.sv\/dric\/wp-content\/uploads\/2022\/04\/15.png\" alt=\"15\" width=\"968\" height=\"466\" srcset=\"https:\/\/www.uca.edu.sv\/dric\/wp-content\/uploads\/2022\/04\/15.png 1350w, https:\/\/www.uca.edu.sv\/dric\/wp-content\/uploads\/2022\/04\/15-125x60.png 125w, https:\/\/www.uca.edu.sv\/dric\/wp-content\/uploads\/2022\/04\/15-500x241.png 500w, https:\/\/www.uca.edu.sv\/dric\/wp-content\/uploads\/2022\/04\/15-800x385.png 800w\" sizes=\"(max-width: 968px) 100vw, 968px\" \/><\/a><\/p>\n<p style=\"text-align: justify;\">Se realiz\u00f3 el Encuentro sinodal entre el Papa Francisco y los j\u00f3venes universitarios de las Am\u00e9ricas para hablar sobre el fen\u00f3meno de la migraci\u00f3n y c\u00f3mo construir puentes entre Norte-Sur. Un estudiante UCA, Francisco Jos\u00e9 Estrada Ort\u00edz, tuvo la oportunidad de participar. Este evento fue promovido por la Universidad Loyola de Chicago y la\u00a0Pontificia Comisi\u00f3n para Am\u00e9rica Latina\u00a0(CAL).<\/p>\n<p style=\"text-align: justify;\">A continuaci\u00f3n, Francisco nos comparte un poco sobre su experiencia en el Encuentro:<\/p>\n<p style=\"text-align: justify;\">&#8220;Mi nombre es Francisco Estrada, y soy estudiante del quinto a\u00f1o de Licenciatura en Filosof\u00eda en la UCA. El 24 de febrero del 2022 tuve la oportunidad de compartir en una sesi\u00f3n virtual con el Santo Padre y con j\u00f3venes del continente americano en el \u201cEncuentro Sinodal: Construyendo puentes Norte-Sur\u201d. La intenci\u00f3n de la Pontifica Comisi\u00f3n para Am\u00e9rica Latina (con el apoyo de la Universidad Loyola de Chicago) era establecer un dialogo fraterno y cordial entre j\u00f3venes de diferentes regiones del continente y plantear los diversos problemas que aquejan a la regi\u00f3n, analizada desde dos \u00f3pticas diferentes: la Am\u00e9rica Latina y la Am\u00e9rica Anglosajona. Eso s\u00ed, el horizonte del encuentro iba en torno al problema migratorio en nuestros pa\u00edses.<\/p>\n<p style=\"text-align: justify;\">Ahora, para llegar a este encuentro del 24 de febrero, hay todo un camino. Primero recib\u00ed un correo de parte del Jefe del CAE que me consultaba si deseaba participar de este encuentro virtual (sin duda dije que s\u00ed), luego, pase a tener comunicaci\u00f3n directa con los encargados del encuentro tanto de la Universidad de Chicago como de Roma. El 03 de febrero tuvimos el primer encuentro como j\u00f3venes de la regi\u00f3n de Am\u00e9rica Central y el Caribe, d\u00f3nde realizamos una lluvia de ideas con respecto a lo que provoca el flujo migratorio, ideas que fuimos consolidando y redactando en los d\u00edas siguientes un grupo eje de la regi\u00f3n formado por Leonardo (hondure\u00f1o), Alejandro (colombiano radicado en Costa Rica), y mi persona (de El Salvador). La redacci\u00f3n del texto era clave para presentarlo el 10 de febrero como regi\u00f3n ante toda Am\u00e9rica Latina y el 19 de febrero ocuparlo para trabajar de forma hermanada con los estudiantes de la Costa Oeste de EUA. Ese texto fue el que ley\u00f3 el representante delegado de la regi\u00f3n ante el Santo Padre en el encuentro virtual.<\/p>\n<p style=\"text-align: justify;\">Si hablamos de lo acontecido y todo el proceso que esto conllev\u00f3, sent\u00ed que los j\u00f3venes expon\u00edamos la realidad social, pol\u00edtica, econ\u00f3mica y cultural del efecto migratorio en Am\u00e9rica al mundo entero, por medio de una figura y personalidad tan importante como lo es el Santo Padre. Si queremos trascender al \u00e1mbito religioso, no dudo de la sinton\u00eda inspirada por el Esp\u00edritu Santo para comprender la multidimensionalidad del problema migratorio, y a la vez, \u201cso\u00f1ar\u201d \u2013como dice el Papa en <em>Querida Amazon\u00eda<\/em>&#8211; planteando rutas en conjunto para poder superar este reto tan grande, para seguir adelante en la construcci\u00f3n del Reino de Dios ac\u00e1 en la tierra. Me atrevo a decir, que todo bajo la presencia amiga del Santo Padre, el cual me impresion\u00f3 pues tomaba apuntes de lo que se dec\u00eda y se expon\u00eda, hacia retroalimentaciones de lo dicho por los j\u00f3venes, lo cual me alegro mucho, y me hizo pensar que el esfuerzo\u00a0 realizado no era en vano.<\/p>\n<p style=\"text-align: justify;\">Mi mayor \u201csue\u00f1o\u201d -a la vez, con un poquito de anhelo ut\u00f3pico- es que como continente, en sinton\u00eda (pero inmersos en las realidades de cada regi\u00f3n) cumplamos las propuestas realizadas como soluciones para la desigualdad, injusticia y marginaci\u00f3n que sufren aquellos grupos de donde surgen la mayor cantidad de migrantes. Espero que este encuentro sirva para que la Iglesia y academia trabajen en favor del desarrollo social y econ\u00f3mico de los campesinos y las comunidades marginales. Este encuentro sinodal (y a la vez, cultural) con la figura del Santo Padre y los j\u00f3venes de todo el continente, nos confirma el hecho que la Iglesia de Jes\u00fas no se desatiende de las alegr\u00edas y sufrimientos de los habitantes de la tierra, en especial, de esta Am\u00e9rica tan sufrida pero con esperanzas.<\/p>\n<p style=\"text-align: justify;\">Por \u00faltimo, considero menester exteriorizar mi gratitud a la UCA El Salvador, que por medio del CAE, me permitieron vivir como estudiante este primer encuentro sinodal de j\u00f3venes universitarios en modalidad virtual, teniendo la experiencia de poder aportar y plantear ante el Papa Francisco y el mundo \u2013por medio del escrito realizado que se ley\u00f3 y present\u00f3 regi\u00f3n- los problemas, retos y sue\u00f1os que como pa\u00eds y continente americano tenemos&#8221;.<\/p>\n","protected":false},"excerpt":{"rendered":"<p>Se realiz\u00f3 el Encuentro sinodal entre el Papa Francisco y los j\u00f3venes universitarios de las Am\u00e9ricas para hablar sobre el fen\u00f3meno de la migraci\u00f3n y c\u00f3mo construir puentes entre Norte-Sur. Un estudiante UCA, Francisco Jos\u00e9 Estrada Ort\u00edz, tuvo la oportunidad de participar. Este evento fue promovido por la Universidad Loyola de Chicago y la\u00a0Pontificia Comisi\u00f3n [&hellip;]<\/p>\n","protected":false},"author":8,"featured_media":0,"parent":0,"menu_order":0,"comment_status":"open","ping_status":"open","template":"","meta":[],"_links":{"self":[{"href":"https:\/\/www.uca.edu.sv\/dric\/wp-json\/wp\/v2\/pages\/2064"}],"collection":[{"href":"https:\/\/www.uca.edu.sv\/dric\/wp-json\/wp\/v2\/pages"}],"about":[{"href":"https:\/\/www.uca.edu.sv\/dric\/wp-json\/wp\/v2\/types\/page"}],"author":[{"embeddable":true,"href":"https:\/\/www.uca.edu.sv\/dric\/wp-json\/wp\/v2\/users\/8"}],"replies":[{"embeddable":true,"href":"https:\/\/www.uca.edu.sv\/dric\/wp-json\/wp\/v2\/comments?post=2064"}],"version-history":[{"count":3,"href":"https:\/\/www.uca.edu.sv\/dric\/wp-json\/wp\/v2\/pages\/2064\/revisions"}],"predecessor-version":[{"id":2099,"href":"https:\/\/www.uca.edu.sv\/dric\/wp-json\/wp\/v2\/pages\/2064\/revisions\/2099"}],"wp:attachment":[{"href":"https:\/\/www.uca.edu.sv\/dric\/wp-json\/wp\/v2\/media?parent=2064"}],"curies":[{"name":"wp","href":"https:\/\/api.w.org\/{rel}","templated":true}]}}