{"id":2007,"date":"2022-01-26T22:52:58","date_gmt":"2022-01-26T22:52:58","guid":{"rendered":"https:\/\/www.uca.edu.sv\/dric\/?page_id=2007"},"modified":"2022-07-04T15:03:59","modified_gmt":"2022-07-04T15:03:59","slug":"noticia-3-edicion-7","status":"publish","type":"page","link":"https:\/\/www.uca.edu.sv\/dric\/noticia-3-edicion-7\/","title":{"rendered":""},"content":{"rendered":"<p style=\"text-align: center;\"><strong><span style=\"text-decoration: underline;\">Becarios UCA<br \/><\/span><\/strong><\/p>\n<p style=\"text-align: justify;\">La pandemia no ha sido impedimento para el crecimiento profesional de la comunidad universitaria UCA. Este a\u00f1o las becas Fulbright y Fullbright Laspau del Gobierno de los Estados Unidos fueron un ejemplo de la calidad y excelencia acad\u00e9mica con la que cuenta la universidad.<\/p>\n<p style=\"text-align: justify;\">Luego de un extenso proceso para aplicar, tres miembros de la UCA han sido seleccionados como acreedores de las becas Fullbright y Fulbright Laspau, dirigidas especialmente para la obtenci\u00f3n de un t\u00edtulo de maestr\u00eda o doctorado.<\/p>\n<p style=\"text-align: justify;\">A continuaci\u00f3n, se presentan una rese\u00f1a de su experiencia al aplicar a las becas y sus expectativas:<\/p>\n<p><strong>Michelle Cer\u00e9n\u00a0<\/strong><\/p>\n<p><b>Estudiante\u00a0del Departamento de Ciencias Jur\u00eddicas<\/b><\/p>\n<p style=\"text-align: justify;\">Durante mis a\u00f1os de estudio en la UCA conoc\u00ed a personas que despertaron mi inter\u00e9s en el derecho internacional y los derechos humanos. Las mujeres, como grupo hist\u00f3ricamente oprimido, todav\u00eda seguimos exigiendo derechos que, en otras latitudes, ya est\u00e1n garantizados. La necesidad de reivindicar estos derechos me ha impulsado a estudiar una maestr\u00eda en derecho internacional con especializaci\u00f3n en derechos humanos, particularmente, derechos de las mujeres y medio ambiente.<\/p>\n<p style=\"text-align: justify;\">El proceso de aplicaci\u00f3n para el programa de becas Fulbright consisti\u00f3 en completar un formulario en l\u00ednea que comprend\u00eda antecedentes acad\u00e9micos y profesionales, la motivaci\u00f3n personal para estudiar un programa de maestr\u00eda en Estados Unidos y la definici\u00f3n de los objetivos de estudio. Describir de esa manera el proceso para obtener la beca es como ver la punta del iceberg. Detr\u00e1s de los papeles est\u00e1n todas las experiencias que he tenido la oportunidad de vivir y las personas que me han ayudado en mi formaci\u00f3n personal y profesional.<\/p>\n<p style=\"text-align: justify;\">La beca ofrecida por el programa Fulbright me permitir\u00e1 ampliar mis conocimientos, explorar nuevas perspectivas y conocer la labor de organismos internacionales como la ONU. El compromiso es grande, pero as\u00ed tambi\u00e9n es la motivaci\u00f3n para marcar la diferencia cuando regrese.<\/p>\n<p style=\"text-align: justify;\"><a href=\"https:\/\/www.uca.edu.sv\/dric\/wp-content\/uploads\/2022\/01\/michelle-ceren.jpg\"><img decoding=\"async\" loading=\"lazy\" class=\" size-large wp-image-2008 alignleft\" src=\"https:\/\/www.uca.edu.sv\/dric\/wp-content\/uploads\/2022\/01\/michelle-ceren-444x500.jpg\" alt=\"michelle ceren\" width=\"444\" height=\"500\" srcset=\"https:\/\/www.uca.edu.sv\/dric\/wp-content\/uploads\/2022\/01\/michelle-ceren-444x500.jpg 444w, https:\/\/www.uca.edu.sv\/dric\/wp-content\/uploads\/2022\/01\/michelle-ceren-125x141.jpg 125w, https:\/\/www.uca.edu.sv\/dric\/wp-content\/uploads\/2022\/01\/michelle-ceren.jpg 835w\" sizes=\"(max-width: 444px) 100vw, 444px\" \/><\/a><\/p>\n<p><strong>Denisse Chavarr\u00eda<\/strong><\/p>\n<p><b>Catedr\u00e1tica del Departamento de Econom\u00eda<\/b><\/p>\n<p>En septiembre de 2022 iniciar\u00e9 mis estudios de Maestr\u00eda en Econom\u00eda enfocada en Desarrollo Internacional y Asuntos P\u00fablicos, con el apoyo de la Beca Fulbright &#8211; Laspau de la Embajada de los Estados Unidos.<\/p>\n<p style=\"text-align: justify;\">Aplicar a una beca siempre es un proceso lleno de nerviosismo, desde conocer los requisitos, recopilar toda la documentaci\u00f3n necesaria, hasta escribir los ensayos que solicitan, y contactar las referencias acad\u00e9micas y laborales, es todo un proceso que lleva tiempo y dedicaci\u00f3n; sin embargo, puedo decir que vale la pena. Considero que es muy \u00fatil apoyarse de otras personas que ya han pasado por procesos similares para recibir retroalimentaci\u00f3n y consejos de c\u00f3mo proceder. En mi caso, adem\u00e1s, fue muy gratificante contar con el apoyo del Departamento de Econom\u00eda para esta oportunidad.<\/p>\n<p style=\"text-align: justify;\">Tengo altas expectativas de esta Maestr\u00eda pues conozco de la exigencia acad\u00e9mica y de investigaci\u00f3n requerida para este nivel, pero s\u00e9 que la ense\u00f1anza recibida en la UCA junto con mi experiencia laboral, me dan una fuerte base para ello. La Maestr\u00eda me permitir\u00e1 expandir mis conocimientos y tener una mejor preparaci\u00f3n para poder contribuir al desarrollo del pa\u00eds.<\/p>\n<p><span style=\"color: #000000;\"><a style=\"color: #000000;\" href=\"https:\/\/www.uca.edu.sv\/dric\/wp-content\/uploads\/2022\/01\/denise-chavarria.jpg\"><img decoding=\"async\" loading=\"lazy\" class=\"  wp-image-2010 alignleft\" src=\"https:\/\/www.uca.edu.sv\/dric\/wp-content\/uploads\/2022\/01\/denise-chavarria-225x500.jpg\" alt=\"denise chavarria\" width=\"316\" height=\"702\" srcset=\"https:\/\/www.uca.edu.sv\/dric\/wp-content\/uploads\/2022\/01\/denise-chavarria-225x500.jpg 225w, https:\/\/www.uca.edu.sv\/dric\/wp-content\/uploads\/2022\/01\/denise-chavarria-68x150.jpg 68w, https:\/\/www.uca.edu.sv\/dric\/wp-content\/uploads\/2022\/01\/denise-chavarria.jpg 720w\" sizes=\"(max-width: 316px) 100vw, 316px\" \/><\/a><\/span><\/p>\n<p style=\"text-align: justify;\">\u00a0<strong>Ronaldo Canizales<\/strong><\/p>\n<p><b>Catedr\u00e1tico del Departamento de Electr\u00f3nica e Inform\u00e1tica<\/b><\/p>\n<p style=\"text-align: justify;\">Si a inicios del 2021 me hubiesen dicho que el pr\u00f3ximo a\u00f1o me encontrar\u00eda estudiando una maestr\u00eda en Inteligencia Artificial en los Estados Unidos, no lo hubiese cre\u00eddo. El proceso ha sido largo, incluyendo no s\u00f3lo diversos ex\u00e1menes (entre ellos el TOEFL iBT y el GRE) sino tambi\u00e9n entrevistas y toneladas de papeleo. En definitiva, todo el esfuerzo se ha visto ampliamente recompensado. Adem\u00e1s, no he estado solo, siempre he contado con el valioso apoyo de mis colegas del Departamento de Electr\u00f3nica e Inform\u00e1tica.<\/p>\n<p style=\"text-align: justify;\">Tengo muy altas expectativas acerca de la educaci\u00f3n superior en Estados Unidos, me hace mucha ilusi\u00f3n estudiar un postgrado en una universidad catalogada como R1, es decir, con muy alta actividad de investigaci\u00f3n; ser\u00e1 una exigente experiencia que me abonar\u00e1 mucho en los \u00e1mbitos acad\u00e9mico, profesional y personal. A mi regreso, todo este conocimiento lo pondr\u00e9 en pro de la sociedad salvadore\u00f1a.<\/p>\n<p style=\"text-align: justify;\">Agradezco a la Embajada de los Estados Unidos y al programa de becas Fulbright Laspau por esta gran oportunidad. Aprovecho tambi\u00e9n para animar a los docentes universitarios UCA a que participen en la pr\u00f3xima convocatoria.<\/p>\n<p style=\"text-align: justify;\"><a href=\"https:\/\/www.uca.edu.sv\/dric\/wp-content\/uploads\/2022\/01\/ronaldo-canizales.jpg\"><img decoding=\"async\" loading=\"lazy\" class=\"alignnone size-large wp-image-2013\" src=\"https:\/\/www.uca.edu.sv\/dric\/wp-content\/uploads\/2022\/01\/ronaldo-canizales-800x383.jpg\" alt=\"ronaldo canizales\" width=\"800\" height=\"383\" srcset=\"https:\/\/www.uca.edu.sv\/dric\/wp-content\/uploads\/2022\/01\/ronaldo-canizales-800x383.jpg 800w, https:\/\/www.uca.edu.sv\/dric\/wp-content\/uploads\/2022\/01\/ronaldo-canizales-125x60.jpg 125w, https:\/\/www.uca.edu.sv\/dric\/wp-content\/uploads\/2022\/01\/ronaldo-canizales-500x239.jpg 500w, https:\/\/www.uca.edu.sv\/dric\/wp-content\/uploads\/2022\/01\/ronaldo-canizales.jpg 1261w\" sizes=\"(max-width: 800px) 100vw, 800px\" \/><\/a><\/p>\n","protected":false},"excerpt":{"rendered":"<p>Becarios UCA La pandemia no ha sido impedimento para el crecimiento profesional de la comunidad universitaria UCA. Este a\u00f1o las becas Fulbright y Fullbright Laspau del Gobierno de los Estados Unidos fueron un ejemplo de la calidad y excelencia acad\u00e9mica con la que cuenta la universidad. Luego de un extenso proceso para aplicar, tres miembros [&hellip;]<\/p>\n","protected":false},"author":8,"featured_media":0,"parent":0,"menu_order":0,"comment_status":"open","ping_status":"open","template":"","meta":[],"_links":{"self":[{"href":"https:\/\/www.uca.edu.sv\/dric\/wp-json\/wp\/v2\/pages\/2007"}],"collection":[{"href":"https:\/\/www.uca.edu.sv\/dric\/wp-json\/wp\/v2\/pages"}],"about":[{"href":"https:\/\/www.uca.edu.sv\/dric\/wp-json\/wp\/v2\/types\/page"}],"author":[{"embeddable":true,"href":"https:\/\/www.uca.edu.sv\/dric\/wp-json\/wp\/v2\/users\/8"}],"replies":[{"embeddable":true,"href":"https:\/\/www.uca.edu.sv\/dric\/wp-json\/wp\/v2\/comments?post=2007"}],"version-history":[{"count":26,"href":"https:\/\/www.uca.edu.sv\/dric\/wp-json\/wp\/v2\/pages\/2007\/revisions"}],"predecessor-version":[{"id":2137,"href":"https:\/\/www.uca.edu.sv\/dric\/wp-json\/wp\/v2\/pages\/2007\/revisions\/2137"}],"wp:attachment":[{"href":"https:\/\/www.uca.edu.sv\/dric\/wp-json\/wp\/v2\/media?parent=2007"}],"curies":[{"name":"wp","href":"https:\/\/api.w.org\/{rel}","templated":true}]}}