{"id":1993,"date":"2022-01-26T22:27:39","date_gmt":"2022-01-26T22:27:39","guid":{"rendered":"https:\/\/www.uca.edu.sv\/dric\/?page_id=1993"},"modified":"2022-02-16T21:40:09","modified_gmt":"2022-02-16T21:40:09","slug":"noticia-1-edicion-7","status":"publish","type":"page","link":"https:\/\/www.uca.edu.sv\/dric\/noticia-1-edicion-7\/","title":{"rendered":""},"content":{"rendered":"<p><a href=\"https:\/\/www.uca.edu.sv\/dric\/wp-content\/uploads\/2022\/01\/Copia-de-Gaceta-Internacional-Edici\u00f3n-4-1.png\"><img decoding=\"async\" loading=\"lazy\" class=\"alignnone  wp-image-1994\" src=\"https:\/\/www.uca.edu.sv\/dric\/wp-content\/uploads\/2022\/01\/Copia-de-Gaceta-Internacional-Edici\u00f3n-4-1-800x385.png\" alt=\"Copia de Gaceta Internacional Edici\u00f3n 4 (1)\" width=\"969\" height=\"466\" srcset=\"https:\/\/www.uca.edu.sv\/dric\/wp-content\/uploads\/2022\/01\/Copia-de-Gaceta-Internacional-Edici\u00f3n-4-1-800x385.png 800w, https:\/\/www.uca.edu.sv\/dric\/wp-content\/uploads\/2022\/01\/Copia-de-Gaceta-Internacional-Edici\u00f3n-4-1-125x60.png 125w, https:\/\/www.uca.edu.sv\/dric\/wp-content\/uploads\/2022\/01\/Copia-de-Gaceta-Internacional-Edici\u00f3n-4-1-500x241.png 500w, https:\/\/www.uca.edu.sv\/dric\/wp-content\/uploads\/2022\/01\/Copia-de-Gaceta-Internacional-Edici\u00f3n-4-1.png 1350w\" sizes=\"(max-width: 969px) 100vw, 969px\" \/><\/a><\/p>\n<p style=\"text-align: justify;\">Con el fin de desarrollar m\u00e1s oportunidades educativas para los estudiantes de la facultad de Ingenier\u00eda y Arquitectura, la UCA firm\u00f3 un convenio con la IQS School of Engineering de la Universitat Ramon Llull, Espa\u00f1a, que da paso a la creaci\u00f3n de una Maestr\u00eda en Ingenier\u00eda Qu\u00edmica en la UCA y un programa de intercambio acad\u00e9mico. \u00a0<\/p>\n<p style=\"text-align: justify;\">La Maestr\u00eda que se impartir\u00e1 en la UCA est\u00e1 hecha a imagen y semejanza del M\u00e1ster en Ingenier\u00eda Qu\u00edmica de IQS, en el que los contenidos y las competencias ser\u00e1n iguales, lo que les permitir\u00e1 a los estudiantes recibir una calificaci\u00f3n de m\u00e1ster de ambas instituciones.<\/p>\n<p style=\"text-align: justify;\">El acuerdo posibilita el intercambio acad\u00e9mico entre estudiantes, quienes podr\u00e1n realizar un curso de estudio bajo las mismas condiciones que su universidad de origen, pero teniendo la experiencia de estudiar en el extranjero y obtener todos los beneficios que esto conlleva.<\/p>\n<p style=\"text-align: justify;\">Asimismo, se extiende al intercambio de profesores, lo que significar\u00e1 un crecimiento profesional y acad\u00e9mico para todos los docentes involucrados en dicha maestr\u00eda. Adem\u00e1s, brinda la oportunidad de desarrollar sesiones de estudio, talleres y seminarios conjuntamente. \u00a0<\/p>\n<p style=\"text-align: justify;\">IQS es un centro de ense\u00f1anza universitaria de la Compa\u00f1\u00eda\u00a0de Jes\u00fas, con sede en Barcelona y con m\u00e1s de cien a\u00f1os de experiencia formando a los qu\u00edmicos e ingenieros qu\u00edmicos que lideran las principales empresas del sector. \u00a0\u00a0<\/p>\n","protected":false},"excerpt":{"rendered":"<p>Con el fin de desarrollar m\u00e1s oportunidades educativas para los estudiantes de la facultad de Ingenier\u00eda y Arquitectura, la UCA firm\u00f3 un convenio con la IQS School of Engineering de la Universitat Ramon Llull, Espa\u00f1a, que da paso a la creaci\u00f3n de una Maestr\u00eda en Ingenier\u00eda Qu\u00edmica en la UCA y un programa de intercambio [&hellip;]<\/p>\n","protected":false},"author":8,"featured_media":0,"parent":0,"menu_order":0,"comment_status":"open","ping_status":"open","template":"","meta":[],"_links":{"self":[{"href":"https:\/\/www.uca.edu.sv\/dric\/wp-json\/wp\/v2\/pages\/1993"}],"collection":[{"href":"https:\/\/www.uca.edu.sv\/dric\/wp-json\/wp\/v2\/pages"}],"about":[{"href":"https:\/\/www.uca.edu.sv\/dric\/wp-json\/wp\/v2\/types\/page"}],"author":[{"embeddable":true,"href":"https:\/\/www.uca.edu.sv\/dric\/wp-json\/wp\/v2\/users\/8"}],"replies":[{"embeddable":true,"href":"https:\/\/www.uca.edu.sv\/dric\/wp-json\/wp\/v2\/comments?post=1993"}],"version-history":[{"count":8,"href":"https:\/\/www.uca.edu.sv\/dric\/wp-json\/wp\/v2\/pages\/1993\/revisions"}],"predecessor-version":[{"id":2051,"href":"https:\/\/www.uca.edu.sv\/dric\/wp-json\/wp\/v2\/pages\/1993\/revisions\/2051"}],"wp:attachment":[{"href":"https:\/\/www.uca.edu.sv\/dric\/wp-json\/wp\/v2\/media?parent=1993"}],"curies":[{"name":"wp","href":"https:\/\/api.w.org\/{rel}","templated":true}]}}