{"id":1954,"date":"2021-12-06T20:24:27","date_gmt":"2021-12-06T20:24:27","guid":{"rendered":"https:\/\/www.uca.edu.sv\/dric\/?page_id=1954"},"modified":"2021-12-07T23:18:40","modified_gmt":"2021-12-07T23:18:40","slug":"noticia-4-edicion-6","status":"publish","type":"page","link":"https:\/\/www.uca.edu.sv\/dric\/noticia-4-edicion-6\/","title":{"rendered":""},"content":{"rendered":"<p><a href=\"https:\/\/www.uca.edu.sv\/dric\/wp-content\/uploads\/2021\/12\/Copia-de-Gaceta-Internacional-Edici\u00f3n-4-15.png\"><img decoding=\"async\" loading=\"lazy\" class=\"alignnone  wp-image-1971\" src=\"https:\/\/www.uca.edu.sv\/dric\/wp-content\/uploads\/2021\/12\/Copia-de-Gaceta-Internacional-Edici\u00f3n-4-15.png\" alt=\"Copia de Gaceta Internacional Edici\u00f3n 4 (15)\" width=\"970\" height=\"467\" srcset=\"https:\/\/www.uca.edu.sv\/dric\/wp-content\/uploads\/2021\/12\/Copia-de-Gaceta-Internacional-Edici\u00f3n-4-15.png 1350w, https:\/\/www.uca.edu.sv\/dric\/wp-content\/uploads\/2021\/12\/Copia-de-Gaceta-Internacional-Edici\u00f3n-4-15-125x60.png 125w, https:\/\/www.uca.edu.sv\/dric\/wp-content\/uploads\/2021\/12\/Copia-de-Gaceta-Internacional-Edici\u00f3n-4-15-500x241.png 500w, https:\/\/www.uca.edu.sv\/dric\/wp-content\/uploads\/2021\/12\/Copia-de-Gaceta-Internacional-Edici\u00f3n-4-15-800x385.png 800w\" sizes=\"(max-width: 970px) 100vw, 970px\" \/><\/a><\/p>\n<p style=\"text-align: justify;\">Augusto Rigoberto L\u00f3pez, Gestor de Procesos de Investigaci\u00f3n en la Direcci\u00f3n de Investigaci\u00f3n, fue beneficiado con una beca ERASMUS + hacia la Universidad Loyola Andaluc\u00eda, Espa\u00f1a, donde realiz\u00f3 una movilidad de formaci\u00f3n con el prop\u00f3sito de fortalecer las capacidades de gesti\u00f3n para proyectos de cooperaci\u00f3n en el \u00e1rea de investigaci\u00f3n cient\u00edfica, y explorar posibilidades de alianzas con centros de investigaci\u00f3n y programas de doctorado.<\/p>\n<p style=\"text-align: justify;\">La movilidad se llev\u00f3 a cabo entre el 29 de noviembre y el 3 de diciembre de este a\u00f1o y en las siguientes l\u00edneas nos comparte un poco sobre la experiencia vivida y los resultados obtenidos:<\/p>\n<ul style=\"text-align: justify;\">\n<li>Mi experiencia:<\/li>\n<\/ul>\n<p style=\"text-align: justify;\">Realic\u00e9 una estancia de una semana en la Universidad de Loyola, Espa\u00f1a, con sede en las ciudades de C\u00f3rdoba, Sevilla y Granada. La estancia ten\u00eda por prop\u00f3sito obtener referencias sobre el trabajo de la universidad receptora en el \u00e1rea de investigaci\u00f3n cient\u00edfica, para reforzar las labores que realiza la UCA en ese campo. Tuve una agenda llena de reuniones con personal administrativo, profesores e investigadores, quienes me relataron su experiencia sobre c\u00f3mo se gestiona la investigaci\u00f3n en esa universidad. Pude ver que la historia de dicha universidad es reciente en cuanto a investigaci\u00f3n, lo cual favorece las comparaciones con la UCA y es un caso susceptible de analizar con bastantes similitudes. No obstante, se evidencian diferencias entre el desarrollo de Loyola y la UCA, sin dejar de mencionar el contexto dis\u00edmil; pero, conocer el trabajo de esa universidad ha sido muy enriquecedor para m\u00ed y espero trasladar las buenas pr\u00e1cticas que conoc\u00ed al quehacer investigativo de la UCA.<\/p>\n<p style=\"text-align: justify;\"><strong>Reuniones sostenidas:<\/strong><\/p>\n<p style=\"text-align: justify;\">Vicerrector de Investigaci\u00f3n.<\/p>\n<p style=\"text-align: justify;\">Director de Biblioteca Universitaria.<\/p>\n<p style=\"text-align: justify;\">Director del Instituto de Desarrollo de Universidad Loyola (Fundaci\u00f3n ETEA).<\/p>\n<p style=\"text-align: justify;\">Investigadores del Instituto de Desarrollo de la Universidad Loyola.<\/p>\n<p style=\"text-align: justify;\">Directora de la Escuela de Doctorado.<\/p>\n<p style=\"text-align: justify;\">Decano de la Facultad de Ciencias Jur\u00eddicas y Sociales.<\/p>\n<p style=\"text-align: justify;\">Encargada de la Unidad de Gesti\u00f3n de la Informaci\u00f3n, Vicerrectorado de Investigaci\u00f3n.<\/p>\n<p style=\"text-align: justify;\">Responsable de Proyectos del Vicerrectorado de Investigaci\u00f3n.<\/p>\n<p style=\"text-align: justify;\">Responsable de la Oficina de Innovaci\u00f3n del Vicerrectorado de Investigaci\u00f3n.<\/p>\n<p style=\"text-align: justify;\">Responsable del Loyola Innovation Hub.<\/p>\n<p style=\"text-align: justify;\">Docentes e investigadores del grado en criminolog\u00eda.<\/p>\n<p style=\"text-align: justify;\"><strong>Proyecciones luego de la visita<\/strong><\/p>\n<p style=\"text-align: justify;\">Apoyar las labores de la Direcci\u00f3n de Investigaci\u00f3n UCA en su tr\u00e1nsito para convertirse en Vicerrector\u00eda de Investigaci\u00f3n, en especial, aportando ideas para las \u00e1reas de: innovaci\u00f3n y transferencia, gesti\u00f3n de proyectos, gesti\u00f3n de informaci\u00f3n e incentivos para la investigaci\u00f3n.<\/p>\n<p>&nbsp;<\/p>\n","protected":false},"excerpt":{"rendered":"<p>Augusto Rigoberto L\u00f3pez, Gestor de Procesos de Investigaci\u00f3n en la Direcci\u00f3n de Investigaci\u00f3n, fue beneficiado con una beca ERASMUS + hacia la Universidad Loyola Andaluc\u00eda, Espa\u00f1a, donde realiz\u00f3 una movilidad de formaci\u00f3n con el prop\u00f3sito de fortalecer las capacidades de gesti\u00f3n para proyectos de cooperaci\u00f3n en el \u00e1rea de investigaci\u00f3n cient\u00edfica, y explorar posibilidades de [&hellip;]<\/p>\n","protected":false},"author":8,"featured_media":0,"parent":0,"menu_order":0,"comment_status":"open","ping_status":"open","template":"","meta":[],"_links":{"self":[{"href":"https:\/\/www.uca.edu.sv\/dric\/wp-json\/wp\/v2\/pages\/1954"}],"collection":[{"href":"https:\/\/www.uca.edu.sv\/dric\/wp-json\/wp\/v2\/pages"}],"about":[{"href":"https:\/\/www.uca.edu.sv\/dric\/wp-json\/wp\/v2\/types\/page"}],"author":[{"embeddable":true,"href":"https:\/\/www.uca.edu.sv\/dric\/wp-json\/wp\/v2\/users\/8"}],"replies":[{"embeddable":true,"href":"https:\/\/www.uca.edu.sv\/dric\/wp-json\/wp\/v2\/comments?post=1954"}],"version-history":[{"count":6,"href":"https:\/\/www.uca.edu.sv\/dric\/wp-json\/wp\/v2\/pages\/1954\/revisions"}],"predecessor-version":[{"id":1972,"href":"https:\/\/www.uca.edu.sv\/dric\/wp-json\/wp\/v2\/pages\/1954\/revisions\/1972"}],"wp:attachment":[{"href":"https:\/\/www.uca.edu.sv\/dric\/wp-json\/wp\/v2\/media?parent=1954"}],"curies":[{"name":"wp","href":"https:\/\/api.w.org\/{rel}","templated":true}]}}