{"id":1928,"date":"2021-12-06T17:56:24","date_gmt":"2021-12-06T17:56:24","guid":{"rendered":"https:\/\/www.uca.edu.sv\/dric\/?page_id=1928"},"modified":"2021-12-07T23:05:04","modified_gmt":"2021-12-07T23:05:04","slug":"noticia-2-edicion-6","status":"publish","type":"page","link":"https:\/\/www.uca.edu.sv\/dric\/noticia-2-edicion-6\/","title":{"rendered":""},"content":{"rendered":"<p><a href=\"https:\/\/www.uca.edu.sv\/dric\/wp-content\/uploads\/2021\/12\/Noticia-2.png\"><img decoding=\"async\" loading=\"lazy\" class=\"alignnone  wp-image-1929\" src=\"https:\/\/www.uca.edu.sv\/dric\/wp-content\/uploads\/2021\/12\/Noticia-2.png\" alt=\"Noticia 2\" width=\"970\" height=\"467\" srcset=\"https:\/\/www.uca.edu.sv\/dric\/wp-content\/uploads\/2021\/12\/Noticia-2.png 1350w, https:\/\/www.uca.edu.sv\/dric\/wp-content\/uploads\/2021\/12\/Noticia-2-125x60.png 125w, https:\/\/www.uca.edu.sv\/dric\/wp-content\/uploads\/2021\/12\/Noticia-2-500x241.png 500w, https:\/\/www.uca.edu.sv\/dric\/wp-content\/uploads\/2021\/12\/Noticia-2-800x385.png 800w\" sizes=\"(max-width: 970px) 100vw, 970px\" \/><\/a><\/p>\n<p style=\"text-align: justify;\">El 25 y 26 de noviembre de 2021 se realiz\u00f3 la Vig\u00e9simo Segunda Asamblea de AUSJAL en la Universidad Cat\u00f3lica del Uruguay (UCU), en la que participaron los treinta rectores de las universidades de la Asociaci\u00f3n.<\/p>\n<p style=\"text-align: justify;\">Durante el evento se cont\u00f3 con la participaci\u00f3n del Padre Roberto Jaramillo, S.J., presidente de la Conferencia de Provinciales Jesuitas de Am\u00e9rica Latina y El Caribe (CPAL), y el Padre Luiz Klein, S.J., Delegado de Educaci\u00f3n de la CPAL, como invitados de honor.<\/p>\n<p style=\"text-align: justify;\">El P. Arturo Sosa, General de los Jesuitas, brind\u00f3 un mensaje de bienvenida \u00a0y reconoci\u00f3 el trabajo realizado por la Asociaci\u00f3n; destac\u00f3 que el trabajo conjunto y colaborativo ha permitido enfrentar las dificultades locales con una visi\u00f3n global, y los problemas globales con una visi\u00f3n local. Asimismo, reconoci\u00f3 que las condiciones no han sido f\u00e1ciles, sin embargo, AUSJAL ha abierto las puertas a la internacionalizaci\u00f3n de las instituciones y esto ha permitido un mayor acercamiento por medio de programas como Casa Abierta \u00a0e Intercampus virtual.<\/p>\n<p style=\"text-align: justify;\">En el segundo d\u00eda los miembros de la Asociaci\u00f3n realizaron la elecci\u00f3n de la nueva Junta Directiva, en la que nuestro rector, Padre Andreu Oliva fue electo como Vicepresidente de AUSJAL. La nueva Junta Directiva qued\u00f3 conformada de la siguiente manera:<\/p>\n<ul style=\"text-align: justify;\">\n<li>Presidente: Luis Arriaga, S.J., Rector del ITESO, Universidad Jesuita de Guadalajara.<\/li>\n<li>Vicepresidente: Andreu Oliva, S.J., Rector de la Universidad Centroamericana Jos\u00e9 Sime\u00f3n Ca\u00f1as de El Salvador.<\/li>\n<li>Tesorero: Sergio Mariucci, S.J., Rector nombrado de la Universidad Do Vale do Rio dos Sinos (UNSINOS).<\/li>\n<li>Vocales: Fernando Ponce, S.J. Rector de la Pontificia Universidad Cat\u00f3lica de Ecuador, y Eduardo Silva, S.J., Rector de la Universidad Alberto Hurtado,<\/li>\n<\/ul>\n<p style=\"text-align: justify;\">Estamos seguros que la nueva Junta Directiva continuar\u00e1 impulsando y fortaleciendo el trabajo en red de nuestras universidades.<\/p>\n<p style=\"text-align: justify;\">\u00a1Les deseamos mucho \u00e9xito en esta nueva labor!<\/p>\n<p>&nbsp;<\/p>\n","protected":false},"excerpt":{"rendered":"<p>El 25 y 26 de noviembre de 2021 se realiz\u00f3 la Vig\u00e9simo Segunda Asamblea de AUSJAL en la Universidad Cat\u00f3lica del Uruguay (UCU), en la que participaron los treinta rectores de las universidades de la Asociaci\u00f3n. Durante el evento se cont\u00f3 con la participaci\u00f3n del Padre Roberto Jaramillo, S.J., presidente de la Conferencia de Provinciales [&hellip;]<\/p>\n","protected":false},"author":8,"featured_media":0,"parent":0,"menu_order":0,"comment_status":"open","ping_status":"open","template":"","meta":[],"_links":{"self":[{"href":"https:\/\/www.uca.edu.sv\/dric\/wp-json\/wp\/v2\/pages\/1928"}],"collection":[{"href":"https:\/\/www.uca.edu.sv\/dric\/wp-json\/wp\/v2\/pages"}],"about":[{"href":"https:\/\/www.uca.edu.sv\/dric\/wp-json\/wp\/v2\/types\/page"}],"author":[{"embeddable":true,"href":"https:\/\/www.uca.edu.sv\/dric\/wp-json\/wp\/v2\/users\/8"}],"replies":[{"embeddable":true,"href":"https:\/\/www.uca.edu.sv\/dric\/wp-json\/wp\/v2\/comments?post=1928"}],"version-history":[{"count":5,"href":"https:\/\/www.uca.edu.sv\/dric\/wp-json\/wp\/v2\/pages\/1928\/revisions"}],"predecessor-version":[{"id":1970,"href":"https:\/\/www.uca.edu.sv\/dric\/wp-json\/wp\/v2\/pages\/1928\/revisions\/1970"}],"wp:attachment":[{"href":"https:\/\/www.uca.edu.sv\/dric\/wp-json\/wp\/v2\/media?parent=1928"}],"curies":[{"name":"wp","href":"https:\/\/api.w.org\/{rel}","templated":true}]}}