{"id":1924,"date":"2021-12-06T17:52:18","date_gmt":"2021-12-06T17:52:18","guid":{"rendered":"https:\/\/www.uca.edu.sv\/dric\/?page_id=1924"},"modified":"2021-12-07T23:20:08","modified_gmt":"2021-12-07T23:20:08","slug":"noticia-1-edicion-6","status":"publish","type":"page","link":"https:\/\/www.uca.edu.sv\/dric\/noticia-1-edicion-6\/","title":{"rendered":""},"content":{"rendered":"<p><a href=\"https:\/\/www.uca.edu.sv\/dric\/wp-content\/uploads\/2021\/12\/Copia-de-Gaceta-Internacional-Edici\u00f3n-4-13.png\"><img decoding=\"async\" loading=\"lazy\" class=\"alignnone  wp-image-1975\" src=\"https:\/\/www.uca.edu.sv\/dric\/wp-content\/uploads\/2021\/12\/Copia-de-Gaceta-Internacional-Edici\u00f3n-4-13.png\" alt=\"Copia de Gaceta Internacional Edici\u00f3n 4 (13)\" width=\"970\" height=\"467\" srcset=\"https:\/\/www.uca.edu.sv\/dric\/wp-content\/uploads\/2021\/12\/Copia-de-Gaceta-Internacional-Edici\u00f3n-4-13.png 1350w, https:\/\/www.uca.edu.sv\/dric\/wp-content\/uploads\/2021\/12\/Copia-de-Gaceta-Internacional-Edici\u00f3n-4-13-125x60.png 125w, https:\/\/www.uca.edu.sv\/dric\/wp-content\/uploads\/2021\/12\/Copia-de-Gaceta-Internacional-Edici\u00f3n-4-13-500x241.png 500w, https:\/\/www.uca.edu.sv\/dric\/wp-content\/uploads\/2021\/12\/Copia-de-Gaceta-Internacional-Edici\u00f3n-4-13-800x385.png 800w\" sizes=\"(max-width: 970px) 100vw, 970px\" \/><\/a><\/p>\n<p style=\"text-align: justify;\">La UCA se ha adherido al programa internacional de Inmersi\u00f3n Dual Virtual (IDV), el cual promueve la colaboraci\u00f3n virtual con el objetivo de potenciar el aprendizaje y la ense\u00f1anza de idiomas, a trav\u00e9s del desarrollo de las competencias comunicativa e intercultural, y de esta forma, aprovechar las posibilidades que brinda la telecolaboraci\u00f3n y la virtualidad para interactuar en tiempo real con nativo hablantes en diferentes partes del mundo.<\/p>\n<p style=\"text-align: justify;\">El Programa se desarrolla entre la Asociaci\u00f3n de Universidades Jesuitas en Am\u00e9rica Latina (AUSJAL) y The Association of Jesuit College and Universities en Estados Unidos (AJCU), liderado por la Secretar\u00eda Ejecutiva de AUSJAL.<\/p>\n<p style=\"text-align: justify;\">IDV representa una red de telecolaboraci\u00f3n interuniversitaria y continental, que se fortalece por medio del di\u00e1logo y la conexi\u00f3n humana e intelectual entre cada grupo participante. Su evoluci\u00f3n ha fortalecido los lazos entre los miembros de su comunidad internacional jesuita en el continente americano, extendiendo as\u00ed las fronteras de colaboraci\u00f3n institucional y produciendo una actividad acad\u00e9mica \u00fanica que surge de la colaboraci\u00f3n y el trabajo conjunto.<\/p>\n<p style=\"text-align: justify;\">Durante el mes de noviembre, y en el marco del XXII Aniversario de los M\u00e1rtires de la UCA, se inaugur\u00f3 este programa en la UCA con la realizaci\u00f3n de un webinar abierto a todas las universidades jesuitas miembros del IDV, en el que la Dra. Serena Cosgrove, profesora de Estudios Internacionales en Seattle University, \u00a0brind\u00f3 una charla sobre c\u00f3mo el 16 de noviembre marc\u00f3 su vida, el impacto que tuvo en las instituciones jesuitas en Estados Unidos y la importancia de la interculturalidad para la vida y el trabajo.<\/p>\n<p style=\"text-align: justify;\">Posteriormente se realiz\u00f3 un Coffee Hour, en el que Serena comparti\u00f3 con los estudiantes y docentes del profesorado y la licenciatura en Ingl\u00e9s de la UCA. Este fue un espacio enriquecedor donde los participantes tuvieron la oportunidad de contar sus experiencias durante esa \u00e9poca y brindaron sus reflexiones acerca de lo que esto significa para la comunidad universitaria UCA.<\/p>\n<p style=\"text-align: justify;\">Al d\u00eda de hoy, el programa de IDV ha contado con la participaci\u00f3n de m\u00e1s de 29,000 estudiantes y 200 profesores de la red de universidades jesuitas, y ser\u00e1 de mucho beneficio para los estudiantes y docentes de la UCA.<\/p>\n","protected":false},"excerpt":{"rendered":"<p>La UCA se ha adherido al programa internacional de Inmersi\u00f3n Dual Virtual (IDV), el cual promueve la colaboraci\u00f3n virtual con el objetivo de potenciar el aprendizaje y la ense\u00f1anza de idiomas, a trav\u00e9s del desarrollo de las competencias comunicativa e intercultural, y de esta forma, aprovechar las posibilidades que brinda la telecolaboraci\u00f3n y la virtualidad [&hellip;]<\/p>\n","protected":false},"author":8,"featured_media":0,"parent":0,"menu_order":0,"comment_status":"open","ping_status":"open","template":"","meta":[],"_links":{"self":[{"href":"https:\/\/www.uca.edu.sv\/dric\/wp-json\/wp\/v2\/pages\/1924"}],"collection":[{"href":"https:\/\/www.uca.edu.sv\/dric\/wp-json\/wp\/v2\/pages"}],"about":[{"href":"https:\/\/www.uca.edu.sv\/dric\/wp-json\/wp\/v2\/types\/page"}],"author":[{"embeddable":true,"href":"https:\/\/www.uca.edu.sv\/dric\/wp-json\/wp\/v2\/users\/8"}],"replies":[{"embeddable":true,"href":"https:\/\/www.uca.edu.sv\/dric\/wp-json\/wp\/v2\/comments?post=1924"}],"version-history":[{"count":4,"href":"https:\/\/www.uca.edu.sv\/dric\/wp-json\/wp\/v2\/pages\/1924\/revisions"}],"predecessor-version":[{"id":1976,"href":"https:\/\/www.uca.edu.sv\/dric\/wp-json\/wp\/v2\/pages\/1924\/revisions\/1976"}],"wp:attachment":[{"href":"https:\/\/www.uca.edu.sv\/dric\/wp-json\/wp\/v2\/media?parent=1924"}],"curies":[{"name":"wp","href":"https:\/\/api.w.org\/{rel}","templated":true}]}}