{"id":1904,"date":"2021-10-26T14:59:34","date_gmt":"2021-10-26T14:59:34","guid":{"rendered":"https:\/\/www.uca.edu.sv\/dric\/?page_id=1904"},"modified":"2021-10-26T14:59:40","modified_gmt":"2021-10-26T14:59:40","slug":"casa-abierta-ausjal","status":"publish","type":"page","link":"https:\/\/www.uca.edu.sv\/dric\/casa-abierta-ausjal\/","title":{"rendered":""},"content":{"rendered":"<p style=\"text-align: justify;\"><a href=\"https:\/\/www.uca.edu.sv\/dric\/wp-content\/uploads\/2021\/10\/CASA-ABIERTA-1-2.png\"><img decoding=\"async\" loading=\"lazy\" class=\"alignnone  wp-image-1905\" src=\"https:\/\/www.uca.edu.sv\/dric\/wp-content\/uploads\/2021\/10\/CASA-ABIERTA-1-2.png\" alt=\"CASA ABIERTA (1) (2)\" width=\"969\" height=\"545\" srcset=\"https:\/\/www.uca.edu.sv\/dric\/wp-content\/uploads\/2021\/10\/CASA-ABIERTA-1-2.png 1920w, https:\/\/www.uca.edu.sv\/dric\/wp-content\/uploads\/2021\/10\/CASA-ABIERTA-1-2-125x70.png 125w, https:\/\/www.uca.edu.sv\/dric\/wp-content\/uploads\/2021\/10\/CASA-ABIERTA-1-2-500x281.png 500w, https:\/\/www.uca.edu.sv\/dric\/wp-content\/uploads\/2021\/10\/CASA-ABIERTA-1-2-800x450.png 800w\" sizes=\"(max-width: 969px) 100vw, 969px\" \/><\/a><\/p>\n<p style=\"text-align: justify;\"><strong>UCA recibe con puertas abiertas a estudiantes de intercambio a trav\u00e9s del programa CASA ABIERTA AUSJAL<\/strong><\/p>\n<p style=\"text-align: justify;\">En septiembre, la UCA particip\u00f3 en el evento CASA ABIERTA AUSJAL 2021, \u00a0que busca informar y orientar a estudiantes de pregrado y postgrado sobre la oferta acad\u00e9mica y los servicios universitarios que ofrecen las instituciones miembros de la Asociaci\u00f3n.<\/p>\n<p style=\"text-align: justify;\">La UCA, en su presentaci\u00f3n, abri\u00f3 las puertas para recibir a estudiantes en un intercambio virtual o presencial, y brind\u00f3 informaci\u00f3n sobre los beneficios que este tipo de experiencia puede ofrecer para su carrera profesional, tanto en carreras universitarias como pasant\u00edas o voluntariados.<\/p>\n<p style=\"text-align: justify;\">Durante el evento, el Rector de la UCA, Padre Andreu Oliva, brind\u00f3 unas palabras de bienvenida, con las que anim\u00f3 a los estudiantes a continuar con sus estudios y aprovechar estas oportunidades que ofrecen experiencias muy valiosas; as\u00ed mismo, hizo un llamado a seguir fortaleciendo en red la internalizaci\u00f3n de las universidades de AUSJAL y la colaboraci\u00f3n con otras redes jesuitas en el contexto regional y global.<\/p>\n<p style=\"text-align: justify;\">Por su parte, la Directora de Relaciones Internacionales y Cooperaci\u00f3n, Marielos Torres, expres\u00f3 que la movilidad internacional, presenciales o virtuales, es una experiencia enriquecedora tanto para el estudiante de intercambio como para la UCA.<\/p>\n<p style=\"text-align: justify;\">Durante el evento, se presentaron datos sobre el pa\u00eds y la cultura salvadore\u00f1a, la universidad y todo lo que el campus tiene para ofrecer. Se cont\u00f3 con la participaci\u00f3n de varios estudiantes de intercambio, quienes dieron a conocer sus vivencias en El Salvador y en la UCA, y como esta experiencia les hab\u00eda favorecido en su desarrollo acad\u00e9mico, profesional y personal.<\/p>\n<p style=\"text-align: justify;\">\u201cDeseamos que tengan la posibilidad de desarrollar competencias y habilidades que los conviertan en personas capaces de actuar en un mundo globalizado que requiere de profesionales competentes, pero sobre todo conscientes, compasivos y comprometidos a convertir este mundo en un lugar mejor\u201d, dijo el Padre Andreu Oliva.<\/p>\n","protected":false},"excerpt":{"rendered":"<p>UCA recibe con puertas abiertas a estudiantes de intercambio a trav\u00e9s del programa CASA ABIERTA AUSJAL En septiembre, la UCA particip\u00f3 en el evento CASA ABIERTA AUSJAL 2021, \u00a0que busca informar y orientar a estudiantes de pregrado y postgrado sobre la oferta acad\u00e9mica y los servicios universitarios que ofrecen las instituciones miembros de la Asociaci\u00f3n. [&hellip;]<\/p>\n","protected":false},"author":8,"featured_media":0,"parent":0,"menu_order":0,"comment_status":"open","ping_status":"open","template":"","meta":[],"_links":{"self":[{"href":"https:\/\/www.uca.edu.sv\/dric\/wp-json\/wp\/v2\/pages\/1904"}],"collection":[{"href":"https:\/\/www.uca.edu.sv\/dric\/wp-json\/wp\/v2\/pages"}],"about":[{"href":"https:\/\/www.uca.edu.sv\/dric\/wp-json\/wp\/v2\/types\/page"}],"author":[{"embeddable":true,"href":"https:\/\/www.uca.edu.sv\/dric\/wp-json\/wp\/v2\/users\/8"}],"replies":[{"embeddable":true,"href":"https:\/\/www.uca.edu.sv\/dric\/wp-json\/wp\/v2\/comments?post=1904"}],"version-history":[{"count":2,"href":"https:\/\/www.uca.edu.sv\/dric\/wp-json\/wp\/v2\/pages\/1904\/revisions"}],"predecessor-version":[{"id":1907,"href":"https:\/\/www.uca.edu.sv\/dric\/wp-json\/wp\/v2\/pages\/1904\/revisions\/1907"}],"wp:attachment":[{"href":"https:\/\/www.uca.edu.sv\/dric\/wp-json\/wp\/v2\/media?parent=1904"}],"curies":[{"name":"wp","href":"https:\/\/api.w.org\/{rel}","templated":true}]}}