{"id":1890,"date":"2021-10-26T14:46:22","date_gmt":"2021-10-26T14:46:22","guid":{"rendered":"https:\/\/www.uca.edu.sv\/dric\/?page_id=1890"},"modified":"2021-10-27T15:22:13","modified_gmt":"2021-10-27T15:22:13","slug":"experiencia-erasmus-plus","status":"publish","type":"page","link":"https:\/\/www.uca.edu.sv\/dric\/experiencia-erasmus-plus\/","title":{"rendered":""},"content":{"rendered":"<h3 style=\"text-align: center;\"><strong>Experiencia ERASMUS PLUS<\/strong><\/h3>\n<p style=\"text-align: center;\"><strong>\u00bfPor qu\u00e9 estudiar en el extranjero?<\/strong><\/p>\n<p style=\"text-align: justify;\">\u201cDefinitivamente es una experiencia que vale la pena\u201d, es lo que muchos becarios manifiestan sobre su experiencia ERASMUS PLUS, la cual habilita espacios de aprendizaje de buenas pr\u00e1cticas, vivencias extraordinarias, oportunidad de contactos y colaboraciones futuras entre las universidades salvadore\u00f1as y extranjeras. \u00a0Los conocimientos adquiridos durante la beca son de mucho provecho, no solamente para el becario, sino para la comunidad universitaria en general. \u00a0<\/p>\n<p style=\"text-align: justify;\">El mes pasado, dos becarios ERASMUS tuvieron la oportunidad de realizar su movilidad de formaci\u00f3n en Portugal, espec\u00edficamente en la Universidade da Beira, y nos comparten sus vivencias.<\/p>\n<p><a href=\"https:\/\/www.uca.edu.sv\/dric\/wp-content\/uploads\/2021\/10\/Becario-1.png\"><img decoding=\"async\" loading=\"lazy\" class=\"wp-image-1891\" src=\"https:\/\/www.uca.edu.sv\/dric\/wp-content\/uploads\/2021\/10\/Becario-1.png\" alt=\"Becario 1\" width=\"967\" height=\"543\" srcset=\"https:\/\/www.uca.edu.sv\/dric\/wp-content\/uploads\/2021\/10\/Becario-1.png 1920w, https:\/\/www.uca.edu.sv\/dric\/wp-content\/uploads\/2021\/10\/Becario-1-125x70.png 125w, https:\/\/www.uca.edu.sv\/dric\/wp-content\/uploads\/2021\/10\/Becario-1-500x281.png 500w, https:\/\/www.uca.edu.sv\/dric\/wp-content\/uploads\/2021\/10\/Becario-1-800x450.png 800w\" sizes=\"(max-width: 967px) 100vw, 967px\" \/><\/a><\/p>\n<p style=\"text-align: justify;\"><em>\u201cMi estancia en Covilh\u00e3 y mi visita al CREA en la Universidade da Beira Interior ha significado un impulso para mi desarrollo profesional y ha abierto m\u00e1s puertas para el crecimiento del Centro de Educaci\u00f3n Virtual en la UCA.<\/em><\/p>\n<p style=\"text-align: justify;\"><em>Gracias a esta formaci\u00f3n conoc\u00ed de cerca los procesos e innovaciones que se tienen en otra universidad en el mundo, lo cual nos da los conocimientos para trazar una hoja de ruta que permita que la innovaci\u00f3n en tecnolog\u00edas educativas en la UCA sea de la m\u00e1s alta calidad. Tambi\u00e9n tuve la oportunidad de conocer lugares y personas que convirtieron la movilidad en algo mucho m\u00e1s invaluable.<br \/><\/em><\/p>\n<p style=\"text-align: justify;\"><em>A las personas que se encuentren con la oportunidad de aplicar a una movilidad, los animo a hacerlo. Las experiencias y conocimientos que se aprenden a partir de la cooperaci\u00f3n con otras instituciones son un insumo muy importante para la UCA y para nuestro desarrollo profesional.\u201d<\/em><\/p>\n<p style=\"text-align: justify;\">-Becario Fernando Castellanos<\/p>\n<p>\u00a0<a href=\"https:\/\/www.uca.edu.sv\/dric\/wp-content\/uploads\/2021\/10\/Becario-21.png\"><img decoding=\"async\" loading=\"lazy\" class=\"alignnone  wp-image-1913\" src=\"https:\/\/www.uca.edu.sv\/dric\/wp-content\/uploads\/2021\/10\/Becario-21.png\" alt=\"Becario 2\" width=\"969\" height=\"545\" srcset=\"https:\/\/www.uca.edu.sv\/dric\/wp-content\/uploads\/2021\/10\/Becario-21.png 1920w, https:\/\/www.uca.edu.sv\/dric\/wp-content\/uploads\/2021\/10\/Becario-21-125x70.png 125w, https:\/\/www.uca.edu.sv\/dric\/wp-content\/uploads\/2021\/10\/Becario-21-500x281.png 500w, https:\/\/www.uca.edu.sv\/dric\/wp-content\/uploads\/2021\/10\/Becario-21-800x450.png 800w\" sizes=\"(max-width: 969px) 100vw, 969px\" \/><\/a><\/p>\n<p style=\"text-align: justify;\">\u201c<em>Con mucho entusiasmo, escribo sobre la beca de movilidad otorgada por Erasmus Plus y realizada en la Universidade da Beira Interior (UBI), en Covilh\u00e1, Portugal, el mes de julio de 2021. Lo que inici\u00f3 con un \u201cMe siento con suerte\u201d, cuando apliqu\u00e9 a la beca, termin\u00f3 siendo una bonita experiencia que volver\u00eda a repetir, sin ninguna duda.<\/em><\/p>\n<p style=\"text-align: justify;\"><em>El d\u00eda que vi la invitaci\u00f3n para aplicar a la beca, en el correo de la Oficina de Relaciones Internacionales y Cooperaci\u00f3n de la UCA, me gust\u00f3 la idea de probar suerte y me convenc\u00ed de hacer el papeleo, a\u00fan pensando que en la universidad pudieran haber mejores postulantes, sin embargo, prevaleci\u00f3 el \u201c\u00bfpor qu\u00e9 no?\u201d.<\/em><\/p>\n<p style=\"text-align: justify;\"><em>El intercambio de experiencias y el conocer las buenas pr\u00e1cticas de esta universidad fueron de mucho beneficio para mi trabajo, ya que traje a El Salvador algunas ideas que se pudieran implementar en mis \u00e1reas de trabajo, que es la producci\u00f3n audiovisual y la docencia. Este viaje, tambi\u00e9n me sirvi\u00f3 para practicar lo poco de portugu\u00e9s que sab\u00eda, pero que me sirvi\u00f3 de mucho, a la hora de salir del ambiente universitario. Aprender idiomas es important\u00edsimo para aprovechar de mejor forma estas oportunidades. En general, la experiencia fue muy gratificante para mi formaci\u00f3n profesional y personal. Me despido, motivando a quienes lean estas l\u00edneas a no dejar de pasar oportunidades que puedan cambiarles la vida en lo profesional o en lo acad\u00e9mico y que uno nunca sabr\u00e1, cu\u00e1ndo ser\u00e1 el elegido a formar parte de este tipo de becas de movilidad, si no aplica a ellas. Esta beca de Erasmus Plus fue una experiencia tremendamente enriquecedora, y me dej\u00f3 con la fuerte convicci\u00f3n de ir a por m\u00e1s, en cuanto surjan otras posibilidades de crecimiento.\u00a0 Gracias, UCA y gracias, Erasmus Plus.\u201d<\/em><\/p>\n<p style=\"text-align: justify;\">-Becario Alberto Morales<\/p>\n","protected":false},"excerpt":{"rendered":"<p>Experiencia ERASMUS PLUS \u00bfPor qu\u00e9 estudiar en el extranjero? \u201cDefinitivamente es una experiencia que vale la pena\u201d, es lo que muchos becarios manifiestan sobre su experiencia ERASMUS PLUS, la cual habilita espacios de aprendizaje de buenas pr\u00e1cticas, vivencias extraordinarias, oportunidad de contactos y colaboraciones futuras entre las universidades salvadore\u00f1as y extranjeras. \u00a0Los conocimientos adquiridos durante [&hellip;]<\/p>\n","protected":false},"author":8,"featured_media":0,"parent":0,"menu_order":0,"comment_status":"open","ping_status":"open","template":"","meta":[],"_links":{"self":[{"href":"https:\/\/www.uca.edu.sv\/dric\/wp-json\/wp\/v2\/pages\/1890"}],"collection":[{"href":"https:\/\/www.uca.edu.sv\/dric\/wp-json\/wp\/v2\/pages"}],"about":[{"href":"https:\/\/www.uca.edu.sv\/dric\/wp-json\/wp\/v2\/types\/page"}],"author":[{"embeddable":true,"href":"https:\/\/www.uca.edu.sv\/dric\/wp-json\/wp\/v2\/users\/8"}],"replies":[{"embeddable":true,"href":"https:\/\/www.uca.edu.sv\/dric\/wp-json\/wp\/v2\/comments?post=1890"}],"version-history":[{"count":12,"href":"https:\/\/www.uca.edu.sv\/dric\/wp-json\/wp\/v2\/pages\/1890\/revisions"}],"predecessor-version":[{"id":1914,"href":"https:\/\/www.uca.edu.sv\/dric\/wp-json\/wp\/v2\/pages\/1890\/revisions\/1914"}],"wp:attachment":[{"href":"https:\/\/www.uca.edu.sv\/dric\/wp-json\/wp\/v2\/media?parent=1890"}],"curies":[{"name":"wp","href":"https:\/\/api.w.org\/{rel}","templated":true}]}}