{"id":1882,"date":"2021-10-26T14:38:17","date_gmt":"2021-10-26T14:38:17","guid":{"rendered":"https:\/\/www.uca.edu.sv\/dric\/?page_id=1882"},"modified":"2021-10-26T14:39:36","modified_gmt":"2021-10-26T14:39:36","slug":"1882-2","status":"publish","type":"page","link":"https:\/\/www.uca.edu.sv\/dric\/1882-2\/","title":{"rendered":""},"content":{"rendered":"<p><a href=\"https:\/\/www.uca.edu.sv\/dric\/wp-content\/uploads\/2021\/10\/Noticia-1-1.png\"><img decoding=\"async\" loading=\"lazy\" class=\"alignnone  wp-image-1883\" src=\"https:\/\/www.uca.edu.sv\/dric\/wp-content\/uploads\/2021\/10\/Noticia-1-1.png\" alt=\"Noticia 1 (1)\" width=\"969\" height=\"545\" srcset=\"https:\/\/www.uca.edu.sv\/dric\/wp-content\/uploads\/2021\/10\/Noticia-1-1.png 1920w, https:\/\/www.uca.edu.sv\/dric\/wp-content\/uploads\/2021\/10\/Noticia-1-1-125x70.png 125w, https:\/\/www.uca.edu.sv\/dric\/wp-content\/uploads\/2021\/10\/Noticia-1-1-500x281.png 500w, https:\/\/www.uca.edu.sv\/dric\/wp-content\/uploads\/2021\/10\/Noticia-1-1-800x450.png 800w\" sizes=\"(max-width: 969px) 100vw, 969px\" \/><\/a><\/p>\n<p><strong>Electivas virtuales, la iniciativa impulsada por EDUTIC<\/strong><\/p>\n<p style=\"text-align: justify;\">En 2016, la Red de hom\u00f3logos de EDUTIC (Educaci\u00f3n de las Tecnolog\u00edas de la Informaci\u00f3n y la Comunicaci\u00f3n) inici\u00f3 la fase piloto del proyecto &#8220;Electivas Virtuales&#8221;, con el cual los estudiantes de las universidades miembros de AUSJAL (Asociaci\u00f3n de Universidades Confiadas a la Compa\u00f1\u00eda de Jes\u00fas en Am\u00e9rica Latina) podr\u00edan cursar en l\u00ednea una de las 16 asignaturas ofrecidas por algunas universidades de la Red.<\/p>\n<p style=\"text-align: justify;\">A ra\u00edz de la pandemia, se intensific\u00f3 el esfuerzo y junto a la Red de hom\u00f3logos de Cooperaci\u00f3n Acad\u00e9mica y Relaciones Interinstitucionales (CARI) se nombr\u00f3 al proyecto como &#8220;Intercampus Virtual&#8221;, una plataforma que ahora cuenta con una amplia oferta acad\u00e9mica, con m\u00e1s de 500 asignaturas, a la que puede aplicar la comunidad estudiantil de pregrado y postgrado de todas las universidades de AUSJAL, y cursarlas como parte de su plan de estudios o adicional al mismo.<\/p>\n<p style=\"text-align: justify;\">La UCA se sum\u00f3 a esta iniciativa en 2021, y durante el ciclo 02 se ofreci\u00f3 la asignatura de &#8220;Principios de Contabilidad&#8221;, de la carrera de Licenciatura en Contadur\u00eda P\u00fablica.<\/p>\n<p style=\"text-align: justify;\">Adem\u00e1s, dos estudiantes de la UCA est\u00e1n cursando asignaturas del Programa: un estudiante del T\u00e9cnico en Producci\u00f3n Multimedia cursa una asignatura impartida por el ITESO, Universidad Jesuita de Guadalajara, M\u00e9xico, como parte de su plan de estudios; y un estudiante de Ingenier\u00eda Industrial cursa una materia impartida por la UCA de Nicaragua, esta materia es adicional a su plan de estudios.<\/p>\n<p style=\"text-align: justify;\">En caso de que m\u00e1s docentes quieran participar en esta iniciativa y ofrecer sus asignaturas para contar con estudiantes internacionales de AUSJAL, pueden ponerse en contacto con Karen Guerrero o Patricia Andreu, a los correos\u00a0<a href=\"mailto:kguerrero@uca.edu.sv\">kguerrero@uca.edu.sv<\/a>\u00a0o\u00a0<a href=\"mailto:pandreu@uca.edu.sv\">pandreu@uca.edu.sv<\/a>\u00a0respectivamente. La informaci\u00f3n para los y las estudiantes se encuentra publicada en el siguiente enlace:\u00a0<a href=\"https:\/\/uca.edu.sv\/wp-content\/uploads\/2021\/05\/intercampus-virtual-ausjal.pdf\">Intercampus Virtual AUSJAL<\/a><\/p>\n","protected":false},"excerpt":{"rendered":"<p>Electivas virtuales, la iniciativa impulsada por EDUTIC En 2016, la Red de hom\u00f3logos de EDUTIC (Educaci\u00f3n de las Tecnolog\u00edas de la Informaci\u00f3n y la Comunicaci\u00f3n) inici\u00f3 la fase piloto del proyecto &#8220;Electivas Virtuales&#8221;, con el cual los estudiantes de las universidades miembros de AUSJAL (Asociaci\u00f3n de Universidades Confiadas a la Compa\u00f1\u00eda de Jes\u00fas en Am\u00e9rica [&hellip;]<\/p>\n","protected":false},"author":8,"featured_media":0,"parent":0,"menu_order":0,"comment_status":"open","ping_status":"open","template":"","meta":[],"_links":{"self":[{"href":"https:\/\/www.uca.edu.sv\/dric\/wp-json\/wp\/v2\/pages\/1882"}],"collection":[{"href":"https:\/\/www.uca.edu.sv\/dric\/wp-json\/wp\/v2\/pages"}],"about":[{"href":"https:\/\/www.uca.edu.sv\/dric\/wp-json\/wp\/v2\/types\/page"}],"author":[{"embeddable":true,"href":"https:\/\/www.uca.edu.sv\/dric\/wp-json\/wp\/v2\/users\/8"}],"replies":[{"embeddable":true,"href":"https:\/\/www.uca.edu.sv\/dric\/wp-json\/wp\/v2\/comments?post=1882"}],"version-history":[{"count":5,"href":"https:\/\/www.uca.edu.sv\/dric\/wp-json\/wp\/v2\/pages\/1882\/revisions"}],"predecessor-version":[{"id":1888,"href":"https:\/\/www.uca.edu.sv\/dric\/wp-json\/wp\/v2\/pages\/1882\/revisions\/1888"}],"wp:attachment":[{"href":"https:\/\/www.uca.edu.sv\/dric\/wp-json\/wp\/v2\/media?parent=1882"}],"curies":[{"name":"wp","href":"https:\/\/api.w.org\/{rel}","templated":true}]}}