{"id":1787,"date":"2021-04-20T17:16:36","date_gmt":"2021-04-20T17:16:36","guid":{"rendered":"https:\/\/www.uca.edu.sv\/dric\/?page_id=1787"},"modified":"2021-08-20T15:04:48","modified_gmt":"2021-08-20T15:04:48","slug":"1787-2","status":"publish","type":"page","link":"https:\/\/www.uca.edu.sv\/dric\/1787-2\/","title":{"rendered":""},"content":{"rendered":"<p><a href=\"https:\/\/www.uca.edu.sv\/dric\/wp-content\/uploads\/2021\/04\/Noticia-2-APROBADA-NEGRO1.png\"><img decoding=\"async\" loading=\"lazy\" class=\"alignnone  wp-image-1843\" src=\"https:\/\/www.uca.edu.sv\/dric\/wp-content\/uploads\/2021\/04\/Noticia-2-APROBADA-NEGRO1.png\" alt=\"Noticia 2 APROBADA NEGRO\" width=\"969\" height=\"537\" srcset=\"https:\/\/www.uca.edu.sv\/dric\/wp-content\/uploads\/2021\/04\/Noticia-2-APROBADA-NEGRO1.png 1669w, https:\/\/www.uca.edu.sv\/dric\/wp-content\/uploads\/2021\/04\/Noticia-2-APROBADA-NEGRO1-125x69.png 125w, https:\/\/www.uca.edu.sv\/dric\/wp-content\/uploads\/2021\/04\/Noticia-2-APROBADA-NEGRO1-500x277.png 500w, https:\/\/www.uca.edu.sv\/dric\/wp-content\/uploads\/2021\/04\/Noticia-2-APROBADA-NEGRO1-800x443.png 800w\" sizes=\"(max-width: 969px) 100vw, 969px\" \/><\/a><\/p>\n<p style=\"text-align: justify;\">Con el apoyo de la Universidad de Santa Clara, Estados Unidos, se fund\u00f3 en 2004 el Programa Universitario \u00d3scar Arnulfo Romero, conocido tambi\u00e9n como Programa Romero o PUOAR.<\/p>\n<p style=\"text-align: justify;\">El Programa, que desde 2018 es coordinado por la Direcci\u00f3n de Desarrollo Estudiantil de la UCA, brinda alojamiento en una residencia donde los becarios tienen una experiencia de vida comunitaria, reciben formaci\u00f3n humano-espiritual y alimentaci\u00f3n durante el ciclo acad\u00e9mico.<\/p>\n<p style=\"text-align: justify;\">Esta beca est\u00e1 dirigida a estudiantes de escasos recursos, provenientes de zonas rurales del pa\u00eds y que cuentan con una beca de estudios en la UCA.\u00a0 Entre los compromisos que adquieren est\u00e1 el de un rendimiento acad\u00e9mico satisfactorio, mantener un v\u00ednculo con su lugar de origen a trav\u00e9s de un servicio comunitario, participar en las actividades del Programa y mantener una relaci\u00f3n de solidaridad y colaboraci\u00f3n con los otros miembros del PUOAR.<\/p>\n<p style=\"text-align: justify;\">En 2020 el Programa benefici\u00f3 a 19 estudiantes, con los cuales alcanza un total de 100 los atendidos desde su fundaci\u00f3n. De 2018 a la fecha, 3 estudiantes han obtenido su t\u00edtulo universitario y otros 2 est\u00e1n por lograrlo este a\u00f1o. Adem\u00e1s, una de las becarias obtuvo una beca de movilidad internacional para realizar un semestre de estudios en la Universidad de Granada, Espa\u00f1a, gracias al programa Erasmus + de la Uni\u00f3n Europea.<\/p>\n<p style=\"text-align: justify;\">El PUOAR tambi\u00e9n ha unido esfuerzos con la iniciativa solidaria <em>Ni\u00f1as Arriba<\/em>, una organizaci\u00f3n estadounidense que ofrece becas a ni\u00f1as y mujeres j\u00f3venes para realizar estudios universitarios.\u00a0\u00a0\u00a0<\/p>\n<p style=\"text-align: justify;\">La UCA, consciente de que la educaci\u00f3n es una de las principales herramientas para alcanzar el desarrollo personal, social y comunitario, ha reafirmado su compromiso de continuar apoyando a m\u00e1s j\u00f3venes a trav\u00e9s de este Programa.<\/p>\n<p>&nbsp;<\/p>\n","protected":false},"excerpt":{"rendered":"<p>Con el apoyo de la Universidad de Santa Clara, Estados Unidos, se fund\u00f3 en 2004 el Programa Universitario \u00d3scar Arnulfo Romero, conocido tambi\u00e9n como Programa Romero o PUOAR. El Programa, que desde 2018 es coordinado por la Direcci\u00f3n de Desarrollo Estudiantil de la UCA, brinda alojamiento en una residencia donde los becarios tienen una experiencia [&hellip;]<\/p>\n","protected":false},"author":8,"featured_media":0,"parent":0,"menu_order":0,"comment_status":"open","ping_status":"open","template":"","meta":[],"_links":{"self":[{"href":"https:\/\/www.uca.edu.sv\/dric\/wp-json\/wp\/v2\/pages\/1787"}],"collection":[{"href":"https:\/\/www.uca.edu.sv\/dric\/wp-json\/wp\/v2\/pages"}],"about":[{"href":"https:\/\/www.uca.edu.sv\/dric\/wp-json\/wp\/v2\/types\/page"}],"author":[{"embeddable":true,"href":"https:\/\/www.uca.edu.sv\/dric\/wp-json\/wp\/v2\/users\/8"}],"replies":[{"embeddable":true,"href":"https:\/\/www.uca.edu.sv\/dric\/wp-json\/wp\/v2\/comments?post=1787"}],"version-history":[{"count":12,"href":"https:\/\/www.uca.edu.sv\/dric\/wp-json\/wp\/v2\/pages\/1787\/revisions"}],"predecessor-version":[{"id":1844,"href":"https:\/\/www.uca.edu.sv\/dric\/wp-json\/wp\/v2\/pages\/1787\/revisions\/1844"}],"wp:attachment":[{"href":"https:\/\/www.uca.edu.sv\/dric\/wp-json\/wp\/v2\/media?parent=1787"}],"curies":[{"name":"wp","href":"https:\/\/api.w.org\/{rel}","templated":true}]}}