{"id":1780,"date":"2021-04-19T16:00:18","date_gmt":"2021-04-19T16:00:18","guid":{"rendered":"https:\/\/www.uca.edu.sv\/dric\/?page_id=1780"},"modified":"2021-08-24T15:11:22","modified_gmt":"2021-08-24T15:11:22","slug":"noticia-2","status":"publish","type":"page","link":"https:\/\/www.uca.edu.sv\/dric\/noticia-2\/","title":{"rendered":""},"content":{"rendered":"<p style=\"text-align: justify;\"><a href=\"https:\/\/www.uca.edu.sv\/dric\/wp-content\/uploads\/2021\/04\/Noticia-2-imagen-horizontal_Mesa-de-trabajo-1.png\"><img decoding=\"async\" loading=\"lazy\" class=\"alignnone  wp-image-1850\" src=\"https:\/\/www.uca.edu.sv\/dric\/wp-content\/uploads\/2021\/04\/Noticia-2-imagen-horizontal_Mesa-de-trabajo-1.png\" alt=\"Noticia 2 (imagen horizontal)_Mesa de trabajo 1\" width=\"924\" height=\"533\" srcset=\"https:\/\/www.uca.edu.sv\/dric\/wp-content\/uploads\/2021\/04\/Noticia-2-imagen-horizontal_Mesa-de-trabajo-1.png 1481w, https:\/\/www.uca.edu.sv\/dric\/wp-content\/uploads\/2021\/04\/Noticia-2-imagen-horizontal_Mesa-de-trabajo-1-125x72.png 125w, https:\/\/www.uca.edu.sv\/dric\/wp-content\/uploads\/2021\/04\/Noticia-2-imagen-horizontal_Mesa-de-trabajo-1-500x288.png 500w, https:\/\/www.uca.edu.sv\/dric\/wp-content\/uploads\/2021\/04\/Noticia-2-imagen-horizontal_Mesa-de-trabajo-1-800x461.png 800w\" sizes=\"(max-width: 924px) 100vw, 924px\" \/><\/a><\/p>\n<p style=\"text-align: justify;\">La Asociaci\u00f3n de Universidades Confiadas a la Compa\u00f1\u00eda de Jes\u00fas en Am\u00e9rica Latina (AUSJAL) recientemente firm\u00f3 convenios con dos instituciones:<\/p>\n<ul style=\"text-align: justify;\">\n<li>Red Universitaria por los Derechos Humanos (University Network for Human Rights)<\/li>\n<\/ul>\n<p style=\"text-align: justify;\">La Red facilita la participaci\u00f3n supervisada de estudiantes en la pr\u00e1ctica de los derechos humanos en universidades dentro y fuera de los Estados Unidos. Al mismo tiempo, propician la capacitaci\u00f3n estudiantil en actividades de investigaci\u00f3n, documentaci\u00f3n y defensa de los derechos humanos.<\/p>\n<p style=\"text-align: justify;\">El convenio firmado facilitar\u00e1 la realizaci\u00f3n de proyectos de formaci\u00f3n e incidencia entre las universidades e instituciones de AUSJAL y los miembros de la Red. Asimismo, la cooperaci\u00f3n entre las dos instituciones permitir\u00e1 el desarrollo de actividades acad\u00e9micas conjuntas como \u00a0intercambio de profesores y estudiantes, investigaciones, participaci\u00f3n en seminarios, intercambio de documentos cient\u00edficos y pedag\u00f3gicos, publicaciones \u00a0y programas de promoci\u00f3n y educaci\u00f3n.<\/p>\n<ul style=\"text-align: justify;\">\n<li>Uni\u00f3n de Universidades de Am\u00e9rica Latina y el Caribe (UDUAL)<\/li>\n<\/ul>\n<p style=\"text-align: justify;\">La UDUAL es una organizaci\u00f3n de universidades e instituciones de educaci\u00f3n superior de Am\u00e9rica Latina y el Caribe, con el \u00a0prop\u00f3sito de establecer lazos firmes de cooperaci\u00f3n en la educaci\u00f3n superior. Algunos de los valores que los distinguen son la defensa de la autonom\u00eda universitaria como esencia de la institucionalidad acad\u00e9mica, tanto en su gobernanza y administraci\u00f3n interna como en su irrestricto respeto a la libertad de pensamiento, c\u00e1tedra e investigaci\u00f3n.<\/p>\n<p style=\"text-align: justify;\">La firma del convenio fortalecer\u00e1 a todas las instituciones que forman parte de AUSJAL, ya que ampliar\u00e1 las relaciones con m\u00e1s de 200 instituciones de educaci\u00f3n superior en Iberoam\u00e9rica, adem\u00e1s de los organismos internacionales asociados a la UDUAL. Permitir\u00e1 realizar acciones conjuntas en temas como: internacionalizaci\u00f3n, investigaci\u00f3n, movilidad, vinculaci\u00f3n, divulgaci\u00f3n, entre otros. De igual manera, contribuir\u00e1 a la creaci\u00f3n de una cultura en derechos humanos y ciudadan\u00eda a trav\u00e9s de actividades de divulgaci\u00f3n, y propiciar\u00e1 la movilidad y vinculaci\u00f3n de estudiantes, investigadores y profesores entre las instituciones afiliadas a ambas entidades.<\/p>\n","protected":false},"excerpt":{"rendered":"<p>La Asociaci\u00f3n de Universidades Confiadas a la Compa\u00f1\u00eda de Jes\u00fas en Am\u00e9rica Latina (AUSJAL) recientemente firm\u00f3 convenios con dos instituciones: Red Universitaria por los Derechos Humanos (University Network for Human Rights) La Red facilita la participaci\u00f3n supervisada de estudiantes en la pr\u00e1ctica de los derechos humanos en universidades dentro y fuera de los Estados Unidos. [&hellip;]<\/p>\n","protected":false},"author":8,"featured_media":0,"parent":0,"menu_order":0,"comment_status":"open","ping_status":"open","template":"","meta":[],"_links":{"self":[{"href":"https:\/\/www.uca.edu.sv\/dric\/wp-json\/wp\/v2\/pages\/1780"}],"collection":[{"href":"https:\/\/www.uca.edu.sv\/dric\/wp-json\/wp\/v2\/pages"}],"about":[{"href":"https:\/\/www.uca.edu.sv\/dric\/wp-json\/wp\/v2\/types\/page"}],"author":[{"embeddable":true,"href":"https:\/\/www.uca.edu.sv\/dric\/wp-json\/wp\/v2\/users\/8"}],"replies":[{"embeddable":true,"href":"https:\/\/www.uca.edu.sv\/dric\/wp-json\/wp\/v2\/comments?post=1780"}],"version-history":[{"count":5,"href":"https:\/\/www.uca.edu.sv\/dric\/wp-json\/wp\/v2\/pages\/1780\/revisions"}],"predecessor-version":[{"id":1851,"href":"https:\/\/www.uca.edu.sv\/dric\/wp-json\/wp\/v2\/pages\/1780\/revisions\/1851"}],"wp:attachment":[{"href":"https:\/\/www.uca.edu.sv\/dric\/wp-json\/wp\/v2\/media?parent=1780"}],"curies":[{"name":"wp","href":"https:\/\/api.w.org\/{rel}","templated":true}]}}