{"id":1770,"date":"2021-04-19T15:24:32","date_gmt":"2021-04-19T15:24:32","guid":{"rendered":"https:\/\/www.uca.edu.sv\/dric\/?page_id=1770"},"modified":"2021-08-24T15:13:22","modified_gmt":"2021-08-24T15:13:22","slug":"noticia-1-ed-4","status":"publish","type":"page","link":"https:\/\/www.uca.edu.sv\/dric\/noticia-1-ed-4\/","title":{"rendered":""},"content":{"rendered":"<p style=\"text-align: justify;\"><a href=\"https:\/\/www.uca.edu.sv\/dric\/wp-content\/uploads\/2021\/04\/Becarios-imagen-horizontal.png\"><img decoding=\"async\" loading=\"lazy\" class=\"alignnone  wp-image-1854\" src=\"https:\/\/www.uca.edu.sv\/dric\/wp-content\/uploads\/2021\/04\/Becarios-imagen-horizontal.png\" alt=\"Becarios (imagen horizontal)\" width=\"965\" height=\"460\" srcset=\"https:\/\/www.uca.edu.sv\/dric\/wp-content\/uploads\/2021\/04\/Becarios-imagen-horizontal.png 1800w, https:\/\/www.uca.edu.sv\/dric\/wp-content\/uploads\/2021\/04\/Becarios-imagen-horizontal-125x60.png 125w, https:\/\/www.uca.edu.sv\/dric\/wp-content\/uploads\/2021\/04\/Becarios-imagen-horizontal-500x238.png 500w, https:\/\/www.uca.edu.sv\/dric\/wp-content\/uploads\/2021\/04\/Becarios-imagen-horizontal-800x381.png 800w\" sizes=\"(max-width: 965px) 100vw, 965px\" \/><\/a><\/p>\n<p style=\"text-align: justify;\"><strong><span style=\"text-decoration: underline;\">Becarios UCA son reconocidos por su excelencia acad\u00e9mica<\/span><\/strong><\/p>\n<p style=\"text-align: justify;\">La b\u00fasqueda de la excelencia acad\u00e9mica es una caracter\u00edstica de la comunidad universitaria de la UCA, donde tanto su personal acad\u00e9mico y docente, como los estudiantes y graduados, se encuentran en constante crecimiento profesional en aras de aportar y ofrecer soluciones a las problem\u00e1ticas que afectan a nuestro pa\u00eds.<\/p>\n<p style=\"text-align: justify;\">La UCA celebr\u00f3 a los becarios, el pasado 20 de julio, con un acto de reconocimiento al esfuerzo y dedicaci\u00f3n. Cont\u00f3 con la presencia de autoridades universitarias, as\u00ed como con la participaci\u00f3n especial de la embajadora de Canad\u00e1, Karolina Guay; el embajador de Espa\u00f1a, Carlos de la Morena Casado, y el consejero pol\u00edtico de la Delegaci\u00f3n de la Uni\u00f3n Europea en El Salvador, Borja Garc\u00eda Hidalgosra.<\/p>\n<p style=\"text-align: justify;\">\u201cEl que lee mucho y anda mucho, ve mucho y sabe mucho&#8221;, dijo el Embajador de Espa\u00f1a, Sr. Carlos de la Morena, citando al escritor Miguel de Cervantes, para animar a los 25 becarios de la UCA que tendr\u00e1n una experiencia de movilidad internacional en prestigiosas universidades de pa\u00edses como Estados Unidos, Alemania, Jap\u00f3n, Rep\u00fablica Popular de China, Espa\u00f1a, Lituania, Portugal y Canad\u00e1.<\/p>\n<p style=\"text-align: justify;\">El grupo de becarios lo conforma personal acad\u00e9mico y administrativo, estudiantes y graduados de la Universidad, que mediante diferentes programas como Erasmus Plus, \u00a0Fulbright Laspau, ELAP, Monbukagakusho y otros, tendr\u00e1n la oportunidad de complementar su formaci\u00f3n profesional en el exterior.<\/p>\n<p>&nbsp;<\/p>\n<p>&nbsp;<\/p>\n","protected":false},"excerpt":{"rendered":"<p>Becarios UCA son reconocidos por su excelencia acad\u00e9mica La b\u00fasqueda de la excelencia acad\u00e9mica es una caracter\u00edstica de la comunidad universitaria de la UCA, donde tanto su personal acad\u00e9mico y docente, como los estudiantes y graduados, se encuentran en constante crecimiento profesional en aras de aportar y ofrecer soluciones a las problem\u00e1ticas que afectan a [&hellip;]<\/p>\n","protected":false},"author":8,"featured_media":0,"parent":0,"menu_order":0,"comment_status":"open","ping_status":"open","template":"","meta":[],"_links":{"self":[{"href":"https:\/\/www.uca.edu.sv\/dric\/wp-json\/wp\/v2\/pages\/1770"}],"collection":[{"href":"https:\/\/www.uca.edu.sv\/dric\/wp-json\/wp\/v2\/pages"}],"about":[{"href":"https:\/\/www.uca.edu.sv\/dric\/wp-json\/wp\/v2\/types\/page"}],"author":[{"embeddable":true,"href":"https:\/\/www.uca.edu.sv\/dric\/wp-json\/wp\/v2\/users\/8"}],"replies":[{"embeddable":true,"href":"https:\/\/www.uca.edu.sv\/dric\/wp-json\/wp\/v2\/comments?post=1770"}],"version-history":[{"count":7,"href":"https:\/\/www.uca.edu.sv\/dric\/wp-json\/wp\/v2\/pages\/1770\/revisions"}],"predecessor-version":[{"id":1855,"href":"https:\/\/www.uca.edu.sv\/dric\/wp-json\/wp\/v2\/pages\/1770\/revisions\/1855"}],"wp:attachment":[{"href":"https:\/\/www.uca.edu.sv\/dric\/wp-json\/wp\/v2\/media?parent=1770"}],"curies":[{"name":"wp","href":"https:\/\/api.w.org\/{rel}","templated":true}]}}