{"id":1736,"date":"2021-03-04T21:21:13","date_gmt":"2021-03-04T21:21:13","guid":{"rendered":"https:\/\/www.uca.edu.sv\/dric\/?page_id=1736"},"modified":"2021-03-08T14:10:04","modified_gmt":"2021-03-08T14:10:04","slug":"edicion-3-noticia-4","status":"publish","type":"page","link":"https:\/\/www.uca.edu.sv\/dric\/edicion-3-noticia-4\/","title":{"rendered":""},"content":{"rendered":"<p><a href=\"https:\/\/www.uca.edu.sv\/dric\/wp-content\/uploads\/2021\/03\/Gaceta-Internacional-Edici\u00f3n-3-4.png\"><img decoding=\"async\" loading=\"lazy\" class=\"alignnone  wp-image-1737\" src=\"https:\/\/www.uca.edu.sv\/dric\/wp-content\/uploads\/2021\/03\/Gaceta-Internacional-Edici\u00f3n-3-4.png\" alt=\"Gaceta Internacional Edici\u00f3n 3 (4)\" width=\"968\" height=\"466\" srcset=\"https:\/\/www.uca.edu.sv\/dric\/wp-content\/uploads\/2021\/03\/Gaceta-Internacional-Edici\u00f3n-3-4.png 1350w, https:\/\/www.uca.edu.sv\/dric\/wp-content\/uploads\/2021\/03\/Gaceta-Internacional-Edici\u00f3n-3-4-125x60.png 125w, https:\/\/www.uca.edu.sv\/dric\/wp-content\/uploads\/2021\/03\/Gaceta-Internacional-Edici\u00f3n-3-4-500x241.png 500w, https:\/\/www.uca.edu.sv\/dric\/wp-content\/uploads\/2021\/03\/Gaceta-Internacional-Edici\u00f3n-3-4-800x385.png 800w\" sizes=\"(max-width: 968px) 100vw, 968px\" \/><\/a><\/p>\n<p style=\"text-align: justify;\">Las dos universidades jesuitas forman parte de la Asociaci\u00f3n de Universidades confiadas a la Compa\u00f1\u00eda de Jes\u00fas en Am\u00e9rica Latina (AUSJAL) y, en febrero del presente a\u00f1o, firmaron una Carta de Entendimiento.\u00a0 \u00a0<\/p>\n<p style=\"text-align: justify;\">La firma fue promovida en la UCA por la Maestr\u00eda en Administraci\u00f3n de Empresas para formalizar la relaci\u00f3n de cooperaci\u00f3n que mantienen con la Ibero Puebla.<\/p>\n<p style=\"text-align: justify;\">Una de las iniciativas conjuntas implementadas ha sido el intercambio de catedr\u00e1ticos, as\u00ed en 2020 se cont\u00f3 con la participaci\u00f3n de una docente de la Ibero Puebla que imparti\u00f3 un curso sobre Responsabilidad Social Corporativa. En 2021, se espera poder vincular a los estudiantes de ambas universidades en algunas asignaturas y realizar trabajos conjuntos. \u00a0\u00a0\u00a0\u00a0\u00a0<\/p>\n<p style=\"text-align: justify;\">La Carta firmada posibilita, adem\u00e1s de los intercambios docentes y estudiantiles, contar con programas de pr\u00e1cticas profesionales, compartir clases o cursos a trav\u00e9s de plataformas digitales, participaci\u00f3n en investigaciones y promoci\u00f3n de publicaciones, entre otras acciones.<\/p>\n<p style=\"text-align: justify;\">Otros departamentos como Filosof\u00eda y Electr\u00f3nica e Inform\u00e1tica tambi\u00e9n mantienen relaciones estrechas con sus pares de la Ibero Puebla.<\/p>\n","protected":false},"excerpt":{"rendered":"<p>Las dos universidades jesuitas forman parte de la Asociaci\u00f3n de Universidades confiadas a la Compa\u00f1\u00eda de Jes\u00fas en Am\u00e9rica Latina (AUSJAL) y, en febrero del presente a\u00f1o, firmaron una Carta de Entendimiento.\u00a0 \u00a0 La firma fue promovida en la UCA por la Maestr\u00eda en Administraci\u00f3n de Empresas para formalizar la relaci\u00f3n de cooperaci\u00f3n que mantienen [&hellip;]<\/p>\n","protected":false},"author":8,"featured_media":0,"parent":0,"menu_order":0,"comment_status":"open","ping_status":"open","template":"","meta":[],"_links":{"self":[{"href":"https:\/\/www.uca.edu.sv\/dric\/wp-json\/wp\/v2\/pages\/1736"}],"collection":[{"href":"https:\/\/www.uca.edu.sv\/dric\/wp-json\/wp\/v2\/pages"}],"about":[{"href":"https:\/\/www.uca.edu.sv\/dric\/wp-json\/wp\/v2\/types\/page"}],"author":[{"embeddable":true,"href":"https:\/\/www.uca.edu.sv\/dric\/wp-json\/wp\/v2\/users\/8"}],"replies":[{"embeddable":true,"href":"https:\/\/www.uca.edu.sv\/dric\/wp-json\/wp\/v2\/comments?post=1736"}],"version-history":[{"count":3,"href":"https:\/\/www.uca.edu.sv\/dric\/wp-json\/wp\/v2\/pages\/1736\/revisions"}],"predecessor-version":[{"id":1744,"href":"https:\/\/www.uca.edu.sv\/dric\/wp-json\/wp\/v2\/pages\/1736\/revisions\/1744"}],"wp:attachment":[{"href":"https:\/\/www.uca.edu.sv\/dric\/wp-json\/wp\/v2\/media?parent=1736"}],"curies":[{"name":"wp","href":"https:\/\/api.w.org\/{rel}","templated":true}]}}