{"id":1714,"date":"2021-02-17T23:01:24","date_gmt":"2021-02-17T23:01:24","guid":{"rendered":"https:\/\/www.uca.edu.sv\/dric\/?page_id=1714"},"modified":"2021-03-08T14:11:00","modified_gmt":"2021-03-08T14:11:00","slug":"noticia-3-edicion-3","status":"publish","type":"page","link":"https:\/\/www.uca.edu.sv\/dric\/noticia-3-edicion-3\/","title":{"rendered":""},"content":{"rendered":"<p><a href=\"https:\/\/www.uca.edu.sv\/dric\/wp-content\/uploads\/2021\/02\/Gaceta-Internacional-Edici\u00f3n-3-3.png\"><img decoding=\"async\" loading=\"lazy\" class=\"alignnone  wp-image-1726\" src=\"https:\/\/www.uca.edu.sv\/dric\/wp-content\/uploads\/2021\/02\/Gaceta-Internacional-Edici\u00f3n-3-3.png\" alt=\"Gaceta Internacional Edici\u00f3n 3 (3)\" width=\"968\" height=\"466\" srcset=\"https:\/\/www.uca.edu.sv\/dric\/wp-content\/uploads\/2021\/02\/Gaceta-Internacional-Edici\u00f3n-3-3.png 1350w, https:\/\/www.uca.edu.sv\/dric\/wp-content\/uploads\/2021\/02\/Gaceta-Internacional-Edici\u00f3n-3-3-125x60.png 125w, https:\/\/www.uca.edu.sv\/dric\/wp-content\/uploads\/2021\/02\/Gaceta-Internacional-Edici\u00f3n-3-3-500x241.png 500w, https:\/\/www.uca.edu.sv\/dric\/wp-content\/uploads\/2021\/02\/Gaceta-Internacional-Edici\u00f3n-3-3-800x385.png 800w\" sizes=\"(max-width: 968px) 100vw, 968px\" \/><\/a><\/p>\n<p style=\"text-align: justify;\">De 2017 a 2020 se llev\u00f3 a cabo el proyecto \u201cSegundas Oportunidades: Apoyo al fortalecimiento para un sistema de rehabilitaci\u00f3n y reinserci\u00f3n eficaz\u201d, ejecutado por la Maestr\u00eda en Intervenci\u00f3n Social de la UCA y Catholic Relief Services (CRS), en coordinaci\u00f3n con la Direcci\u00f3n General de Centros Penales (DGCP) y con financiamiento de International Narcotics and Law Enforcement (INL) y Open Society Foundations. El objetivo general del proyecto fue fortalecer los programas de rehabilitaci\u00f3n y reinserci\u00f3n dentro del sistema penitenciario salvadore\u00f1o. De esta manera, se busc\u00f3 contribuir al Objetivo 3 -Rehabilitaci\u00f3n y Reintegraci\u00f3n- del Plan El Salvador Seguro, el cual se enfoca en mejorar los programas de rehabilitaci\u00f3n en siete centros penitenciarios, expandir el programa Yo Cambio y, en general, reducir el hacinamiento dentro de los centros.<\/p>\n<p style=\"text-align: justify;\">Segundas Oportunidades se implement\u00f3 en dos fases que compartieron tres componentes principales.<\/p>\n<ul style=\"text-align: justify;\">\n<li>Rehabilitaci\u00f3n: Fortalecimiento de la calidad de los programas de rehabilitaci\u00f3n y desarrollo de la capacidad dentro del sistema penitenciario para facilitar la rehabilitaci\u00f3n de las personas privadas de libertad.<\/li>\n<li>Reinserci\u00f3n: Fortalecer la comprensi\u00f3n de lo que facilita la reinserci\u00f3n de los ciudadanos que regresan a la sociedad, y mejorar la calidad de los programas para ayudarlos a navegar esta transici\u00f3n y reducir la reincidencia.<\/li>\n<li>Investigaci\u00f3n y evaluaci\u00f3n: Comprender y medir los comportamientos clave que cambiaron durante el curso de la participaci\u00f3n en programas de rehabilitaci\u00f3n, evaluar los casos de las personas privadas de libertad con base en la evidencia del progreso y mejorar la capacidad del sistema penitenciario para tomar decisiones basadas en la evidencia.<\/li>\n<\/ul>\n<p style=\"text-align: justify;\">Los logros clave durante la implementaci\u00f3n del proyecto incluyen a 2,135 beneficiarios. Se cont\u00f3 con la participaci\u00f3n de 1,321 personas privadas de libertad y personas ex privadas de libertad. Las actividades del proyecto se implementaron en 12 sedes penitenciaras y 5 sedes regionales del Departamento de Prueba y Libertad Asistida de la DGCP. Se form\u00f3 a 328 personas que forman parte del personal del sistema penitenciario y del Departamento de Prueba, incluyendo a 160 agentes de seguridad.<\/p>\n<p style=\"text-align: justify;\">Por otro lado, se dise\u00f1aron e implementaron siete curr\u00edculas de rehabilitaci\u00f3n para personas privadas de libertad y dos para exprivados. En esta l\u00ednea, la DGCP oficializ\u00f3, como parte de los programas especializados de tratamiento, la curr\u00edcula de rehabilitaci\u00f3n de CRS \u2018\u2018\u00a1Estoy Dispuesto!\u2019\u2019, as\u00ed como la Bater\u00eda Socioafectiva SAT-ED creada para medir los cambios producidos por el programa. Esta Bater\u00eda fue validada por el Consejo Criminol\u00f3gico Nacional y la Junta de Vigilancia Penitenciaria y de Ejecuci\u00f3n de la Pena como una herramienta de evaluaci\u00f3n de la conducta para la toma de decisiones sobre casos de las personas privadas de libertad y para medir la efectividad delos programas de tratamiento. Se form\u00f3 al 100% de profesionales en psicolog\u00eda de la DGCP en el uso de dicha bater\u00eda. Ambas herramientas permitieron visibilizar la mejora estad\u00edsticamente significativa en siete de nueve habilidades socioafectivas en 112 personas privadas de libertad que participaron en el programa \u2018\u2018\u00a1Estoy Dispuesto!\u2019\u2019 en 2019, en cinco sedes penitenciarias.<\/p>\n<p style=\"text-align: justify;\">Finalmente, 108 exprivados se insertaron en el mercado laboral, ya sea a trav\u00e9s de un empleo o empezando su propio negocio. De ellas y ellos, a pesar del impacto de la pandemia por el COVI-19, 87 manten\u00edan su empleo o emprendimiento al cierre del proyecto. A la vez, se identific\u00f3 que 271 participantes del proyecto que obtuvieron su libertad, reportaron 0% de reincidencia para el cierre del proyecto.<\/p>\n","protected":false},"excerpt":{"rendered":"<p>De 2017 a 2020 se llev\u00f3 a cabo el proyecto \u201cSegundas Oportunidades: Apoyo al fortalecimiento para un sistema de rehabilitaci\u00f3n y reinserci\u00f3n eficaz\u201d, ejecutado por la Maestr\u00eda en Intervenci\u00f3n Social de la UCA y Catholic Relief Services (CRS), en coordinaci\u00f3n con la Direcci\u00f3n General de Centros Penales (DGCP) y con financiamiento de International Narcotics and [&hellip;]<\/p>\n","protected":false},"author":8,"featured_media":0,"parent":0,"menu_order":0,"comment_status":"open","ping_status":"open","template":"","meta":[],"_links":{"self":[{"href":"https:\/\/www.uca.edu.sv\/dric\/wp-json\/wp\/v2\/pages\/1714"}],"collection":[{"href":"https:\/\/www.uca.edu.sv\/dric\/wp-json\/wp\/v2\/pages"}],"about":[{"href":"https:\/\/www.uca.edu.sv\/dric\/wp-json\/wp\/v2\/types\/page"}],"author":[{"embeddable":true,"href":"https:\/\/www.uca.edu.sv\/dric\/wp-json\/wp\/v2\/users\/8"}],"replies":[{"embeddable":true,"href":"https:\/\/www.uca.edu.sv\/dric\/wp-json\/wp\/v2\/comments?post=1714"}],"version-history":[{"count":8,"href":"https:\/\/www.uca.edu.sv\/dric\/wp-json\/wp\/v2\/pages\/1714\/revisions"}],"predecessor-version":[{"id":1745,"href":"https:\/\/www.uca.edu.sv\/dric\/wp-json\/wp\/v2\/pages\/1714\/revisions\/1745"}],"wp:attachment":[{"href":"https:\/\/www.uca.edu.sv\/dric\/wp-json\/wp\/v2\/media?parent=1714"}],"curies":[{"name":"wp","href":"https:\/\/api.w.org\/{rel}","templated":true}]}}