{"id":1709,"date":"2021-02-17T22:59:22","date_gmt":"2021-02-17T22:59:22","guid":{"rendered":"https:\/\/www.uca.edu.sv\/dric\/?page_id=1709"},"modified":"2021-03-08T14:11:52","modified_gmt":"2021-03-08T14:11:52","slug":"noticia-2-edicion-3","status":"publish","type":"page","link":"https:\/\/www.uca.edu.sv\/dric\/noticia-2-edicion-3\/","title":{"rendered":""},"content":{"rendered":"<p><a href=\"https:\/\/www.uca.edu.sv\/dric\/wp-content\/uploads\/2021\/02\/Gaceta-Internacional-Edici\u00f3n-3-1.png\"><img decoding=\"async\" loading=\"lazy\" class=\"alignnone  wp-image-1710\" src=\"https:\/\/www.uca.edu.sv\/dric\/wp-content\/uploads\/2021\/02\/Gaceta-Internacional-Edici\u00f3n-3-1.png\" alt=\"Gaceta Internacional Edici\u00f3n 3 (1)\" width=\"968\" height=\"466\" srcset=\"https:\/\/www.uca.edu.sv\/dric\/wp-content\/uploads\/2021\/02\/Gaceta-Internacional-Edici\u00f3n-3-1.png 1350w, https:\/\/www.uca.edu.sv\/dric\/wp-content\/uploads\/2021\/02\/Gaceta-Internacional-Edici\u00f3n-3-1-125x60.png 125w, https:\/\/www.uca.edu.sv\/dric\/wp-content\/uploads\/2021\/02\/Gaceta-Internacional-Edici\u00f3n-3-1-500x241.png 500w, https:\/\/www.uca.edu.sv\/dric\/wp-content\/uploads\/2021\/02\/Gaceta-Internacional-Edici\u00f3n-3-1-800x385.png 800w\" sizes=\"(max-width: 968px) 100vw, 968px\" \/><\/a><\/p>\n<p style=\"text-align: justify;\"><strong><span style=\"text-decoration: underline;\">NUEVO SECRETARIO EJECUTIVO DE AUSJAL<\/span><\/strong><\/p>\n<p style=\"text-align: justify;\">A partir del 1 de febrero de 2021, el P. David Fern\u00e1ndez D\u00e1valos, S.J. es el nuevo Secretario Ejecutivo de la Asociaci\u00f3n de Universidades confiadas a la Compa\u00f1\u00eda de Jes\u00fas en Am\u00e9rica Latina (AUSJAL).<\/p>\n<p style=\"text-align: justify;\">Nacido en Guadalajara, posee estudios de licenciatura en Filosof\u00eda y Ciencias Sociales en el Instituto Tecnol\u00f3gico y de Estudios Superiores de Occidente (ITESO) y de Teolog\u00eda en el Colegio de Estudios Teol\u00f3gicos; asimismo, es Maestro en Sociolog\u00eda por la Universidad Iberoamericana.<\/p>\n<p style=\"text-align: justify;\">Ha tenido una larga trayectoria en movimientos de apoyo a ni\u00f1os de la calle, centros de derechos humanos y fungi\u00f3 como Rector en el ITESO, en la Universidad Iberoamericana Puebla y en la Universidad Iberoamericana Ciudad de M\u00e9xico y Tijuana.<\/p>\n<p style=\"text-align: justify;\">En su carrera ha recibido distinciones, tales como el premio Human Rights Watch y el Reconocimiento Nacional por la Igualdad y la no Discriminaci\u00f3n 2016 que otorga el Consejo Nacional para Prevenir la Discriminaci\u00f3n (CONAPRED) de M\u00e9xico, entre otros.<\/p>\n<p style=\"text-align: justify;\">El P. Fern\u00e1ndez ha sido un estudioso del pensamiento del P. Ignacio Ellacur\u00eda y entre sus escritos destaca\u00a0 <em>Ignacio Ellacur\u00eda: vida, pensamiento e impacto en la universidad jesuita de hoy<\/em>, as\u00ed como <em>Iglesia, Pol\u00edtica, Religi\u00f3n y Sociedad. Interacciones para el bien p\u00fablico desde Ignacio Ellacur\u00eda<\/em>.<\/p>\n<p style=\"text-align: justify;\"><strong><span style=\"text-decoration: underline;\">NUEVO SECRETARIO DE EDUCACI\u00d3N SUPERIOR DE LA COMPA\u00d1\u00cdA DE JES\u00daS<\/span><\/strong><\/p>\n<p style=\"text-align: justify;\">El Padre Joseph Maria Christie fue nombrado como Secretario para la Educaci\u00f3n Superior, cargo que asumir\u00e1 el 4 de agosto del presente a\u00f1o, posterior a la Asamblea de la Asociaci\u00f3n Internacional de Universidades Jesuitas (IAJU, por sus siglas en ingl\u00e9s). El nombramiento fue realizado por el General de la Compa\u00f1\u00eda de Jes\u00fas, P. Arturo Sosa, S.J.<\/p>\n<p style=\"text-align: justify;\">El Padre Christie es originario de la Provincia de Madurai, ciudad en la India, y posee una gran trayectoria en distintos cargos de responsabilidad. En la actualidad funge como Director de Xavier School of Management, en Jamshedpur, India, y simult\u00e1neamente es el presidente de la\u00a0 Asociaci\u00f3n de Institutos de Gesti\u00f3n de los jesuitas en su pa\u00eds.<\/p>\n<p style=\"text-align: justify;\">Ha trabajado en la coordinaci\u00f3n de los apostolados y la direcci\u00f3n de la Oficina de Desarrollo de la Provincia de Madurai; fue parte del Comit\u00e9 Directivo de la Asamblea en Bilbao, y su trabajo lo ha mantenido en relaci\u00f3n con la IAJU de distintas formas.<\/p>\n","protected":false},"excerpt":{"rendered":"<p>NUEVO SECRETARIO EJECUTIVO DE AUSJAL A partir del 1 de febrero de 2021, el P. David Fern\u00e1ndez D\u00e1valos, S.J. es el nuevo Secretario Ejecutivo de la Asociaci\u00f3n de Universidades confiadas a la Compa\u00f1\u00eda de Jes\u00fas en Am\u00e9rica Latina (AUSJAL). Nacido en Guadalajara, posee estudios de licenciatura en Filosof\u00eda y Ciencias Sociales en el Instituto Tecnol\u00f3gico [&hellip;]<\/p>\n","protected":false},"author":8,"featured_media":0,"parent":0,"menu_order":0,"comment_status":"open","ping_status":"open","template":"","meta":[],"_links":{"self":[{"href":"https:\/\/www.uca.edu.sv\/dric\/wp-json\/wp\/v2\/pages\/1709"}],"collection":[{"href":"https:\/\/www.uca.edu.sv\/dric\/wp-json\/wp\/v2\/pages"}],"about":[{"href":"https:\/\/www.uca.edu.sv\/dric\/wp-json\/wp\/v2\/types\/page"}],"author":[{"embeddable":true,"href":"https:\/\/www.uca.edu.sv\/dric\/wp-json\/wp\/v2\/users\/8"}],"replies":[{"embeddable":true,"href":"https:\/\/www.uca.edu.sv\/dric\/wp-json\/wp\/v2\/comments?post=1709"}],"version-history":[{"count":5,"href":"https:\/\/www.uca.edu.sv\/dric\/wp-json\/wp\/v2\/pages\/1709\/revisions"}],"predecessor-version":[{"id":1746,"href":"https:\/\/www.uca.edu.sv\/dric\/wp-json\/wp\/v2\/pages\/1709\/revisions\/1746"}],"wp:attachment":[{"href":"https:\/\/www.uca.edu.sv\/dric\/wp-json\/wp\/v2\/media?parent=1709"}],"curies":[{"name":"wp","href":"https:\/\/api.w.org\/{rel}","templated":true}]}}