{"id":1655,"date":"2021-01-21T22:25:16","date_gmt":"2021-01-21T22:25:16","guid":{"rendered":"https:\/\/www.uca.edu.sv\/dric\/?page_id=1655"},"modified":"2021-01-21T22:25:23","modified_gmt":"2021-01-21T22:25:23","slug":"noticia-5","status":"publish","type":"page","link":"https:\/\/www.uca.edu.sv\/dric\/noticia-5\/","title":{"rendered":""},"content":{"rendered":"<p style=\"text-align: justify;\"><a href=\"https:\/\/www.uca.edu.sv\/dric\/wp-content\/uploads\/2021\/01\/Gaceta-Internacional-Edici\u00f3n-2-6.png\"><img decoding=\"async\" loading=\"lazy\" class=\"alignnone  wp-image-1656\" src=\"https:\/\/www.uca.edu.sv\/dric\/wp-content\/uploads\/2021\/01\/Gaceta-Internacional-Edici\u00f3n-2-6.png\" alt=\"Gaceta Internacional Edici\u00f3n 2 (6)\" width=\"970\" height=\"467\" srcset=\"https:\/\/www.uca.edu.sv\/dric\/wp-content\/uploads\/2021\/01\/Gaceta-Internacional-Edici\u00f3n-2-6.png 1350w, https:\/\/www.uca.edu.sv\/dric\/wp-content\/uploads\/2021\/01\/Gaceta-Internacional-Edici\u00f3n-2-6-125x60.png 125w, https:\/\/www.uca.edu.sv\/dric\/wp-content\/uploads\/2021\/01\/Gaceta-Internacional-Edici\u00f3n-2-6-500x241.png 500w, https:\/\/www.uca.edu.sv\/dric\/wp-content\/uploads\/2021\/01\/Gaceta-Internacional-Edici\u00f3n-2-6-800x385.png 800w\" sizes=\"(max-width: 970px) 100vw, 970px\" \/><\/a><\/p>\n<p style=\"text-align: justify;\">En el marco del proyecto \u201cEducaci\u00f3n inclusiva y de calidad para escuelas rurales de Chalatenango\u201d financiado por la Fundaci\u00f3n Infantil Pestalozzi, el pasado noviembre y diciembre de 2020 se llev\u00f3 a cabo la entrega de materiales did\u00e1cticos a escuelas rurales en el noreste de departamento de Chalatenango. Los materiales incluyen libros, juegos y mobiliario, los cuales ser\u00e1n utilizados en la implementaci\u00f3n de los rincones de aprendizaje.<\/p>\n<p style=\"text-align: justify;\">Para este proyecto la UCA, a trav\u00e9s del Departamento de Ciencias de la Educaci\u00f3n, trabaja con docentes de parvularia, 1\u00ba a 6\u00ba grado, de \u00a0escuelas rurales con modalidad de atenci\u00f3n multigrado, de 3 Sistemas Integrados. \u00a0El proyecto procurar\u00e1 crear un modelo de atenci\u00f3n pertinente del \u00e1rea rural, con modalidad multigrado, que finalmente proporcione una educaci\u00f3n de calidad de los ni\u00f1os y ni\u00f1as de la zona.<\/p>\n<p style=\"text-align: justify;\">Desde la Direcci\u00f3n de Relaciones Internacionales y Cooperaci\u00f3n se realiza el monitoreo semestral de los indicadores del proyecto, con el fin de registrar el proceso de avance en el logro de los resultados del proyecto.<\/p>\n","protected":false},"excerpt":{"rendered":"<p>En el marco del proyecto \u201cEducaci\u00f3n inclusiva y de calidad para escuelas rurales de Chalatenango\u201d financiado por la Fundaci\u00f3n Infantil Pestalozzi, el pasado noviembre y diciembre de 2020 se llev\u00f3 a cabo la entrega de materiales did\u00e1cticos a escuelas rurales en el noreste de departamento de Chalatenango. Los materiales incluyen libros, juegos y mobiliario, los [&hellip;]<\/p>\n","protected":false},"author":8,"featured_media":0,"parent":0,"menu_order":0,"comment_status":"open","ping_status":"open","template":"","meta":[],"_links":{"self":[{"href":"https:\/\/www.uca.edu.sv\/dric\/wp-json\/wp\/v2\/pages\/1655"}],"collection":[{"href":"https:\/\/www.uca.edu.sv\/dric\/wp-json\/wp\/v2\/pages"}],"about":[{"href":"https:\/\/www.uca.edu.sv\/dric\/wp-json\/wp\/v2\/types\/page"}],"author":[{"embeddable":true,"href":"https:\/\/www.uca.edu.sv\/dric\/wp-json\/wp\/v2\/users\/8"}],"replies":[{"embeddable":true,"href":"https:\/\/www.uca.edu.sv\/dric\/wp-json\/wp\/v2\/comments?post=1655"}],"version-history":[{"count":2,"href":"https:\/\/www.uca.edu.sv\/dric\/wp-json\/wp\/v2\/pages\/1655\/revisions"}],"predecessor-version":[{"id":1658,"href":"https:\/\/www.uca.edu.sv\/dric\/wp-json\/wp\/v2\/pages\/1655\/revisions\/1658"}],"wp:attachment":[{"href":"https:\/\/www.uca.edu.sv\/dric\/wp-json\/wp\/v2\/media?parent=1655"}],"curies":[{"name":"wp","href":"https:\/\/api.w.org\/{rel}","templated":true}]}}