{"id":1580,"date":"2021-01-14T15:39:59","date_gmt":"2021-01-14T15:39:59","guid":{"rendered":"https:\/\/www.uca.edu.sv\/dric\/?page_id=1580"},"modified":"2021-01-27T21:13:51","modified_gmt":"2021-01-27T21:13:51","slug":"noticia-1","status":"publish","type":"page","link":"https:\/\/www.uca.edu.sv\/dric\/noticia-1\/","title":{"rendered":""},"content":{"rendered":"<p><a href=\"https:\/\/www.uca.edu.sv\/dric\/wp-content\/uploads\/2021\/01\/Gaceta-Internacional-Edici\u00f3n-2.png\"><img decoding=\"async\" loading=\"lazy\" class=\"alignnone  wp-image-1632\" src=\"https:\/\/www.uca.edu.sv\/dric\/wp-content\/uploads\/2021\/01\/Gaceta-Internacional-Edici\u00f3n-2.png\" alt=\"Gaceta Internacional Edici\u00f3n 2\" width=\"970\" height=\"467\" srcset=\"https:\/\/www.uca.edu.sv\/dric\/wp-content\/uploads\/2021\/01\/Gaceta-Internacional-Edici\u00f3n-2.png 1350w, https:\/\/www.uca.edu.sv\/dric\/wp-content\/uploads\/2021\/01\/Gaceta-Internacional-Edici\u00f3n-2-125x60.png 125w, https:\/\/www.uca.edu.sv\/dric\/wp-content\/uploads\/2021\/01\/Gaceta-Internacional-Edici\u00f3n-2-500x241.png 500w, https:\/\/www.uca.edu.sv\/dric\/wp-content\/uploads\/2021\/01\/Gaceta-Internacional-Edici\u00f3n-2-800x385.png 800w\" sizes=\"(max-width: 970px) 100vw, 970px\" \/><\/a><\/p>\n<p style=\"text-align: justify;\">La UCA\u00a0ha\u00a0renovado convenios con la\u00a0Universidad de Mendel en Brno (Rep\u00fablica Checa),\u00a0Universidad de Granada (Espa\u00f1a) y\u00a0Universidad de Vigo (Espa\u00f1a), lo que abre oportunidades para realizar conjuntamente actividades de investigaci\u00f3n, intercambio de materiales cient\u00edficos, publicaciones,\u00a0movilidades internacionales de estudiantes y staff\u00a0en diferentes\u00a0campos de estudio.\u00a0<\/p>\n<ul>\n<li style=\"text-align: justify;\"><strong>Memor\u00e1ndum de Entendimiento con la Universidad de Mendel en Brno (Rep\u00fablica Checa)<\/strong><\/li>\n<\/ul>\n<p style=\"text-align: justify;\">Es una instituci\u00f3n p\u00fablica con una larga tradici\u00f3n de excelencia en la ense\u00f1anza y la investigaci\u00f3n, su sede se encuentra en Brno, la segunda ciudad m\u00e1s grande de la Rep\u00fablica Checa. Posee cinco facultades 1. Facultad de Ciencias Agrarias; 2. Facultad de Tecnolog\u00eda Forestal y de la Madera; 3. Facultad de Econom\u00eda y Negocios; 4. Facultad de Horticultura; 5. Facultad de Desarrollo Regional y Estudios Internacionales. Sus programas de estudio son ofrecidos en ingl\u00e9s y el Memor\u00e1ndum firmado con la UCA contempla la cooperaci\u00f3n en actividades de investigaci\u00f3n, intercambio de staff y de estudiantes, intercambio de materiales cient\u00edficos, publicaciones e informaci\u00f3n, entre otras.<\/p>\n<ul>\n<li style=\"text-align: justify;\"><strong>Acuerdos interinstitucionales de Entendimiento ERASMUS +: Se renov\u00f3 acuerdo con la Universidad de Granada y con la Universidad de Vigo (Ambas en Espa\u00f1a)<\/strong><\/li>\n<\/ul>\n<p style=\"text-align: justify;\"><span style=\"text-decoration: underline;\">Universidad de Granada:<\/span> est\u00e1 ubicada entre las 300 mejores universidades del mundo seg\u00fan el Shanghai Academic Ranking of World Universities y ofrece m\u00e1s de 100 m\u00e1steres oficiales, dentro de los que se encuentran 8 programas de doble t\u00edtulo internacional, 28 programas de doctorado y una variedad de cursos de formaci\u00f3n continua y cursos virtuales.<\/p>\n<p style=\"text-align: justify;\"><span style=\"text-decoration: underline;\">Universidad de Vigo:<\/span> cuenta con tres campus especializados en los que se ofertan 21 grados y m\u00e1steres oficiales y 39 programas de doctorado. Asimismo posee cuatro titulaciones con convenio de reconocimiento mutuo de cr\u00e9ditos con universidades extranjeras y cuentan con una variedad en programas, eventos y talleres.<\/p>\n<p style=\"text-align: justify;\">Ambos acuerdos posibilitan movilidad de estudiantes y personal de la UCA en distintos campos de estudio, e incluye los gastos de viaje, manutenci\u00f3n y acompa\u00f1amiento permanente para el mejor aprovechamiento de la oportunidad.<\/p>\n","protected":false},"excerpt":{"rendered":"<p>La UCA\u00a0ha\u00a0renovado convenios con la\u00a0Universidad de Mendel en Brno (Rep\u00fablica Checa),\u00a0Universidad de Granada (Espa\u00f1a) y\u00a0Universidad de Vigo (Espa\u00f1a), lo que abre oportunidades para realizar conjuntamente actividades de investigaci\u00f3n, intercambio de materiales cient\u00edficos, publicaciones,\u00a0movilidades internacionales de estudiantes y staff\u00a0en diferentes\u00a0campos de estudio.\u00a0 Memor\u00e1ndum de Entendimiento con la Universidad de Mendel en Brno (Rep\u00fablica Checa) Es una [&hellip;]<\/p>\n","protected":false},"author":1,"featured_media":0,"parent":0,"menu_order":0,"comment_status":"open","ping_status":"open","template":"","meta":[],"_links":{"self":[{"href":"https:\/\/www.uca.edu.sv\/dric\/wp-json\/wp\/v2\/pages\/1580"}],"collection":[{"href":"https:\/\/www.uca.edu.sv\/dric\/wp-json\/wp\/v2\/pages"}],"about":[{"href":"https:\/\/www.uca.edu.sv\/dric\/wp-json\/wp\/v2\/types\/page"}],"author":[{"embeddable":true,"href":"https:\/\/www.uca.edu.sv\/dric\/wp-json\/wp\/v2\/users\/1"}],"replies":[{"embeddable":true,"href":"https:\/\/www.uca.edu.sv\/dric\/wp-json\/wp\/v2\/comments?post=1580"}],"version-history":[{"count":17,"href":"https:\/\/www.uca.edu.sv\/dric\/wp-json\/wp\/v2\/pages\/1580\/revisions"}],"predecessor-version":[{"id":1678,"href":"https:\/\/www.uca.edu.sv\/dric\/wp-json\/wp\/v2\/pages\/1580\/revisions\/1678"}],"wp:attachment":[{"href":"https:\/\/www.uca.edu.sv\/dric\/wp-json\/wp\/v2\/media?parent=1580"}],"curies":[{"name":"wp","href":"https:\/\/api.w.org\/{rel}","templated":true}]}}